{"id":177,"date":"2023-08-15T16:37:00","date_gmt":"2023-08-15T14:37:00","guid":{"rendered":"http:\/\/ekonomibolaget.se\/wprs\/en\/?page_id=177"},"modified":"2023-08-15T16:39:44","modified_gmt":"2023-08-15T14:39:44","slug":"types-of-companies","status":"publish","type":"page","link":"https:\/\/ekonomibolaget.se\/wprs\/en\/types-of-companies\/","title":{"rendered":"Types of companies"},"content":{"rendered":"\n<p>We&#8217;re familiar with most types of associations \/ companies in Sweden. The most common forms are listed here:<\/p>\n\n\n\n<ul><li><a href=\"https:\/\/ekonomibolaget.se\/wprs\/en\/types-of-companies\/limited-share-company\/\" data-type=\"page\" data-id=\"5\">Limited share company<\/a> (aktiebolag)<\/li><li>Partnership (handelsbolag)<\/li><li>Sole trader (enskild firma)<\/li><li>Limited partnership (kommanditbolag)<\/li><li>Economic association (ekonomisk f\u00f6rening)<\/li><li>Non-profit association (ideell f\u00f6rening)<\/li><li>Housing cooperative (bostadsr\u00e4ttsf\u00f6rening)<\/li><li>Property society (samf\u00e4llighetsf\u00f6rening)<\/li><li>Branch (filial)<\/li><li>Foreign registered entity (utl\u00e4ndsk juridisk person).<\/li><\/ul>\n\n\n\n<p><\/p>\n","protected":false},"excerpt":{"rendered":"<p>We&#8217;re familiar with most types of associations \/ companies in Sweden. The most common forms are listed here: Limited share company (aktiebolag) Partnership (handelsbolag) Sole trader (enskild firma) Limited partnership (kommanditbolag) Economic association (ekonomisk f\u00f6rening) Non-profit association (ideell f\u00f6rening) Housing cooperative (bostadsr\u00e4ttsf\u00f6rening) Property society (samf\u00e4llighetsf\u00f6rening) Branch (filial) Foreign registered entity (utl\u00e4ndsk juridisk person).<\/p>\n","protected":false},"author":1,"featured_media":0,"parent":0,"menu_order":0,"comment_status":"closed","ping_status":"closed","template":"","meta":[],"_links":{"self":[{"href":"https:\/\/ekonomibolaget.se\/wprs\/en\/wp-json\/wp\/v2\/pages\/177"}],"collection":[{"href":"https:\/\/ekonomibolaget.se\/wprs\/en\/wp-json\/wp\/v2\/pages"}],"about":[{"href":"https:\/\/ekonomibolaget.se\/wprs\/en\/wp-json\/wp\/v2\/types\/page"}],"author":[{"embeddable":true,"href":"https:\/\/ekonomibolaget.se\/wprs\/en\/wp-json\/wp\/v2\/users\/1"}],"replies":[{"embeddable":true,"href":"https:\/\/ekonomibolaget.se\/wprs\/en\/wp-json\/wp\/v2\/comments?post=177"}],"version-history":[{"count":3,"href":"https:\/\/ekonomibolaget.se\/wprs\/en\/wp-json\/wp\/v2\/pages\/177\/revisions"}],"predecessor-version":[{"id":181,"href":"https:\/\/ekonomibolaget.se\/wprs\/en\/wp-json\/wp\/v2\/pages\/177\/revisions\/181"}],"wp:attachment":[{"href":"https:\/\/ekonomibolaget.se\/wprs\/en\/wp-json\/wp\/v2\/media?parent=177"}],"curies":[{"name":"wp","href":"https:\/\/api.w.org\/{rel}","templated":true}]}}