{"id":18,"date":"2018-08-30T15:23:57","date_gmt":"2018-08-30T13:23:57","guid":{"rendered":"http:\/\/ekonomibolaget.se\/wprs\/en\/?page_id=18"},"modified":"2025-05-19T11:01:23","modified_gmt":"2025-05-19T09:01:23","slug":"contact-us","status":"publish","type":"page","link":"https:\/\/ekonomibolaget.se\/wprs\/en\/contact-us\/","title":{"rendered":"Contact us"},"content":{"rendered":"<p>You can contact us by e-mail, phone or by visiting our office. If you haven&#8217;t got our e-mail address, please use our contact form below and we&#8217;ll get back to you as soon as possible.<\/p>\n<h5>Office address<\/h5>\n<p>Ekonomibolaget Notima AB<br \/>\nL\u00e4rjungev\u00e4gen 6<br \/>\n136 69 Vendels\u00f6<\/p>\n<h5>Phone<\/h5>\n<p>+46 (0)8 &#8211; 7763130<\/p>\n<h5>Office hours<\/h5>\n<p>Mon &#8211; Fri: 8:30 &#8211; 15:00<\/p>\n<h5>Contact form<\/h5>\n<div role=\"form\" class=\"wpcf7\" id=\"wpcf7-f22-o1\" lang=\"en-US\" dir=\"ltr\">\n<div class=\"screen-reader-response\"><p role=\"status\" aria-live=\"polite\" aria-atomic=\"true\"><\/p> <ul><\/ul><\/div>\n<form action=\"\/wprs\/en\/wp-json\/wp\/v2\/pages\/18#wpcf7-f22-o1\" method=\"post\" class=\"wpcf7-form init\" novalidate=\"novalidate\" data-status=\"init\">\n<div style=\"display: none;\">\n<input type=\"hidden\" name=\"_wpcf7\" value=\"22\" \/>\n<input type=\"hidden\" name=\"_wpcf7_version\" value=\"5.4\" \/>\n<input type=\"hidden\" name=\"_wpcf7_locale\" value=\"en_US\" \/>\n<input type=\"hidden\" name=\"_wpcf7_unit_tag\" value=\"wpcf7-f22-o1\" \/>\n<input type=\"hidden\" name=\"_wpcf7_container_post\" value=\"0\" \/>\n<input type=\"hidden\" name=\"_wpcf7_posted_data_hash\" value=\"\" \/>\n<input type=\"hidden\" name=\"_wpcf7_recaptcha_response\" value=\"\" \/>\n<\/div>\n<p><label> Your Name (required)<br \/>\n    <span class=\"wpcf7-form-control-wrap your-name\"><input type=\"text\" name=\"your-name\" value=\"\" size=\"40\" class=\"wpcf7-form-control wpcf7-text wpcf7-validates-as-required\" aria-required=\"true\" aria-invalid=\"false\" \/><\/span> <\/label><\/p>\n<p><label> Your Email (required)<br \/>\n    <span class=\"wpcf7-form-control-wrap your-email\"><input type=\"email\" name=\"your-email\" value=\"\" size=\"40\" class=\"wpcf7-form-control wpcf7-text wpcf7-email wpcf7-validates-as-required wpcf7-validates-as-email\" aria-required=\"true\" aria-invalid=\"false\" \/><\/span> <\/label><\/p>\n<p><label> Subject<br \/>\n    <span class=\"wpcf7-form-control-wrap your-subject\"><input type=\"text\" name=\"your-subject\" value=\"\" size=\"40\" class=\"wpcf7-form-control wpcf7-text\" aria-invalid=\"false\" \/><\/span> <\/label><\/p>\n<p><label> Your Message<br \/>\n    <span class=\"wpcf7-form-control-wrap your-message\"><textarea name=\"your-message\" cols=\"40\" rows=\"10\" class=\"wpcf7-form-control wpcf7-textarea\" aria-invalid=\"false\"><\/textarea><\/span> <\/label><\/p>\n\n<p><input type=\"submit\" value=\"Send\" class=\"wpcf7-form-control wpcf7-submit\" \/><\/p>\n<div class=\"wpcf7-response-output\" aria-hidden=\"true\"><\/div><\/form><\/div>\n","protected":false},"excerpt":{"rendered":"<p>You can contact us by e-mail, phone or by visiting our office. If you haven&#8217;t got our e-mail address, please use our contact form below and we&#8217;ll get back to you as soon as possible. Office address Ekonomibolaget Notima AB L\u00e4rjungev\u00e4gen 6 136 69 Vendels\u00f6 Phone +46 (0)8 &#8211; 7763130 Office hours Mon &#8211; Fri: &hellip; <a href=\"https:\/\/ekonomibolaget.se\/wprs\/en\/contact-us\/\" class=\"more-link\">Continue reading<span class=\"screen-reader-text\"> &#8220;Contact us&#8221;<\/span><\/a><\/p>\n","protected":false},"author":1,"featured_media":0,"parent":0,"menu_order":0,"comment_status":"closed","ping_status":"closed","template":"","meta":[],"_links":{"self":[{"href":"https:\/\/ekonomibolaget.se\/wprs\/en\/wp-json\/wp\/v2\/pages\/18"}],"collection":[{"href":"https:\/\/ekonomibolaget.se\/wprs\/en\/wp-json\/wp\/v2\/pages"}],"about":[{"href":"https:\/\/ekonomibolaget.se\/wprs\/en\/wp-json\/wp\/v2\/types\/page"}],"author":[{"embeddable":true,"href":"https:\/\/ekonomibolaget.se\/wprs\/en\/wp-json\/wp\/v2\/users\/1"}],"replies":[{"embeddable":true,"href":"https:\/\/ekonomibolaget.se\/wprs\/en\/wp-json\/wp\/v2\/comments?post=18"}],"version-history":[{"count":16,"href":"https:\/\/ekonomibolaget.se\/wprs\/en\/wp-json\/wp\/v2\/pages\/18\/revisions"}],"predecessor-version":[{"id":195,"href":"https:\/\/ekonomibolaget.se\/wprs\/en\/wp-json\/wp\/v2\/pages\/18\/revisions\/195"}],"wp:attachment":[{"href":"https:\/\/ekonomibolaget.se\/wprs\/en\/wp-json\/wp\/v2\/media?parent=18"}],"curies":[{"name":"wp","href":"https:\/\/api.w.org\/{rel}","templated":true}]}}