{"id":10,"date":"2017-12-25T15:30:21","date_gmt":"2017-12-25T14:30:21","guid":{"rendered":"http:\/\/new.notima.se\/wprs\/?page_id=10"},"modified":"2024-09-06T15:24:45","modified_gmt":"2024-09-06T13:24:45","slug":"startsida","status":"publish","type":"page","link":"https:\/\/ekonomibolaget.se\/wprs\/","title":{"rendered":"Ekonomibolaget Notima"},"content":{"rendered":"\n<h5><\/h5>\n\n\n\n<div class=\"wp-block-columns\">\n<div class=\"wp-block-column\" style=\"flex-basis:60%\">\n<p>Vi \u00e4r en helt\u00e4ckande redovisningsbyr\u00e5 som tillhandah\u00e5ller ekonomitj\u00e4nster f\u00f6r mindre och mellanstora f\u00f6retag\/f\u00f6reningar.<br>Vi str\u00e4var efter att p\u00e5 ett modernt och effektivt s\u00e4tt l\u00f6sa v\u00e5ra uppgifter. Bl a str\u00e4var vi efter s\u00e5 mycket digital hantering som m\u00f6jligt.<\/p>\n<\/div>\n\n\n\n<div class=\"wp-block-column\" style=\"flex-basis:20%\">\n<figure class=\"wp-block-image size-large is-resized\"><img loading=\"lazy\" src=\"https:\/\/ekonomibolaget.se\/wprs\/wp-content\/uploads\/2018\/04\/Graph_7834779_800px.jpg\" alt=\"Graf upp\u00e5t\" class=\"wp-image-157\" width=\"200\" height=\"150\" srcset=\"https:\/\/ekonomibolaget.se\/wprs\/wp-content\/uploads\/2018\/04\/Graph_7834779_800px.jpg 800w, https:\/\/ekonomibolaget.se\/wprs\/wp-content\/uploads\/2018\/04\/Graph_7834779_800px-300x225.jpg 300w, https:\/\/ekonomibolaget.se\/wprs\/wp-content\/uploads\/2018\/04\/Graph_7834779_800px-768x576.jpg 768w\" sizes=\"(max-width: 200px) 85vw, 200px\" \/><\/figure>\n<\/div>\n<\/div>\n\n\n\n<h4>N\u00e4r skall man anlita en redovisningsbyr\u00e5?<\/h4>\n\n\n\n<p>Om din tid \u00e4r viktig och din aff\u00e4rsid\u00e9 och ditt intresse g\u00e5r ut p\u00e5 annat \u00e4n att administrera ekonomin i ditt f\u00f6retag skall du anlita en byr\u00e5. Vi anser att det smidigaste \u00e4r att ta kontakt med en byr\u00e5 direkt du skall starta ditt f\u00f6retag. Genom att involvera byr\u00e5 direkt undviker man m\u00e5nga problem som kan uppst\u00e5 i t ex rapporteringen mot skatteverket.<\/p>\n\n\n\n<h4>Varf\u00f6r skall man anlita en redovisningsbyr\u00e5?<\/h4>\n\n\n\n<p>En byr\u00e5 jobbar hela tiden med ekonomi. En byr\u00e5 har ett flertal klienter och kan d\u00e4rmed h\u00e5lla koll p\u00e5 de flesta ekonomifr\u00e5gor l\u00f6pande. Byr\u00e5n kan ge dig r\u00e5d eftersom de har erfarenhet av fler f\u00f6retag \u00e4n bara ditt. Byr\u00e5ns intresse \u00e4r att vara insatt i redovisning, skatter och alla fr\u00e5gor som h\u00f6r till det. Byr\u00e5n hj\u00e4lper dig att organisera din administration.<\/p>\n\n\n\n<p>Om du skall sk\u00f6ta ditt f\u00f6retag och samtidigt h\u00e5lla koll p\u00e5 allt inom redovisningsomr\u00e5det kommer du att f\u00e5 v\u00e4ldigt mycket att g\u00f6ra. Om du k\u00e4nner att du tj\u00e4nar mer pengar p\u00e5 den tid du l\u00e4gger ned p\u00e5 det du \u00e4r bra p\u00e5 \u00e4n vad det kostar i tid och energi att g\u00f6ra all redovisning sj\u00e4lv, kommer du att k\u00e4nna en l\u00e4ttnad att \u00f6verl\u00e4mna redovisningen till en byr\u00e5.<\/p>\n\n\n\n<h4>Kom ig\u00e5ng<\/h4>\n\n\n\n<p>L\u00e4s mer <a href=\"http:\/\/ekonomibolaget.se\/wprs\/kontakta-oss\/lamna-material\/\">h\u00e4r<\/a> om hur du kommer ig\u00e5ng med att anlita oss f\u00f6r era <a href=\"http:\/\/ekonomibolaget.se\/wprs\/services\/lopande-redovisning\/\">redovisningsbehov<\/a>.<\/p>\n\n\n\n<p><\/p>\n","protected":false},"excerpt":{"rendered":"<p>Vi \u00e4r en helt\u00e4ckande redovisningsbyr\u00e5 som tillhandah\u00e5ller ekonomitj\u00e4nster f\u00f6r mindre och mellanstora f\u00f6retag\/f\u00f6reningar.Vi str\u00e4var efter att p\u00e5 ett modernt och effektivt s\u00e4tt l\u00f6sa v\u00e5ra uppgifter. Bl a str\u00e4var vi efter s\u00e5 mycket digital hantering som m\u00f6jligt. N\u00e4r skall man anlita en redovisningsbyr\u00e5? Om din tid \u00e4r viktig och din aff\u00e4rsid\u00e9 och ditt intresse g\u00e5r ut &hellip; <a href=\"https:\/\/ekonomibolaget.se\/wprs\/\" class=\"more-link\">Forts\u00e4tt l\u00e4sa<span class=\"screen-reader-text\"> &#8221;Ekonomibolaget Notima&#8221;<\/span><\/a><\/p>\n","protected":false},"author":1,"featured_media":0,"parent":0,"menu_order":0,"comment_status":"closed","ping_status":"closed","template":"","meta":[],"_links":{"self":[{"href":"https:\/\/ekonomibolaget.se\/wprs\/wp-json\/wp\/v2\/pages\/10"}],"collection":[{"href":"https:\/\/ekonomibolaget.se\/wprs\/wp-json\/wp\/v2\/pages"}],"about":[{"href":"https:\/\/ekonomibolaget.se\/wprs\/wp-json\/wp\/v2\/types\/page"}],"author":[{"embeddable":true,"href":"https:\/\/ekonomibolaget.se\/wprs\/wp-json\/wp\/v2\/users\/1"}],"replies":[{"embeddable":true,"href":"https:\/\/ekonomibolaget.se\/wprs\/wp-json\/wp\/v2\/comments?post=10"}],"version-history":[{"count":22,"href":"https:\/\/ekonomibolaget.se\/wprs\/wp-json\/wp\/v2\/pages\/10\/revisions"}],"predecessor-version":[{"id":848,"href":"https:\/\/ekonomibolaget.se\/wprs\/wp-json\/wp\/v2\/pages\/10\/revisions\/848"}],"wp:attachment":[{"href":"https:\/\/ekonomibolaget.se\/wprs\/wp-json\/wp\/v2\/media?parent=10"}],"curies":[{"name":"wp","href":"https:\/\/api.w.org\/{rel}","templated":true}]}}