{"id":104,"date":"2018-01-27T19:20:19","date_gmt":"2018-01-27T18:20:19","guid":{"rendered":"http:\/\/new.notima.se\/wprs\/?page_id=104"},"modified":"2023-09-26T15:33:17","modified_gmt":"2023-09-26T13:33:17","slug":"bostadsrattsforening","status":"publish","type":"page","link":"https:\/\/ekonomibolaget.se\/wprs\/om-oss\/associationsformer\/bostadsrattsforening\/","title":{"rendered":"Bostadsr\u00e4ttsf\u00f6rening"},"content":{"rendered":"\n<p>Vi utf\u00f6r ekonomisk f\u00f6rvaltning f\u00f6r bostadsr\u00e4ttsf\u00f6reningar.<\/p>\n\n\n\n<p>I detta ing\u00e5r \u00e4ven<\/p>\n\n\n\n<ul><li>\u00d6verl\u00e5telsehantering inkl kontrolluppgifter (KU 55)<\/li><li>Panthantering<\/li><li>L\u00e4genhetsregister<\/li><li>Parkeringshantering<\/li><li>Individuell m\u00e4tning och debitering (IMD)<\/li><\/ul>\n\n\n\n<h2>Prisbild ekonomisk f\u00f6rvaltning<\/h2>\n\n\n\n<p>Vi kan sk\u00f6ta f\u00f6rvaltningen \u00e4ven i de minsta f\u00f6reningarna (minsta m\u00f6jliga \u00e4r 3 medlemmar).<\/p>\n\n\n\n<p>F\u00f6rvaltningskostnaden per andel blir relativt stor i en liten f\u00f6rening eftersom de arbetsuppgifter som beh\u00f6ver utf\u00f6ras \u00e4r samma som i en stor, den enda skillnaden \u00e4r f\u00e4rre medlemmar.<\/p>\n\n\n\n<p>Om vi enbart bokf\u00f6r utifr\u00e5n det vi kallar f\u00f6r &#8221;\u00e5rsmaterial&#8221; och d\u00e4refter uppr\u00e4ttar en \u00e5rsredovisning inkl tillh\u00f6rande inkomstdeklaration \u00e4r kostnaden f\u00f6r den minsta Brf:en ca 12 000 kr ink moms (sept 2023). Om vi i en liknande f\u00f6rening \u00e4ven sk\u00f6ter l\u00f6pande, dvs betalningar, styrelse- och boendekontakter blir prislappen h\u00f6gre, dvs vi hamnar i det h\u00f6gre spannet.<\/p>\n\n\n\n<p>Nedan tabell ger en indikation p\u00e5 v\u00e5ra priser baserat p\u00e5 f\u00f6reningens storlek. Priserna \u00e4r ber\u00e4knade fr\u00e5n verkliga f\u00f6rh\u00e5llanden. Vid s.k. IMD bygger prisbilden p\u00e5 att insamling sker med automatik och tillhandah\u00e5lls oss i ett strukturerat dataformat.<\/p>\n\n\n\n<figure class=\"wp-block-table\"><table><tbody><tr><td>Andelar<\/td><td>Ca pris inkl moms \/ \u00e5r<\/td><td>Ca pris\/andel\/\u00e5r<\/td><\/tr><tr><td>3 &#8211; 5<\/td><td>12 &#8211; 30 kkr \/ \u00e5r<\/td><td>4 &#8211; 7 kkr<\/td><\/tr><tr><td>6 &#8211; 15<\/td><td>20 &#8211; 50 kkr \/ \u00e5r<\/td><td>3 &#8211; 5 kkr<\/td><\/tr><tr><td>16 &#8211; 30<\/td><td>45 &#8211; 90 kkr \/ \u00e5r <\/td><td>2 &#8211; 4 kkr<\/td><\/tr><tr><td>30 &#8211; 250<\/td><td>60 &#8211; 120 kkr \/ \u00e5r<\/td><td>0,5 kkr &#8211; 2 kkr<\/td><\/tr><\/tbody><\/table><figcaption>Indikativa priser h\u00f6sten 2023<\/figcaption><\/figure>\n\n\n\n<p><\/p>\n\n\n\n<p><a href=\"https:\/\/ekonomibolaget.se\/wprs\/kontakta-oss\/\" data-type=\"page\" data-id=\"12\">Kontakta oss<\/a> g\u00e4rna om ni \u00e4r intresserade av att vi f\u00f6rvaltar er f\u00f6rening.<\/p>\n","protected":false},"excerpt":{"rendered":"<p>Vi utf\u00f6r ekonomisk f\u00f6rvaltning f\u00f6r bostadsr\u00e4ttsf\u00f6reningar. I detta ing\u00e5r \u00e4ven \u00d6verl\u00e5telsehantering inkl kontrolluppgifter (KU 55) Panthantering L\u00e4genhetsregister Parkeringshantering Individuell m\u00e4tning och debitering (IMD) Prisbild ekonomisk f\u00f6rvaltning Vi kan sk\u00f6ta f\u00f6rvaltningen \u00e4ven i de minsta f\u00f6reningarna (minsta m\u00f6jliga \u00e4r 3 medlemmar). F\u00f6rvaltningskostnaden per andel blir relativt stor i en liten f\u00f6rening eftersom de arbetsuppgifter som beh\u00f6ver &hellip; <a href=\"https:\/\/ekonomibolaget.se\/wprs\/om-oss\/associationsformer\/bostadsrattsforening\/\" class=\"more-link\">Forts\u00e4tt l\u00e4sa<span class=\"screen-reader-text\"> &#8221;Bostadsr\u00e4ttsf\u00f6rening&#8221;<\/span><\/a><\/p>\n","protected":false},"author":1,"featured_media":0,"parent":109,"menu_order":100,"comment_status":"closed","ping_status":"closed","template":"","meta":[],"_links":{"self":[{"href":"https:\/\/ekonomibolaget.se\/wprs\/wp-json\/wp\/v2\/pages\/104"}],"collection":[{"href":"https:\/\/ekonomibolaget.se\/wprs\/wp-json\/wp\/v2\/pages"}],"about":[{"href":"https:\/\/ekonomibolaget.se\/wprs\/wp-json\/wp\/v2\/types\/page"}],"author":[{"embeddable":true,"href":"https:\/\/ekonomibolaget.se\/wprs\/wp-json\/wp\/v2\/users\/1"}],"replies":[{"embeddable":true,"href":"https:\/\/ekonomibolaget.se\/wprs\/wp-json\/wp\/v2\/comments?post=104"}],"version-history":[{"count":14,"href":"https:\/\/ekonomibolaget.se\/wprs\/wp-json\/wp\/v2\/pages\/104\/revisions"}],"predecessor-version":[{"id":777,"href":"https:\/\/ekonomibolaget.se\/wprs\/wp-json\/wp\/v2\/pages\/104\/revisions\/777"}],"up":[{"embeddable":true,"href":"https:\/\/ekonomibolaget.se\/wprs\/wp-json\/wp\/v2\/pages\/109"}],"wp:attachment":[{"href":"https:\/\/ekonomibolaget.se\/wprs\/wp-json\/wp\/v2\/media?parent=104"}],"curies":[{"name":"wp","href":"https:\/\/api.w.org\/{rel}","templated":true}]}}