{"id":109,"date":"2018-01-27T19:33:35","date_gmt":"2018-01-27T18:33:35","guid":{"rendered":"http:\/\/new.notima.se\/wprs\/?page_id=109"},"modified":"2018-03-19T21:45:28","modified_gmt":"2018-03-19T20:45:28","slug":"associationsformer","status":"publish","type":"page","link":"https:\/\/ekonomibolaget.se\/wprs\/om-oss\/associationsformer\/","title":{"rendered":"Associationsformer"},"content":{"rendered":"<p>Vi hanterar de flesta bolagsformer (associationsformer). Vi kan hj\u00e4lpa till med bildande, ombildande och avslut (likvidationer).<\/p>\n<ul>\n<li><a href=\"\/wprs\/index.php\/om-oss\/associationsformer\/aktiebolag\/\">Aktiebolag<\/a><\/li>\n<li><a href=\"\/wprs\/index.php\/om-oss\/associationsformer\/handelsbolag\/\">Handelsbolag<\/a><\/li>\n<li><a href=\"\/wprs\/index.php\/om-oss\/associationsformer\/enskild-firma\/\">Enskild firma<\/a><\/li>\n<li><a href=\"\/wprs\/index.php\/om-oss\/associationsformer\/kommanditbolag\/\">Kommanditbolag<\/a><\/li>\n<li><a href=\"\/wprs\/index.php\/om-oss\/associationsformer\/filial\/\">Filial<\/a><\/li>\n<li><a href=\"\/wprs\/index.php\/om-oss\/associationsformer\/ekonomisk-forening\/\">Ekonomisk f\u00f6rening<\/a><\/li>\n<li><a href=\"\/wprs\/index.php\/om-oss\/associationsformer\/ideell-forening\/\">Ideell f\u00f6rening<\/a><\/li>\n<li><a href=\"\/wprs\/index.php\/om-oss\/associationsformer\/bostadsrattsforening\/\">Bostadsr\u00e4ttsf\u00f6rening<\/a><\/li>\n<li><a href=\"\/wprs\/index.php\/samfallighet\/\">Samf\u00e4llighet<\/a><\/li>\n<\/ul>\n","protected":false},"excerpt":{"rendered":"<p>Vi hanterar de flesta bolagsformer (associationsformer). Vi kan hj\u00e4lpa till med bildande, ombildande och avslut (likvidationer). Aktiebolag Handelsbolag Enskild firma Kommanditbolag Filial Ekonomisk f\u00f6rening Ideell f\u00f6rening Bostadsr\u00e4ttsf\u00f6rening Samf\u00e4llighet<\/p>\n","protected":false},"author":1,"featured_media":0,"parent":11,"menu_order":0,"comment_status":"closed","ping_status":"closed","template":"","meta":[],"_links":{"self":[{"href":"https:\/\/ekonomibolaget.se\/wprs\/wp-json\/wp\/v2\/pages\/109"}],"collection":[{"href":"https:\/\/ekonomibolaget.se\/wprs\/wp-json\/wp\/v2\/pages"}],"about":[{"href":"https:\/\/ekonomibolaget.se\/wprs\/wp-json\/wp\/v2\/types\/page"}],"author":[{"embeddable":true,"href":"https:\/\/ekonomibolaget.se\/wprs\/wp-json\/wp\/v2\/users\/1"}],"replies":[{"embeddable":true,"href":"https:\/\/ekonomibolaget.se\/wprs\/wp-json\/wp\/v2\/comments?post=109"}],"version-history":[{"count":3,"href":"https:\/\/ekonomibolaget.se\/wprs\/wp-json\/wp\/v2\/pages\/109\/revisions"}],"predecessor-version":[{"id":156,"href":"https:\/\/ekonomibolaget.se\/wprs\/wp-json\/wp\/v2\/pages\/109\/revisions\/156"}],"up":[{"embeddable":true,"href":"https:\/\/ekonomibolaget.se\/wprs\/wp-json\/wp\/v2\/pages\/11"}],"wp:attachment":[{"href":"https:\/\/ekonomibolaget.se\/wprs\/wp-json\/wp\/v2\/media?parent=109"}],"curies":[{"name":"wp","href":"https:\/\/api.w.org\/{rel}","templated":true}]}}