{"id":11,"date":"2017-12-25T15:30:21","date_gmt":"2017-12-25T14:30:21","guid":{"rendered":"http:\/\/new.notima.se\/wprs\/?page_id=11"},"modified":"2017-12-25T17:52:46","modified_gmt":"2017-12-25T16:52:46","slug":"om-oss","status":"publish","type":"page","link":"https:\/\/ekonomibolaget.se\/wprs\/om-oss\/","title":{"rendered":"Om oss"},"content":{"rendered":"<p>Ekonomibolaget Notima grundades 2007. Id\u00e9n var d\u00e5 som nu att skapa ett redovisningsf\u00f6retag som ligger i framkant n\u00e4r det g\u00e4ller anv\u00e4ndandet av IT inom redovisning. Fokus \u00e4r mindre och medelstora f\u00f6retag. Sedan starten har vi ackumulerat en gedigen erfarenhet av redovisning.<\/p>\n<p>Sammanfattningsvis kan man s\u00e4ga att vi l\u00e4gger v\u00e5rt fokus p\u00e5 kompetens, kvalit\u00e9t och s\u00e5 effektivt som v\u00e5rt fokus p\u00e5 kvalit\u00e9t och kompetens till\u00e5ter oss.<\/p>\n<p>V\u00e5rt kontor ligger i en trivsam lokal i Vendels\u00f6, Haninge.<\/p>\n<p>Vi str\u00e4var efter att utveckla effektiva rutiner, god ordning och ett \u00e4ndam\u00e5lsenligt systemst\u00f6d.<\/p>\n<p>Ekonomibolaget Notima arbetar med ett flertal olika redovisnings- och aff\u00e4rssystem. Vi \u00e4r inte l\u00e5sta vid ett specifikt system (vi f\u00f6redrar dock bl a Fortnox och \u00f6ppna aff\u00e4rssystem). Vi har g\u00e4rna dialog med v\u00e5ra kunder p\u00e5 hur vi hj\u00e4lper dem i deras verksamhet p\u00e5 b\u00e4sta s\u00e4tt.<\/p>\n","protected":false},"excerpt":{"rendered":"<p>Ekonomibolaget Notima grundades 2007. Id\u00e9n var d\u00e5 som nu att skapa ett redovisningsf\u00f6retag som ligger i framkant n\u00e4r det g\u00e4ller anv\u00e4ndandet av IT inom redovisning. Fokus \u00e4r mindre och medelstora f\u00f6retag. Sedan starten har vi ackumulerat en gedigen erfarenhet av redovisning. Sammanfattningsvis kan man s\u00e4ga att vi l\u00e4gger v\u00e5rt fokus p\u00e5 kompetens, kvalit\u00e9t och s\u00e5 &hellip; <a href=\"https:\/\/ekonomibolaget.se\/wprs\/om-oss\/\" class=\"more-link\">Forts\u00e4tt l\u00e4sa<span class=\"screen-reader-text\"> &#8221;Om oss&#8221;<\/span><\/a><\/p>\n","protected":false},"author":1,"featured_media":0,"parent":0,"menu_order":0,"comment_status":"closed","ping_status":"closed","template":"","meta":[],"_links":{"self":[{"href":"https:\/\/ekonomibolaget.se\/wprs\/wp-json\/wp\/v2\/pages\/11"}],"collection":[{"href":"https:\/\/ekonomibolaget.se\/wprs\/wp-json\/wp\/v2\/pages"}],"about":[{"href":"https:\/\/ekonomibolaget.se\/wprs\/wp-json\/wp\/v2\/types\/page"}],"author":[{"embeddable":true,"href":"https:\/\/ekonomibolaget.se\/wprs\/wp-json\/wp\/v2\/users\/1"}],"replies":[{"embeddable":true,"href":"https:\/\/ekonomibolaget.se\/wprs\/wp-json\/wp\/v2\/comments?post=11"}],"version-history":[{"count":3,"href":"https:\/\/ekonomibolaget.se\/wprs\/wp-json\/wp\/v2\/pages\/11\/revisions"}],"predecessor-version":[{"id":38,"href":"https:\/\/ekonomibolaget.se\/wprs\/wp-json\/wp\/v2\/pages\/11\/revisions\/38"}],"wp:attachment":[{"href":"https:\/\/ekonomibolaget.se\/wprs\/wp-json\/wp\/v2\/media?parent=11"}],"curies":[{"name":"wp","href":"https:\/\/api.w.org\/{rel}","templated":true}]}}