{"id":112,"date":"2018-01-27T19:36:23","date_gmt":"2018-01-27T18:36:23","guid":{"rendered":"http:\/\/new.notima.se\/wprs\/?page_id=112"},"modified":"2020-08-17T17:02:55","modified_gmt":"2020-08-17T15:02:55","slug":"aktiebolag","status":"publish","type":"page","link":"https:\/\/ekonomibolaget.se\/wprs\/om-oss\/associationsformer\/aktiebolag\/","title":{"rendered":"Aktiebolag"},"content":{"rendered":"<p>Aktiebolag \u00e4r den enklaste bolagsformen i de flesta avseenden d\u00e5 det finns en klar gr\u00e4ns mellan bolaget och \u00e4gare.<\/p>\n<p>Vi rekommenderar denna bolagsform i de allra flesta fall.<\/p>\n<p>N\u00e4r man driver ett aktiebolag beh\u00f6ver man ha koll p\u00e5 bl a f\u00f6ljande begrepp<\/p>\n\n\n<ul><li>Aktiekapital<\/li><li><a href=\"http:\/\/ekonomibolaget.se\/wprs\/om-oss\/associationsformer\/aktiebolag\/eget-kapital-i-aktiebolag\/\">Eget kapital<\/a><ul><li>Aktie\u00e4gartillskott<\/li><li>Nyemission<\/li><li>Utdelning<\/li><\/ul><\/li><li>\u00c5rsredovisning<ul><li>Revision<\/li><li>\u00c5rsst\u00e4mma<\/li><\/ul><\/li><\/ul>\n\n\n\n<h2>Bilda ett aktiebolag<\/h2>\n\n\n\n<p>N\u00e5ls\u00f6gat i att bilda ett aktiebolag \u00e4r aktiekapitalet. Aktiekapitalet s\u00e4tts f\u00f6r enkelhetens skull alltid in som pengar p\u00e5 ett bankkonto. Man kan anv\u00e4nda sig av s.k. apportegendom men det kr\u00e4ver merarbete och rekommenderas d\u00e4rf\u00f6r inte i normalfallet.<\/p>\n\n\n\n<p>Bankkontot skall tillh\u00f6ra bolaget som h\u00e5ller p\u00e5 att bildas.<\/p>\n\n\n\n<p>F\u00f6r att en svensk bank skall \u00f6ppna ett konto till ett bolag som \u00e4nnu inte finns beh\u00f6ver den som bildar bolaget ha en bra relation till den banken. Banken har krav p\u00e5 sig att i detta skede s\u00e4kerst\u00e4lla att pengarna som s\u00e4tts in \u00e4r lagliga och att bolaget skall bedriva laglig verksamhet av kreditv\u00e4rdiga personer som s\u00e4kert kan identifieras och som f\u00e5r driva n\u00e4ringsverksamhet.<\/p>\n\n\n\n<p>Det ni beh\u00f6ver fr\u00e5n banken \u00e4r i princip en mailadress till en kontaktperson p\u00e5 banken som gentemot Bolagsverket kan bekr\u00e4fta att ni har satt in pengar p\u00e5 ett konto som tillh\u00f6r det blivande bolaget.<\/p>\n\n\n\n<p>N\u00e4r ni har denna mailadress till er kontaktperson kan ni b\u00f6rja att bilda bolaget p\u00e5 <a href=\"https:\/\/verksamt.se\" target=\"_blank\" rel=\"noreferrer noopener\" aria-label=\"https:\/\/verksamt.se (\u00f6ppnas i en ny flik)\">https:\/\/verksamt.se<\/a>.<\/p>\n\n\n\n<p>Om ni vill ha v\u00e5r hj\u00e4lp i att bilda bolaget, kan vi ta vid n\u00e4r ni har en bankkontakt som \u00e4r beredd att hj\u00e4lpa er med bolagets f\u00f6rsta konto.<\/p>\n\n\n\n<h4>N\u00f6dv\u00e4ndiga uppgifter<\/h4>\n\n\n\n<p>Uppgifter som \u00e4r n\u00f6dv\u00e4ndiga f\u00f6r just ert bolag \u00e4r f\u00f6ljande:<\/p>\n\n\n\n<ul><li>Bolagets firmanamn<\/li><li>Bolagets kontaktuppgifter (adress, e-post, telefon etc).<\/li><li>Bolagets verksamhetsbeskrivning<\/li><li>Bolagets s\u00e4te (dvs var bolaget anses ha sin juridiska hemvist).<\/li><li>R\u00e4kenskaps\u00e5r<\/li><li>Aktiekapital och antal aktier.<\/li><li>Namn och personnummer p\u00e5 minst en ledamot<\/li><li>Namn och personnummer p\u00e5 minst en suppleant (ifall antal ledam\u00f6ter \u00e4r mindre \u00e4r 3).<\/li><li>Minst en person av ovanst\u00e5ende m\u00e5ste vara bosatt i Sverige. Om ingen \u00e4r bosatt i Sverige m\u00e5ste en delgivningsbar person utses.<\/li><\/ul>\n\n\n\n<h4>Om bolaget har fler \u00e4n en \u00e4gare<\/h4>\n\n\n\n<p>Om bolaget har fler \u00e4n en \u00e4gare b\u00f6r ni redan i startskedet t\u00e4nka p\u00e5 hur ni hanterar arbetsf\u00f6rdelning, f\u00f6rs\u00e4ljning, eventuella konflikter och\/eller ov\u00e4ntade situationer.<\/p>\n\n\n\n<p>Ni kan bl a anv\u00e4nda er av<\/p>\n\n\n\n<ul><li>Aktie\u00e4garavtal<\/li><li>Anst\u00e4llningsavtal f\u00f6r del\u00e4gare.<\/li><li>Hembudsklausuler och liknande i bolagsordningen<\/li><li>F\u00f6rs\u00e4kringar vid ov\u00e4ntat fr\u00e5nf\u00e4lle<\/li><\/ul>\n","protected":false},"excerpt":{"rendered":"<p>Aktiebolag \u00e4r den enklaste bolagsformen i de flesta avseenden d\u00e5 det finns en klar gr\u00e4ns mellan bolaget och \u00e4gare. Vi rekommenderar denna bolagsform i de allra flesta fall. N\u00e4r man driver ett aktiebolag beh\u00f6ver man ha koll p\u00e5 bl a f\u00f6ljande begrepp Aktiekapital Eget kapital Aktie\u00e4gartillskott Nyemission Utdelning \u00c5rsredovisning Revision \u00c5rsst\u00e4mma Bilda ett aktiebolag N\u00e5ls\u00f6gat &hellip; <a href=\"https:\/\/ekonomibolaget.se\/wprs\/om-oss\/associationsformer\/aktiebolag\/\" class=\"more-link\">Forts\u00e4tt l\u00e4sa<span class=\"screen-reader-text\"> &#8221;Aktiebolag&#8221;<\/span><\/a><\/p>\n","protected":false},"author":1,"featured_media":0,"parent":109,"menu_order":0,"comment_status":"closed","ping_status":"closed","template":"","meta":[],"_links":{"self":[{"href":"https:\/\/ekonomibolaget.se\/wprs\/wp-json\/wp\/v2\/pages\/112"}],"collection":[{"href":"https:\/\/ekonomibolaget.se\/wprs\/wp-json\/wp\/v2\/pages"}],"about":[{"href":"https:\/\/ekonomibolaget.se\/wprs\/wp-json\/wp\/v2\/types\/page"}],"author":[{"embeddable":true,"href":"https:\/\/ekonomibolaget.se\/wprs\/wp-json\/wp\/v2\/users\/1"}],"replies":[{"embeddable":true,"href":"https:\/\/ekonomibolaget.se\/wprs\/wp-json\/wp\/v2\/comments?post=112"}],"version-history":[{"count":9,"href":"https:\/\/ekonomibolaget.se\/wprs\/wp-json\/wp\/v2\/pages\/112\/revisions"}],"predecessor-version":[{"id":393,"href":"https:\/\/ekonomibolaget.se\/wprs\/wp-json\/wp\/v2\/pages\/112\/revisions\/393"}],"up":[{"embeddable":true,"href":"https:\/\/ekonomibolaget.se\/wprs\/wp-json\/wp\/v2\/pages\/109"}],"wp:attachment":[{"href":"https:\/\/ekonomibolaget.se\/wprs\/wp-json\/wp\/v2\/media?parent=112"}],"curies":[{"name":"wp","href":"https:\/\/api.w.org\/{rel}","templated":true}]}}