{"id":114,"date":"2018-01-27T19:39:26","date_gmt":"2018-01-27T18:39:26","guid":{"rendered":"http:\/\/new.notima.se\/wprs\/?page_id=114"},"modified":"2023-03-31T11:41:53","modified_gmt":"2023-03-31T09:41:53","slug":"enskild-firma","status":"publish","type":"page","link":"https:\/\/ekonomibolaget.se\/wprs\/om-oss\/associationsformer\/enskild-firma\/","title":{"rendered":"Enskild firma"},"content":{"rendered":"<p>Den st\u00f6rsta f\u00f6rdelen med enskild firma \u00e4r att den \u00e4r l\u00e4tt att starta. Den kr\u00e4ver inget kapital f\u00f6r registrering.<\/p>\n<p>Enskild firma \u00e4r dock en sv\u00e5r f\u00f6retagsform d\u00e5 det inte finns en klar gr\u00e4ns mellan \u00e4garen och bolaget. Detta g\u00f6r beskattningen sv\u00e5r att f\u00f6rutse. Det \u00e4r \u00e4ven sv\u00e5rt att p\u00e5 ett enkelt s\u00e4tt att l\u00f6pande skilja mellan bolagets, skatteverkets och \u00e4garens pengar. Vinsten i bolaget anses normalt vara \u00e4garens l\u00f6n. Ofta vill man styra sin l\u00f6n med st\u00f6rre precision \u00e4n s\u00e5.<\/p>\n<p>Ovanst\u00e5ende faktorer g\u00f6r att vi inte rekommenderar enskild firma.<\/p>\n<p><a href=\"\/wprs\/index.php\/om-oss\/associationsformer\/handelsbolag\/\">Handelsbolag<\/a> och <a href=\"\/wprs\/index.php\/om-oss\/associationsformer\/kommanditbolag\/\">kommanditbolag<\/a> liknar enskild firma i beskattningsh\u00e4nseende. Att v\u00e4lja ett Handelsbolag ist\u00e4llet f\u00f6r en enskild firma ut\u00f6kar d\u00e4rf\u00f6r bara komplexiteten. Ett kommanditbolag kan vara en f\u00f6rdel f\u00f6r den som \u00e4r kommanditdel\u00e4gare och d\u00e4rmed har en begr\u00e4nsad risk.<\/p>\n<p>En enskild firma kan vara bra i ett uppstartsskede och\/eller om man har begr\u00e4nsat med vinst och man inte anv\u00e4nder den enskilda firman som ett s\u00e4tt att l\u00e5na obeskattade pengar.<\/p>\n<p>Generellt rekommenderar vi att driva verksamhet i ett <a href=\"http:\/\/ekonomibolaget.se\/wprs\/om-oss\/associationsformer\/aktiebolag\/\">aktiebolag<\/a>.<\/p>\n","protected":false},"excerpt":{"rendered":"<p>Den st\u00f6rsta f\u00f6rdelen med enskild firma \u00e4r att den \u00e4r l\u00e4tt att starta. Den kr\u00e4ver inget kapital f\u00f6r registrering. Enskild firma \u00e4r dock en sv\u00e5r f\u00f6retagsform d\u00e5 det inte finns en klar gr\u00e4ns mellan \u00e4garen och bolaget. Detta g\u00f6r beskattningen sv\u00e5r att f\u00f6rutse. Det \u00e4r \u00e4ven sv\u00e5rt att p\u00e5 ett enkelt s\u00e4tt att l\u00f6pande skilja &hellip; <a href=\"https:\/\/ekonomibolaget.se\/wprs\/om-oss\/associationsformer\/enskild-firma\/\" class=\"more-link\">Forts\u00e4tt l\u00e4sa<span class=\"screen-reader-text\"> &#8221;Enskild firma&#8221;<\/span><\/a><\/p>\n","protected":false},"author":1,"featured_media":0,"parent":109,"menu_order":0,"comment_status":"closed","ping_status":"closed","template":"","meta":[],"_links":{"self":[{"href":"https:\/\/ekonomibolaget.se\/wprs\/wp-json\/wp\/v2\/pages\/114"}],"collection":[{"href":"https:\/\/ekonomibolaget.se\/wprs\/wp-json\/wp\/v2\/pages"}],"about":[{"href":"https:\/\/ekonomibolaget.se\/wprs\/wp-json\/wp\/v2\/types\/page"}],"author":[{"embeddable":true,"href":"https:\/\/ekonomibolaget.se\/wprs\/wp-json\/wp\/v2\/users\/1"}],"replies":[{"embeddable":true,"href":"https:\/\/ekonomibolaget.se\/wprs\/wp-json\/wp\/v2\/comments?post=114"}],"version-history":[{"count":6,"href":"https:\/\/ekonomibolaget.se\/wprs\/wp-json\/wp\/v2\/pages\/114\/revisions"}],"predecessor-version":[{"id":664,"href":"https:\/\/ekonomibolaget.se\/wprs\/wp-json\/wp\/v2\/pages\/114\/revisions\/664"}],"up":[{"embeddable":true,"href":"https:\/\/ekonomibolaget.se\/wprs\/wp-json\/wp\/v2\/pages\/109"}],"wp:attachment":[{"href":"https:\/\/ekonomibolaget.se\/wprs\/wp-json\/wp\/v2\/media?parent=114"}],"curies":[{"name":"wp","href":"https:\/\/api.w.org\/{rel}","templated":true}]}}