{"id":116,"date":"2018-01-27T19:44:16","date_gmt":"2018-01-27T18:44:16","guid":{"rendered":"http:\/\/new.notima.se\/wprs\/?page_id=116"},"modified":"2018-03-19T20:14:50","modified_gmt":"2018-03-19T19:14:50","slug":"handelsbolag","status":"publish","type":"page","link":"https:\/\/ekonomibolaget.se\/wprs\/om-oss\/associationsformer\/handelsbolag\/","title":{"rendered":"Handelsbolag"},"content":{"rendered":"<p>Ett handelsbolag \u00e4r i princip en <a href=\"\/wprs\/index.php\/om-oss\/associationsformer\/enskild-firma\/\">enskild firma<\/a> med flera del\u00e4gare.<\/p>\n<p>Handelsbolaget har samma f\u00f6r- och nackdelar som den enskilda firman. Handelsbolaget har dock ett par extra nackdelar<\/p>\n<ul>\n<li>Beskattningen i handelsbolaget dras med samma problem som enskilda firman, men h\u00e4r beh\u00f6ver man h\u00e5lla koll p\u00e5 varje del\u00e4gares ins\u00e4ttningar och uttag. Varje del\u00e4gare kan dessutom deklarera respektive \u00f6ver- och underskott p\u00e5 olika s\u00e4tt. Deklarationer i handelsbolag blir notoriskt r\u00f6riga och det \u00e4r sv\u00e5rt att f\u00e5 en bra \u00f6verblick \u00f6ver del\u00e4garnas skatter.<\/li>\n<li>Alla del\u00e4gare i ett handelsbolag \u00e4r solidariskt ansvariga f\u00f6r bolaget. Det betyder att om en del\u00e4gare g\u00f6r en tabbe riskerar de \u00f6vriga i bolaget att f\u00e5 betala f\u00f6r detta med sina privata tillg\u00e5ngar.<\/li>\n<\/ul>\n<p>Vi rekommenderar <a href=\"\/wprs\/index.php\/om-oss\/associationsformer\/aktiebolag\/\">aktiebolag<\/a> framf\u00f6r handelsbolag.<\/p>\n","protected":false},"excerpt":{"rendered":"<p>Ett handelsbolag \u00e4r i princip en enskild firma med flera del\u00e4gare. Handelsbolaget har samma f\u00f6r- och nackdelar som den enskilda firman. Handelsbolaget har dock ett par extra nackdelar Beskattningen i handelsbolaget dras med samma problem som enskilda firman, men h\u00e4r beh\u00f6ver man h\u00e5lla koll p\u00e5 varje del\u00e4gares ins\u00e4ttningar och uttag. Varje del\u00e4gare kan dessutom deklarera &hellip; <a href=\"https:\/\/ekonomibolaget.se\/wprs\/om-oss\/associationsformer\/handelsbolag\/\" class=\"more-link\">Forts\u00e4tt l\u00e4sa<span class=\"screen-reader-text\"> &#8221;Handelsbolag&#8221;<\/span><\/a><\/p>\n","protected":false},"author":1,"featured_media":0,"parent":109,"menu_order":0,"comment_status":"closed","ping_status":"closed","template":"","meta":[],"_links":{"self":[{"href":"https:\/\/ekonomibolaget.se\/wprs\/wp-json\/wp\/v2\/pages\/116"}],"collection":[{"href":"https:\/\/ekonomibolaget.se\/wprs\/wp-json\/wp\/v2\/pages"}],"about":[{"href":"https:\/\/ekonomibolaget.se\/wprs\/wp-json\/wp\/v2\/types\/page"}],"author":[{"embeddable":true,"href":"https:\/\/ekonomibolaget.se\/wprs\/wp-json\/wp\/v2\/users\/1"}],"replies":[{"embeddable":true,"href":"https:\/\/ekonomibolaget.se\/wprs\/wp-json\/wp\/v2\/comments?post=116"}],"version-history":[{"count":4,"href":"https:\/\/ekonomibolaget.se\/wprs\/wp-json\/wp\/v2\/pages\/116\/revisions"}],"predecessor-version":[{"id":152,"href":"https:\/\/ekonomibolaget.se\/wprs\/wp-json\/wp\/v2\/pages\/116\/revisions\/152"}],"up":[{"embeddable":true,"href":"https:\/\/ekonomibolaget.se\/wprs\/wp-json\/wp\/v2\/pages\/109"}],"wp:attachment":[{"href":"https:\/\/ekonomibolaget.se\/wprs\/wp-json\/wp\/v2\/media?parent=116"}],"curies":[{"name":"wp","href":"https:\/\/api.w.org\/{rel}","templated":true}]}}