{"id":12,"date":"2017-12-25T15:30:22","date_gmt":"2017-12-25T14:30:22","guid":{"rendered":"http:\/\/new.notima.se\/wprs\/?page_id=12"},"modified":"2026-03-14T18:22:37","modified_gmt":"2026-03-14T17:22:37","slug":"kontakta-oss","status":"publish","type":"page","link":"https:\/\/ekonomibolaget.se\/wprs\/kontakta-oss\/","title":{"rendered":"Kontakta oss"},"content":{"rendered":"<p>Ni kan kontakta oss via bes\u00f6k, telefonsamtal eller mail. Om ni inte har v\u00e5r mailadress sedan tidigare kan ni kontakta oss via v\u00e5rt kontaktformul\u00e4r s\u00e5 h\u00f6r vi av oss till er angivna mailadress.<\/p>\n<table>\n<tbody>\n<tr>\n<td><strong>Adress:<\/strong><br \/>\nLinn\u00e9gatan 76, 2 tr<br \/>\n115 23 Stockholm<br \/>\n<strong>\u00d6ppettider:<\/strong><br \/>\nM\u00e5n &#8211; Fre: 8:30 &#8211; 15:00<\/td>\n<td><strong>Telefon:<\/strong><br \/>\n08 &#8211; 776 31 30<\/td>\n<\/tr>\n<\/tbody>\n<\/table>\n<h5>Kontakt via mail<\/h5>\n<div role=\"form\" class=\"wpcf7\" id=\"wpcf7-f79-o1\" lang=\"sv-SE\" dir=\"ltr\">\n<div class=\"screen-reader-response\"><p role=\"status\" aria-live=\"polite\" aria-atomic=\"true\"><\/p> <ul><\/ul><\/div>\n<form action=\"\/wprs\/wp-json\/wp\/v2\/pages\/12#wpcf7-f79-o1\" method=\"post\" class=\"wpcf7-form init\" novalidate=\"novalidate\" data-status=\"init\">\n<div style=\"display: none;\">\n<input type=\"hidden\" name=\"_wpcf7\" value=\"79\" \/>\n<input type=\"hidden\" name=\"_wpcf7_version\" value=\"5.4\" \/>\n<input type=\"hidden\" name=\"_wpcf7_locale\" value=\"sv_SE\" \/>\n<input type=\"hidden\" name=\"_wpcf7_unit_tag\" value=\"wpcf7-f79-o1\" \/>\n<input type=\"hidden\" name=\"_wpcf7_container_post\" value=\"0\" \/>\n<input type=\"hidden\" name=\"_wpcf7_posted_data_hash\" value=\"\" \/>\n<input type=\"hidden\" name=\"_wpcf7_recaptcha_response\" value=\"\" \/>\n<\/div>\n<p><label> Ditt namn (obligatorisk)<br \/>\n    <span class=\"wpcf7-form-control-wrap your-name\"><input type=\"text\" name=\"your-name\" value=\"\" size=\"40\" class=\"wpcf7-form-control wpcf7-text wpcf7-validates-as-required\" aria-required=\"true\" aria-invalid=\"false\" \/><\/span> <\/label><\/p>\n<p><label> Din epost (obligatorisk)<br \/>\n    <span class=\"wpcf7-form-control-wrap your-email\"><input type=\"email\" name=\"your-email\" value=\"\" size=\"40\" class=\"wpcf7-form-control wpcf7-text wpcf7-email wpcf7-validates-as-required wpcf7-validates-as-email\" aria-required=\"true\" aria-invalid=\"false\" \/><\/span> <\/label><\/p>\n<p><label> \u00c4mne<br \/>\n    <span class=\"wpcf7-form-control-wrap your-subject\"><input type=\"text\" name=\"your-subject\" value=\"\" size=\"40\" class=\"wpcf7-form-control wpcf7-text\" aria-invalid=\"false\" \/><\/span> <\/label><\/p>\n<p><label> Ditt meddelande<br \/>\n    <span class=\"wpcf7-form-control-wrap your-message\"><textarea name=\"your-message\" cols=\"40\" rows=\"10\" class=\"wpcf7-form-control wpcf7-textarea\" aria-invalid=\"false\"><\/textarea><\/span> <\/label><\/p>\n\n<p><input type=\"submit\" value=\"Skicka\" class=\"wpcf7-form-control wpcf7-submit\" \/><\/p>\n<div class=\"wpcf7-response-output\" aria-hidden=\"true\"><\/div><\/form><\/div>\n","protected":false},"excerpt":{"rendered":"<p>Ni kan kontakta oss via bes\u00f6k, telefonsamtal eller mail. Om ni inte har v\u00e5r mailadress sedan tidigare kan ni kontakta oss via v\u00e5rt kontaktformul\u00e4r s\u00e5 h\u00f6r vi av oss till er angivna mailadress. Adress: Linn\u00e9gatan 76, 2 tr 115 23 Stockholm \u00d6ppettider: M\u00e5n &#8211; Fre: 8:30 &#8211; 15:00 Telefon: 08 &#8211; 776 31 30 Kontakt &hellip; <a href=\"https:\/\/ekonomibolaget.se\/wprs\/kontakta-oss\/\" class=\"more-link\">Forts\u00e4tt l\u00e4sa<span class=\"screen-reader-text\"> &#8221;Kontakta oss&#8221;<\/span><\/a><\/p>\n","protected":false},"author":1,"featured_media":0,"parent":0,"menu_order":0,"comment_status":"closed","ping_status":"closed","template":"","meta":[],"_links":{"self":[{"href":"https:\/\/ekonomibolaget.se\/wprs\/wp-json\/wp\/v2\/pages\/12"}],"collection":[{"href":"https:\/\/ekonomibolaget.se\/wprs\/wp-json\/wp\/v2\/pages"}],"about":[{"href":"https:\/\/ekonomibolaget.se\/wprs\/wp-json\/wp\/v2\/types\/page"}],"author":[{"embeddable":true,"href":"https:\/\/ekonomibolaget.se\/wprs\/wp-json\/wp\/v2\/users\/1"}],"replies":[{"embeddable":true,"href":"https:\/\/ekonomibolaget.se\/wprs\/wp-json\/wp\/v2\/comments?post=12"}],"version-history":[{"count":27,"href":"https:\/\/ekonomibolaget.se\/wprs\/wp-json\/wp\/v2\/pages\/12\/revisions"}],"predecessor-version":[{"id":934,"href":"https:\/\/ekonomibolaget.se\/wprs\/wp-json\/wp\/v2\/pages\/12\/revisions\/934"}],"wp:attachment":[{"href":"https:\/\/ekonomibolaget.se\/wprs\/wp-json\/wp\/v2\/media?parent=12"}],"curies":[{"name":"wp","href":"https:\/\/api.w.org\/{rel}","templated":true}]}}