{"id":124,"date":"2018-01-27T19:50:41","date_gmt":"2018-01-27T18:50:41","guid":{"rendered":"http:\/\/new.notima.se\/wprs\/?page_id=124"},"modified":"2018-03-19T20:20:02","modified_gmt":"2018-03-19T19:20:02","slug":"kommanditbolag","status":"publish","type":"page","link":"https:\/\/ekonomibolaget.se\/wprs\/om-oss\/associationsformer\/kommanditbolag\/","title":{"rendered":"Kommanditbolag"},"content":{"rendered":"<p>Ett kommanditbolag \u00e4r ett <a href=\"\/wprs\/index.php\/om-oss\/associationsformer\/handelsbolag\/\">handelsbolag<\/a> men d\u00e4r en eller flera del\u00e4gare \u00e4r begr\u00e4nsat ansvariga.<\/p>\n<p>Detta betyder att vissa del\u00e4gare (kommanditdel\u00e4gare) bara riskerar ett visst f\u00f6rutbest\u00e4mt belopp medan minst en (komplement\u00e4r) \u00e4r obegr\u00e4nsat ansvarig f\u00f6r bolagets verksamhet.<\/p>\n<p>Kommanditbolag brukar i vissa fall anv\u00e4ndas som ett s\u00e4tt att ta ut \u00f6verskott av n\u00e4ringsverksamhet men utan att riskera fysiska personers ansvar f\u00f6r bolagets skulder. I s\u00e5dana fall \u00e4r ett <a href=\"\/wprs\/index.php\/om-oss\/associationsformer\/aktiebolag\/\">aktiebolag<\/a> komplement\u00e4r och en eller flera fysiska personer kommanditdel\u00e4gare.<\/p>\n","protected":false},"excerpt":{"rendered":"<p>Ett kommanditbolag \u00e4r ett handelsbolag men d\u00e4r en eller flera del\u00e4gare \u00e4r begr\u00e4nsat ansvariga. Detta betyder att vissa del\u00e4gare (kommanditdel\u00e4gare) bara riskerar ett visst f\u00f6rutbest\u00e4mt belopp medan minst en (komplement\u00e4r) \u00e4r obegr\u00e4nsat ansvarig f\u00f6r bolagets verksamhet. Kommanditbolag brukar i vissa fall anv\u00e4ndas som ett s\u00e4tt att ta ut \u00f6verskott av n\u00e4ringsverksamhet men utan att riskera &hellip; <a href=\"https:\/\/ekonomibolaget.se\/wprs\/om-oss\/associationsformer\/kommanditbolag\/\" class=\"more-link\">Forts\u00e4tt l\u00e4sa<span class=\"screen-reader-text\"> &#8221;Kommanditbolag&#8221;<\/span><\/a><\/p>\n","protected":false},"author":1,"featured_media":0,"parent":109,"menu_order":0,"comment_status":"closed","ping_status":"closed","template":"","meta":[],"_links":{"self":[{"href":"https:\/\/ekonomibolaget.se\/wprs\/wp-json\/wp\/v2\/pages\/124"}],"collection":[{"href":"https:\/\/ekonomibolaget.se\/wprs\/wp-json\/wp\/v2\/pages"}],"about":[{"href":"https:\/\/ekonomibolaget.se\/wprs\/wp-json\/wp\/v2\/types\/page"}],"author":[{"embeddable":true,"href":"https:\/\/ekonomibolaget.se\/wprs\/wp-json\/wp\/v2\/users\/1"}],"replies":[{"embeddable":true,"href":"https:\/\/ekonomibolaget.se\/wprs\/wp-json\/wp\/v2\/comments?post=124"}],"version-history":[{"count":3,"href":"https:\/\/ekonomibolaget.se\/wprs\/wp-json\/wp\/v2\/pages\/124\/revisions"}],"predecessor-version":[{"id":154,"href":"https:\/\/ekonomibolaget.se\/wprs\/wp-json\/wp\/v2\/pages\/124\/revisions\/154"}],"up":[{"embeddable":true,"href":"https:\/\/ekonomibolaget.se\/wprs\/wp-json\/wp\/v2\/pages\/109"}],"wp:attachment":[{"href":"https:\/\/ekonomibolaget.se\/wprs\/wp-json\/wp\/v2\/media?parent=124"}],"curies":[{"name":"wp","href":"https:\/\/api.w.org\/{rel}","templated":true}]}}