{"id":126,"date":"2018-01-27T19:53:06","date_gmt":"2018-01-27T18:53:06","guid":{"rendered":"http:\/\/new.notima.se\/wprs\/?page_id=126"},"modified":"2018-01-27T19:53:06","modified_gmt":"2018-01-27T18:53:06","slug":"filial","status":"publish","type":"page","link":"https:\/\/ekonomibolaget.se\/wprs\/om-oss\/associationsformer\/filial\/","title":{"rendered":"Filial"},"content":{"rendered":"<p>En filial \u00e4r ett s\u00e4tt f\u00f6r utl\u00e4ndska bolag att etablera en juridisk person i ett annat land.<\/p>\n<p>En filial \u00e4r ur det utl\u00e4ndska bolagets perspektiv en del av hela bolaget men med skillnaden att filialverksamheten beskattas p\u00e5 samma s\u00e4tt som aktiebolag i verksamhetslandet.<\/p>\n<p>Det utl\u00e4ndska bolaget ansvarar f\u00f6r filialen.<\/p>\n","protected":false},"excerpt":{"rendered":"<p>En filial \u00e4r ett s\u00e4tt f\u00f6r utl\u00e4ndska bolag att etablera en juridisk person i ett annat land. En filial \u00e4r ur det utl\u00e4ndska bolagets perspektiv en del av hela bolaget men med skillnaden att filialverksamheten beskattas p\u00e5 samma s\u00e4tt som aktiebolag i verksamhetslandet. Det utl\u00e4ndska bolaget ansvarar f\u00f6r filialen.<\/p>\n","protected":false},"author":1,"featured_media":0,"parent":109,"menu_order":0,"comment_status":"closed","ping_status":"closed","template":"","meta":[],"_links":{"self":[{"href":"https:\/\/ekonomibolaget.se\/wprs\/wp-json\/wp\/v2\/pages\/126"}],"collection":[{"href":"https:\/\/ekonomibolaget.se\/wprs\/wp-json\/wp\/v2\/pages"}],"about":[{"href":"https:\/\/ekonomibolaget.se\/wprs\/wp-json\/wp\/v2\/types\/page"}],"author":[{"embeddable":true,"href":"https:\/\/ekonomibolaget.se\/wprs\/wp-json\/wp\/v2\/users\/1"}],"replies":[{"embeddable":true,"href":"https:\/\/ekonomibolaget.se\/wprs\/wp-json\/wp\/v2\/comments?post=126"}],"version-history":[{"count":1,"href":"https:\/\/ekonomibolaget.se\/wprs\/wp-json\/wp\/v2\/pages\/126\/revisions"}],"predecessor-version":[{"id":127,"href":"https:\/\/ekonomibolaget.se\/wprs\/wp-json\/wp\/v2\/pages\/126\/revisions\/127"}],"up":[{"embeddable":true,"href":"https:\/\/ekonomibolaget.se\/wprs\/wp-json\/wp\/v2\/pages\/109"}],"wp:attachment":[{"href":"https:\/\/ekonomibolaget.se\/wprs\/wp-json\/wp\/v2\/media?parent=126"}],"curies":[{"name":"wp","href":"https:\/\/api.w.org\/{rel}","templated":true}]}}