{"id":133,"date":"2018-01-28T12:53:38","date_gmt":"2018-01-28T11:53:38","guid":{"rendered":"http:\/\/new.notima.se\/wprs\/?page_id=133"},"modified":"2018-01-28T12:53:38","modified_gmt":"2018-01-28T11:53:38","slug":"ekonomisk-forening","status":"publish","type":"page","link":"https:\/\/ekonomibolaget.se\/wprs\/om-oss\/associationsformer\/ekonomisk-forening\/","title":{"rendered":"Ekonomisk f\u00f6rening"},"content":{"rendered":"<p>En ekonomisk f\u00f6rening \u00e4r en f\u00f6rening av medlemmar vars syfte \u00e4r att gynna medlemmarna ekonomiskt, dvs f\u00f6reningen har ett vinstsyfte.<\/p>\n<p>&nbsp;<\/p>\n","protected":false},"excerpt":{"rendered":"<p>En ekonomisk f\u00f6rening \u00e4r en f\u00f6rening av medlemmar vars syfte \u00e4r att gynna medlemmarna ekonomiskt, dvs f\u00f6reningen har ett vinstsyfte. &nbsp;<\/p>\n","protected":false},"author":1,"featured_media":0,"parent":109,"menu_order":0,"comment_status":"closed","ping_status":"closed","template":"","meta":[],"_links":{"self":[{"href":"https:\/\/ekonomibolaget.se\/wprs\/wp-json\/wp\/v2\/pages\/133"}],"collection":[{"href":"https:\/\/ekonomibolaget.se\/wprs\/wp-json\/wp\/v2\/pages"}],"about":[{"href":"https:\/\/ekonomibolaget.se\/wprs\/wp-json\/wp\/v2\/types\/page"}],"author":[{"embeddable":true,"href":"https:\/\/ekonomibolaget.se\/wprs\/wp-json\/wp\/v2\/users\/1"}],"replies":[{"embeddable":true,"href":"https:\/\/ekonomibolaget.se\/wprs\/wp-json\/wp\/v2\/comments?post=133"}],"version-history":[{"count":1,"href":"https:\/\/ekonomibolaget.se\/wprs\/wp-json\/wp\/v2\/pages\/133\/revisions"}],"predecessor-version":[{"id":134,"href":"https:\/\/ekonomibolaget.se\/wprs\/wp-json\/wp\/v2\/pages\/133\/revisions\/134"}],"up":[{"embeddable":true,"href":"https:\/\/ekonomibolaget.se\/wprs\/wp-json\/wp\/v2\/pages\/109"}],"wp:attachment":[{"href":"https:\/\/ekonomibolaget.se\/wprs\/wp-json\/wp\/v2\/media?parent=133"}],"curies":[{"name":"wp","href":"https:\/\/api.w.org\/{rel}","templated":true}]}}