{"id":135,"date":"2018-01-28T12:55:49","date_gmt":"2018-01-28T11:55:49","guid":{"rendered":"http:\/\/new.notima.se\/wprs\/?page_id=135"},"modified":"2018-01-28T12:55:49","modified_gmt":"2018-01-28T11:55:49","slug":"ideell-forening","status":"publish","type":"page","link":"https:\/\/ekonomibolaget.se\/wprs\/om-oss\/associationsformer\/ideell-forening\/","title":{"rendered":"Id\u00e9ell f\u00f6rening"},"content":{"rendered":"<p>En id\u00e9ell f\u00f6rening \u00e4r en f\u00f6rening av medlemmar vars syfte \u00e4r att fr\u00e4mja ett allm\u00e4nnyttigt \u00e4ndam\u00e5l. En vanlig typ av id\u00e9ell f\u00f6rening \u00e4r en idrottsf\u00f6rening.<\/p>\n<p>En id\u00e9ell f\u00f6rening betalar ingen skatt p\u00e5 de delar av verksamheten som \u00e4r id\u00e9ella.<\/p>\n","protected":false},"excerpt":{"rendered":"<p>En id\u00e9ell f\u00f6rening \u00e4r en f\u00f6rening av medlemmar vars syfte \u00e4r att fr\u00e4mja ett allm\u00e4nnyttigt \u00e4ndam\u00e5l. En vanlig typ av id\u00e9ell f\u00f6rening \u00e4r en idrottsf\u00f6rening. En id\u00e9ell f\u00f6rening betalar ingen skatt p\u00e5 de delar av verksamheten som \u00e4r id\u00e9ella.<\/p>\n","protected":false},"author":1,"featured_media":0,"parent":109,"menu_order":0,"comment_status":"closed","ping_status":"closed","template":"","meta":[],"_links":{"self":[{"href":"https:\/\/ekonomibolaget.se\/wprs\/wp-json\/wp\/v2\/pages\/135"}],"collection":[{"href":"https:\/\/ekonomibolaget.se\/wprs\/wp-json\/wp\/v2\/pages"}],"about":[{"href":"https:\/\/ekonomibolaget.se\/wprs\/wp-json\/wp\/v2\/types\/page"}],"author":[{"embeddable":true,"href":"https:\/\/ekonomibolaget.se\/wprs\/wp-json\/wp\/v2\/users\/1"}],"replies":[{"embeddable":true,"href":"https:\/\/ekonomibolaget.se\/wprs\/wp-json\/wp\/v2\/comments?post=135"}],"version-history":[{"count":1,"href":"https:\/\/ekonomibolaget.se\/wprs\/wp-json\/wp\/v2\/pages\/135\/revisions"}],"predecessor-version":[{"id":136,"href":"https:\/\/ekonomibolaget.se\/wprs\/wp-json\/wp\/v2\/pages\/135\/revisions\/136"}],"up":[{"embeddable":true,"href":"https:\/\/ekonomibolaget.se\/wprs\/wp-json\/wp\/v2\/pages\/109"}],"wp:attachment":[{"href":"https:\/\/ekonomibolaget.se\/wprs\/wp-json\/wp\/v2\/media?parent=135"}],"curies":[{"name":"wp","href":"https:\/\/api.w.org\/{rel}","templated":true}]}}