{"id":140,"date":"2018-01-28T13:01:28","date_gmt":"2018-01-28T12:01:28","guid":{"rendered":"http:\/\/new.notima.se\/wprs\/?page_id=140"},"modified":"2023-11-15T09:31:23","modified_gmt":"2023-11-15T08:31:23","slug":"likvidation","status":"publish","type":"page","link":"https:\/\/ekonomibolaget.se\/wprs\/services\/likvidation\/","title":{"rendered":"Likvidation"},"content":{"rendered":"<p>N\u00e4r ett aktiebolag skall avslutas under kontrollerade former kallas det f\u00f6r likvidation. Detta betyder i korthet att alla skulder betalas och alla tillg\u00e5ngar realiseras, dvs omvandlas till likvida medel.<\/p>\n<p>N\u00e4r bolaget \u00e4r &#8221;nollst\u00e4llt&#8221;, dvs enbart bolagets tillg\u00e5ngar finns kvar samt att bolaget s\u00e4kerst\u00e4llt att inga ok\u00e4nda borgen\u00e4rer finns, kan bolaget avslutas (likvideras) och tillg\u00e5ngarna \u00f6verf\u00f6rs till bolagets \u00e4gare.<\/p>\n<p>Vi har av bolagsverket godk\u00e4nda likvidatorer och kan hj\u00e4lpa till med likvidation av bolag.<\/p>\n\n\n<h3>Likvidation under eget \u00e4gande<\/h3>\n\n\n\n<p>Normalt sett utf\u00f6r vi enbart likvidationer d\u00e4r nuvarande \u00e4gare kvarst\u00e5r som \u00e4gare. Ett annat alternativ \u00e4r en s.k. snabbavveckling d\u00e4r bolaget k\u00f6ps av den som skall avveckla bolaget. D\u00e4r finns det dock andra akt\u00f6rer som specialiserat sig p\u00e5 den typen av avveckling.<\/p>\n\n\n\n<p>F\u00f6rdelen med en avveckling d\u00e4r \u00e4garen kvarst\u00e5r \u00e4r att alla tillg\u00e5ngar som kvarst\u00e5r efter bolagets avveckling tillfaller \u00e4garen och beskattas som utdelning. Vid s.k. snabbavveckling uppskattas v\u00e4rdet av det som \u00e4r kvar och en uppskattad avvecklingskostnad dras av fr\u00e5n priset. En snabbavvecklare m\u00e5ste dessutom g\u00f6ra en riskbed\u00f6mning p\u00e5 eventuella risker som kan finnas i bolaget och justera priset d\u00e4refter. <\/p>\n","protected":false},"excerpt":{"rendered":"<p>N\u00e4r ett aktiebolag skall avslutas under kontrollerade former kallas det f\u00f6r likvidation. Detta betyder i korthet att alla skulder betalas och alla tillg\u00e5ngar realiseras, dvs omvandlas till likvida medel. N\u00e4r bolaget \u00e4r &#8221;nollst\u00e4llt&#8221;, dvs enbart bolagets tillg\u00e5ngar finns kvar samt att bolaget s\u00e4kerst\u00e4llt att inga ok\u00e4nda borgen\u00e4rer finns, kan bolaget avslutas (likvideras) och tillg\u00e5ngarna \u00f6verf\u00f6rs &hellip; <a href=\"https:\/\/ekonomibolaget.se\/wprs\/services\/likvidation\/\" class=\"more-link\">Forts\u00e4tt l\u00e4sa<span class=\"screen-reader-text\"> &#8221;Likvidation&#8221;<\/span><\/a><\/p>\n","protected":false},"author":1,"featured_media":0,"parent":2,"menu_order":0,"comment_status":"closed","ping_status":"closed","template":"","meta":[],"_links":{"self":[{"href":"https:\/\/ekonomibolaget.se\/wprs\/wp-json\/wp\/v2\/pages\/140"}],"collection":[{"href":"https:\/\/ekonomibolaget.se\/wprs\/wp-json\/wp\/v2\/pages"}],"about":[{"href":"https:\/\/ekonomibolaget.se\/wprs\/wp-json\/wp\/v2\/types\/page"}],"author":[{"embeddable":true,"href":"https:\/\/ekonomibolaget.se\/wprs\/wp-json\/wp\/v2\/users\/1"}],"replies":[{"embeddable":true,"href":"https:\/\/ekonomibolaget.se\/wprs\/wp-json\/wp\/v2\/comments?post=140"}],"version-history":[{"count":2,"href":"https:\/\/ekonomibolaget.se\/wprs\/wp-json\/wp\/v2\/pages\/140\/revisions"}],"predecessor-version":[{"id":784,"href":"https:\/\/ekonomibolaget.se\/wprs\/wp-json\/wp\/v2\/pages\/140\/revisions\/784"}],"up":[{"embeddable":true,"href":"https:\/\/ekonomibolaget.se\/wprs\/wp-json\/wp\/v2\/pages\/2"}],"wp:attachment":[{"href":"https:\/\/ekonomibolaget.se\/wprs\/wp-json\/wp\/v2\/media?parent=140"}],"curies":[{"name":"wp","href":"https:\/\/api.w.org\/{rel}","templated":true}]}}