{"id":165,"date":"2018-04-27T16:17:37","date_gmt":"2018-04-27T14:17:37","guid":{"rendered":"http:\/\/ekonomibolaget.se\/wprs\/?page_id=165"},"modified":"2021-10-26T11:27:50","modified_gmt":"2021-10-26T09:27:50","slug":"arbeta-hos-oss","status":"publish","type":"page","link":"https:\/\/ekonomibolaget.se\/wprs\/om-oss\/arbeta-hos-oss\/","title":{"rendered":"Arbeta hos oss"},"content":{"rendered":"<p>Just nu rekryterar vi inte aktivt. Ni \u00e4r dock vid intresse v\u00e4lkomna att h\u00f6ra av er till<\/p>\n<p><span lang=\"zxx\"><a href=\"mailto:rekrytering@notima.se\">rekrytering@notima.se<\/a><\/span><\/p>\n<h3 class=\"western\">Om Ekonomibolaget Notima AB<\/h3>\n<p>Notima \u00e4r ett litet och trivsamt bolag som arbetar med redovisning f\u00f6r mindre och medelstora f\u00f6retag. Bolaget har funnits sedan 2007 och besitter en gedigen erfarenhet av redovisning. V\u00e5rt kontor ligger i en trivsam lokal i Vendels\u00f6, Haninge.<\/p>\n<p>Vi str\u00e4var efter att utveckla effektiva rutiner, god ordning och ett \u00e4ndam\u00e5lsenligt systemst\u00f6d.<\/p>\n<p>Notima arbetar med ett flertal olika redovisnings- och aff\u00e4rssystem. Vi \u00e4r inte l\u00e5sta vid ett specifikt system (vi f\u00f6redrar dock bl a Fortnox och \u00f6ppna aff\u00e4rssystem). Vi har g\u00e4rna dialog med v\u00e5ra kunder p\u00e5 hur vi hj\u00e4lper dem i deras verksamhet p\u00e5 b\u00e4sta s\u00e4tt. Om du tycker om att f\u00e5 inblick i olika verksamheter och gillar att analysera och f\u00f6rb\u00e4ttra finns h\u00e4r stora m\u00f6jligheter att utvecklas tillsammans med v\u00e5ra kunder.<\/p>\n<p class=\"western\" style=\"margin-bottom: 0cm; line-height: 100%;\">\n","protected":false},"excerpt":{"rendered":"<p>Just nu rekryterar vi inte aktivt. Ni \u00e4r dock vid intresse v\u00e4lkomna att h\u00f6ra av er till rekrytering@notima.se Om Ekonomibolaget Notima AB Notima \u00e4r ett litet och trivsamt bolag som arbetar med redovisning f\u00f6r mindre och medelstora f\u00f6retag. Bolaget har funnits sedan 2007 och besitter en gedigen erfarenhet av redovisning. V\u00e5rt kontor ligger i en &hellip; <a href=\"https:\/\/ekonomibolaget.se\/wprs\/om-oss\/arbeta-hos-oss\/\" class=\"more-link\">Forts\u00e4tt l\u00e4sa<span class=\"screen-reader-text\"> &#8221;Arbeta hos oss&#8221;<\/span><\/a><\/p>\n","protected":false},"author":1,"featured_media":0,"parent":11,"menu_order":0,"comment_status":"closed","ping_status":"closed","template":"","meta":[],"_links":{"self":[{"href":"https:\/\/ekonomibolaget.se\/wprs\/wp-json\/wp\/v2\/pages\/165"}],"collection":[{"href":"https:\/\/ekonomibolaget.se\/wprs\/wp-json\/wp\/v2\/pages"}],"about":[{"href":"https:\/\/ekonomibolaget.se\/wprs\/wp-json\/wp\/v2\/types\/page"}],"author":[{"embeddable":true,"href":"https:\/\/ekonomibolaget.se\/wprs\/wp-json\/wp\/v2\/users\/1"}],"replies":[{"embeddable":true,"href":"https:\/\/ekonomibolaget.se\/wprs\/wp-json\/wp\/v2\/comments?post=165"}],"version-history":[{"count":7,"href":"https:\/\/ekonomibolaget.se\/wprs\/wp-json\/wp\/v2\/pages\/165\/revisions"}],"predecessor-version":[{"id":638,"href":"https:\/\/ekonomibolaget.se\/wprs\/wp-json\/wp\/v2\/pages\/165\/revisions\/638"}],"up":[{"embeddable":true,"href":"https:\/\/ekonomibolaget.se\/wprs\/wp-json\/wp\/v2\/pages\/11"}],"wp:attachment":[{"href":"https:\/\/ekonomibolaget.se\/wprs\/wp-json\/wp\/v2\/media?parent=165"}],"curies":[{"name":"wp","href":"https:\/\/api.w.org\/{rel}","templated":true}]}}