{"id":175,"date":"2018-05-09T16:42:35","date_gmt":"2018-05-09T14:42:35","guid":{"rendered":"http:\/\/ekonomibolaget.se\/wprs\/?page_id=175"},"modified":"2019-05-29T11:45:42","modified_gmt":"2019-05-29T09:45:42","slug":"bankfullmakt","status":"publish","type":"page","link":"https:\/\/ekonomibolaget.se\/wprs\/services\/redovisning\/bankfullmakt\/","title":{"rendered":"Bankfullmakt"},"content":{"rendered":"<p>Det absolut smidigaste s\u00e4ttet f\u00f6r oss att h\u00e5lla bokf\u00f6ringen uppdaterad med avseende p\u00e5 bankkontot \u00e4r att vi har en bankfullmakt.<\/p>\n<p>Bankfullmakten kan vara enbart l\u00e4sfullmakt eller med m\u00f6jlighet till att sk\u00f6ta betalningar med det attestfl\u00f6de som k\u00e4nns mest praktiskt och bekv\u00e4mt f\u00f6r er.<\/p>\n<p>Med en fullmakt kommer vi \u00e5t detaljinformation om in- och utbetalningar som m\u00e5nga g\u00e5nger inte g\u00e5r att utl\u00e4sa direkt fr\u00e5n ett kontoutdrag p\u00e5 papper.<\/p>\n<p>Bankfullmakter l\u00e4ggs numera enkelt upp med n\u00e5gra knapptryckningar hos de flesta svenska aff\u00e4rsbanker.<\/p>\n<p>Om ni inte kan hantera era fullmakter via internet trots att ni \u00e4r firmateckare s\u00e5 saknas uppl\u00e4gget av den beh\u00f6righeten hos banken. Kontakta d\u00e5 er bank f\u00f6r att l\u00f6sa detta.<\/p>\n<h3>Bankfullmakt SEB<\/h3>\n<p>Hos SEB hanteras fullmakter under Kundservice-fliken. Se nedan screenshot<\/p>\n<p><img loading=\"lazy\" class=\"size-full wp-image-177 aligncenter\" src=\"http:\/\/ekonomibolaget.se\/wprs\/wp-content\/uploads\/2018\/05\/SEB_add_auth_steg1.png\" alt=\"\" width=\"564\" height=\"542\" srcset=\"https:\/\/ekonomibolaget.se\/wprs\/wp-content\/uploads\/2018\/05\/SEB_add_auth_steg1.png 564w, https:\/\/ekonomibolaget.se\/wprs\/wp-content\/uploads\/2018\/05\/SEB_add_auth_steg1-300x288.png 300w\" sizes=\"(max-width: 564px) 85vw, 564px\" \/>N\u00e4r man \u00e4r inne under beh\u00f6righeter kan man hantera befintliga eller l\u00e4gga till en ny. Vad som f\u00e5r g\u00f6ras kan styras p\u00e5 detaljniv\u00e5.<\/p>\n<h3>Bankfullmakt Handelsbanken<\/h3>\n<p>D\u00e5 gr\u00e4nssnittet f\u00f6r fullmaktshantering inte \u00e4r sj\u00e4lvklart rekommenderar vi att ni vid os\u00e4kerhet kontaktar er bankkontakt och l\u00e5ter dem f\u00f6rbereda fullmakten som ni sedan godk\u00e4nner digitalt.<\/p>\n<p>Se \u00e4ven <a href=\"https:\/\/www.handelsbanken.se\/sv\/foretag\/digitala-tjanster\/fullmakter\" target=\"_blank\" rel=\"noopener noreferrer\">Handelsbankens egna information om fullmakter<\/a>.<\/p>\n<p>Fullmakter kan hanteras via Handelsbankens internettj\u00e4nst och hittas n\u00e4r ni \u00e4r inloggade enligt bilden nedan.<\/p>\n<p><img loading=\"lazy\" class=\"aligncenter size-full wp-image-254\" src=\"http:\/\/ekonomibolaget.se\/wprs\/wp-content\/uploads\/2018\/06\/SHB-fullmakt_1.png\" alt=\"\" width=\"882\" height=\"183\" srcset=\"https:\/\/ekonomibolaget.se\/wprs\/wp-content\/uploads\/2018\/06\/SHB-fullmakt_1.png 882w, https:\/\/ekonomibolaget.se\/wprs\/wp-content\/uploads\/2018\/06\/SHB-fullmakt_1-300x62.png 300w, https:\/\/ekonomibolaget.se\/wprs\/wp-content\/uploads\/2018\/06\/SHB-fullmakt_1-768x159.png 768w\" sizes=\"(max-width: 709px) 85vw, (max-width: 909px) 67vw, (max-width: 1362px) 62vw, 840px\" \/><\/p>\n<p>Om ni vill pr\u00f6va att l\u00e4gga upp en fullmakt \u00e4r det absolut enklaste s\u00e4ttet att kopiera en befintlig fullmakt. Detta g\u00f6rs enligt nedan<\/p>\n<p>L\u00e4gg till den fullmaktstagare som skall f\u00e5 beh\u00f6righeter.<br \/>\nRegistrera ny -&gt; Fullmaktstagare<\/p>\n<p><img loading=\"lazy\" class=\"aligncenter size-full wp-image-300\" src=\"http:\/\/ekonomibolaget.se\/wprs\/wp-content\/uploads\/2019\/02\/Register_new.png\" alt=\"\" width=\"765\" height=\"297\" srcset=\"https:\/\/ekonomibolaget.se\/wprs\/wp-content\/uploads\/2019\/02\/Register_new.png 765w, https:\/\/ekonomibolaget.se\/wprs\/wp-content\/uploads\/2019\/02\/Register_new-300x116.png 300w\" sizes=\"(max-width: 765px) 85vw, 765px\" \/><\/p>\n<p>Kundnummer \u00e4r fullmaktstagarens svenska personnummer. \u00d6vriga rutor beh\u00f6ver ej fyllas i.<\/p>\n<p><img loading=\"lazy\" class=\"aligncenter size-full wp-image-301\" src=\"http:\/\/ekonomibolaget.se\/wprs\/wp-content\/uploads\/2019\/02\/Register_new_person.png\" alt=\"\" width=\"640\" height=\"602\" srcset=\"https:\/\/ekonomibolaget.se\/wprs\/wp-content\/uploads\/2019\/02\/Register_new_person.png 640w, https:\/\/ekonomibolaget.se\/wprs\/wp-content\/uploads\/2019\/02\/Register_new_person-300x282.png 300w\" sizes=\"(max-width: 640px) 85vw, 640px\" \/><\/p>\n<p>I nedan bild syns den nya fullmaktstagaren som redo att l\u00e4ggas upp. Tryck p\u00e5 utf\u00f6r och signera.<\/p>\n<p><img loading=\"lazy\" class=\"aligncenter size-large wp-image-302\" src=\"http:\/\/ekonomibolaget.se\/wprs\/wp-content\/uploads\/2019\/02\/Register_new_person_final.png\" alt=\"\" width=\"673\" height=\"674\" srcset=\"https:\/\/ekonomibolaget.se\/wprs\/wp-content\/uploads\/2019\/02\/Register_new_person_final.png 673w, https:\/\/ekonomibolaget.se\/wprs\/wp-content\/uploads\/2019\/02\/Register_new_person_final-150x150.png 150w, https:\/\/ekonomibolaget.se\/wprs\/wp-content\/uploads\/2019\/02\/Register_new_person_final-300x300.png 300w\" sizes=\"(max-width: 673px) 85vw, 673px\" \/><\/p>\n<p>G\u00e5 till Hantera Fullmakt -&gt; Koppla samman<\/p>\n<p>V\u00e4lj den nya fullmaktstagaren i \u00f6versta listan.<\/p>\n<p>V\u00e4lj den fullmaktstagare vars beh\u00f6righeter skall kopieras i &#8221;Kopiera&#8221;-listan. V\u00e4lj inget annat och tryck p\u00e5 OK.<\/p>\n<p><img loading=\"lazy\" class=\"aligncenter size-large wp-image-303\" src=\"http:\/\/ekonomibolaget.se\/wprs\/wp-content\/uploads\/2019\/02\/Copy_permissions.png\" alt=\"\" width=\"656\" height=\"651\" srcset=\"https:\/\/ekonomibolaget.se\/wprs\/wp-content\/uploads\/2019\/02\/Copy_permissions.png 656w, https:\/\/ekonomibolaget.se\/wprs\/wp-content\/uploads\/2019\/02\/Copy_permissions-150x150.png 150w, https:\/\/ekonomibolaget.se\/wprs\/wp-content\/uploads\/2019\/02\/Copy_permissions-300x298.png 300w\" sizes=\"(max-width: 656px) 85vw, 656px\" \/><\/p>\n<p>Nu kommer en lista p\u00e5 beh\u00f6righeter som kopierats fr\u00e5n den fullmaktstagare som vi valt att kopiera fr\u00e5n. H\u00e4r kan ni ta bort eventuella r\u00e4ttigheter som \u00e4r \u00f6verfl\u00f6diga.<\/p>\n<p>Tryck p\u00e5 &#8221;Utf\u00f6r&#8221; f\u00f6r att signera och slutf\u00f6ra fullmaktshanteringen.<\/p>\n","protected":false},"excerpt":{"rendered":"<p>Det absolut smidigaste s\u00e4ttet f\u00f6r oss att h\u00e5lla bokf\u00f6ringen uppdaterad med avseende p\u00e5 bankkontot \u00e4r att vi har en bankfullmakt. Bankfullmakten kan vara enbart l\u00e4sfullmakt eller med m\u00f6jlighet till att sk\u00f6ta betalningar med det attestfl\u00f6de som k\u00e4nns mest praktiskt och bekv\u00e4mt f\u00f6r er. Med en fullmakt kommer vi \u00e5t detaljinformation om in- och utbetalningar som &hellip; <a href=\"https:\/\/ekonomibolaget.se\/wprs\/services\/redovisning\/bankfullmakt\/\" class=\"more-link\">Forts\u00e4tt l\u00e4sa<span class=\"screen-reader-text\"> &#8221;Bankfullmakt&#8221;<\/span><\/a><\/p>\n","protected":false},"author":1,"featured_media":0,"parent":43,"menu_order":0,"comment_status":"closed","ping_status":"closed","template":"","meta":[],"_links":{"self":[{"href":"https:\/\/ekonomibolaget.se\/wprs\/wp-json\/wp\/v2\/pages\/175"}],"collection":[{"href":"https:\/\/ekonomibolaget.se\/wprs\/wp-json\/wp\/v2\/pages"}],"about":[{"href":"https:\/\/ekonomibolaget.se\/wprs\/wp-json\/wp\/v2\/types\/page"}],"author":[{"embeddable":true,"href":"https:\/\/ekonomibolaget.se\/wprs\/wp-json\/wp\/v2\/users\/1"}],"replies":[{"embeddable":true,"href":"https:\/\/ekonomibolaget.se\/wprs\/wp-json\/wp\/v2\/comments?post=175"}],"version-history":[{"count":9,"href":"https:\/\/ekonomibolaget.se\/wprs\/wp-json\/wp\/v2\/pages\/175\/revisions"}],"predecessor-version":[{"id":332,"href":"https:\/\/ekonomibolaget.se\/wprs\/wp-json\/wp\/v2\/pages\/175\/revisions\/332"}],"up":[{"embeddable":true,"href":"https:\/\/ekonomibolaget.se\/wprs\/wp-json\/wp\/v2\/pages\/43"}],"wp:attachment":[{"href":"https:\/\/ekonomibolaget.se\/wprs\/wp-json\/wp\/v2\/media?parent=175"}],"curies":[{"name":"wp","href":"https:\/\/api.w.org\/{rel}","templated":true}]}}