{"id":188,"date":"2018-05-13T16:23:46","date_gmt":"2018-05-13T14:23:46","guid":{"rendered":"http:\/\/ekonomibolaget.se\/wprs\/?page_id=188"},"modified":"2024-10-22T15:16:28","modified_gmt":"2024-10-22T13:16:28","slug":"redovisningsmaterial","status":"publish","type":"page","link":"https:\/\/ekonomibolaget.se\/wprs\/redovisningsmaterial\/","title":{"rendered":"Redovisningsmaterial"},"content":{"rendered":"<p>Med redovisningsmaterial menar vi de underlag vi beh\u00f6ver f\u00f6r att utf\u00f6ra en korrekt och regelriktig bokf\u00f6ring.<\/p>\n<p>F\u00f6r en redovisningsperiod beh\u00f6ver vi f\u00f6ljande underlag<\/p>\n<ul>\n<li><a href=\"http:\/\/ekonomibolaget.se\/wprs\/bankkontoutdrag\/\">Bankkontoutdrag<\/a> f\u00f6r alla aktiva bankkonton med fullst\u00e4ndiga uppgifter *<\/li>\n<li><a href=\"http:\/\/ekonomibolaget.se\/wprs\/skattekonto\/\">Skattekontoutdrag<\/a> *<\/li>\n<li>L\u00e5nespecifikationer inkl r\u00e4ntesatser och amorteringsvillkor.<\/li>\n<li>Leverant\u00f6rsfakturor *<\/li>\n<li>Eventuella kortfakturor *<\/li>\n<li><a href=\"http:\/\/ekonomibolaget.se\/wprs\/kvitto\/\">Kvitton<\/a> f\u00f6r ink\u00f6p till bolaget, t ex via bensinkort, kreditkort eller <a href=\"http:\/\/ekonomibolaget.se\/wprs\/egna-utlagg-egen-avrakning\/\">egna utl\u00e4gg<\/a>.<\/li>\n<li>Reser\u00e4kningar *<\/li>\n<li>F\u00f6rs\u00e4ljningsfakturor och f\u00f6rs\u00e4ljningskvitton (t ex fr\u00e5n kassaregister).<\/li>\n<li>Tecknade leasingkontrakt (t ex leasing av f\u00f6retagsbil).<\/li>\n<\/ul>\n<p>Generellt kan man s\u00e4ga att vi beh\u00f6ver underlag f\u00f6r alla transaktioner i perioden. M h a ovanst\u00e5ende checklista hittar vi i de flesta fall alla transaktioner.<\/p>\n<p>* Genom att anv\u00e4nda er av v\u00e5r ut\u00f6kade <a href=\"http:\/\/ekonomibolaget.se\/wprs\/services\/lopande-redovisning\/\">serviceniv\u00e5<\/a> kan vi f\u00e5 tillg\u00e5ng till mycket av det n\u00f6dv\u00e4ndiga redovisningsmaterialet p\u00e5 egen hand, dvs utan att ni aktivt samlar ihop informationen till oss. Detta sparar tid f\u00f6r alla parter.<\/p>\n","protected":false},"excerpt":{"rendered":"<p>Med redovisningsmaterial menar vi de underlag vi beh\u00f6ver f\u00f6r att utf\u00f6ra en korrekt och regelriktig bokf\u00f6ring. F\u00f6r en redovisningsperiod beh\u00f6ver vi f\u00f6ljande underlag Bankkontoutdrag f\u00f6r alla aktiva bankkonton med fullst\u00e4ndiga uppgifter * Skattekontoutdrag * L\u00e5nespecifikationer inkl r\u00e4ntesatser och amorteringsvillkor. Leverant\u00f6rsfakturor * Eventuella kortfakturor * Kvitton f\u00f6r ink\u00f6p till bolaget, t ex via bensinkort, kreditkort eller &hellip; <a href=\"https:\/\/ekonomibolaget.se\/wprs\/redovisningsmaterial\/\" class=\"more-link\">Forts\u00e4tt l\u00e4sa<span class=\"screen-reader-text\"> &#8221;Redovisningsmaterial&#8221;<\/span><\/a><\/p>\n","protected":false},"author":1,"featured_media":0,"parent":0,"menu_order":0,"comment_status":"closed","ping_status":"closed","template":"","meta":[],"_links":{"self":[{"href":"https:\/\/ekonomibolaget.se\/wprs\/wp-json\/wp\/v2\/pages\/188"}],"collection":[{"href":"https:\/\/ekonomibolaget.se\/wprs\/wp-json\/wp\/v2\/pages"}],"about":[{"href":"https:\/\/ekonomibolaget.se\/wprs\/wp-json\/wp\/v2\/types\/page"}],"author":[{"embeddable":true,"href":"https:\/\/ekonomibolaget.se\/wprs\/wp-json\/wp\/v2\/users\/1"}],"replies":[{"embeddable":true,"href":"https:\/\/ekonomibolaget.se\/wprs\/wp-json\/wp\/v2\/comments?post=188"}],"version-history":[{"count":7,"href":"https:\/\/ekonomibolaget.se\/wprs\/wp-json\/wp\/v2\/pages\/188\/revisions"}],"predecessor-version":[{"id":878,"href":"https:\/\/ekonomibolaget.se\/wprs\/wp-json\/wp\/v2\/pages\/188\/revisions\/878"}],"wp:attachment":[{"href":"https:\/\/ekonomibolaget.se\/wprs\/wp-json\/wp\/v2\/media?parent=188"}],"curies":[{"name":"wp","href":"https:\/\/api.w.org\/{rel}","templated":true}]}}