{"id":191,"date":"2018-05-13T16:34:30","date_gmt":"2018-05-13T14:34:30","guid":{"rendered":"http:\/\/ekonomibolaget.se\/wprs\/?page_id=191"},"modified":"2018-05-13T16:34:30","modified_gmt":"2018-05-13T14:34:30","slug":"bankkontoutdrag","status":"publish","type":"page","link":"https:\/\/ekonomibolaget.se\/wprs\/bankkontoutdrag\/","title":{"rendered":"Bankkontoutdrag"},"content":{"rendered":"<p>Bankkontoutdraget \u00e4r ett ytterst viktigt verktyg f\u00f6r att st\u00e4mma av bolagets redovisning.<\/p>\n<p>Beroende p\u00e5 bank och hur man tar fram bankkontoutdraget f\u00e5r vi olika relevant information. N\u00e5gra grundkrav p\u00e5 ett bra bankkontoutdrag \u00e4r f\u00f6ljande:<\/p>\n<ul>\n<li>Kontoutdraget skall vara sorterat i datumordning samt att man f\u00f6r varje dag kan se bankkontots saldo. Dagssaldot \u00e4r ett v\u00e4rdefullt verktyg f\u00f6r att hitta avvikelser.<\/li>\n<li>Utbetalningar skall vara specificerade till den niv\u00e5 att man kan se vem som f\u00e5tt betalt, belopp och med vilka referenser.<\/li>\n<li>Inbetalningar skall vara specificerade s\u00e5 att man kan se vem som betalt, vilket belopp och med vilka referenser. I princip inga banker i Sverige har denna information p\u00e5 sitt bankkontoutdrag. Det man d\u00e5 m\u00e5ste g\u00f6ra \u00e4r att f\u00f6r varje dag skriva ut en inbetalningsspecifikation fr\u00e5n bankgirot.<\/li>\n<\/ul>\n<p>Om vi har en <a href=\"http:\/\/ekonomibolaget.se\/wprs\/services\/lopande-redovisning\/bankfullmakt\/\">bankfullmakt<\/a> kan vi enkelt se n\u00f6dv\u00e4ndig information p\u00e5 ert bankkonto utan att ni beh\u00f6ver spara ned bankkontoutdragen till oss.<\/p>\n","protected":false},"excerpt":{"rendered":"<p>Bankkontoutdraget \u00e4r ett ytterst viktigt verktyg f\u00f6r att st\u00e4mma av bolagets redovisning. Beroende p\u00e5 bank och hur man tar fram bankkontoutdraget f\u00e5r vi olika relevant information. N\u00e5gra grundkrav p\u00e5 ett bra bankkontoutdrag \u00e4r f\u00f6ljande: Kontoutdraget skall vara sorterat i datumordning samt att man f\u00f6r varje dag kan se bankkontots saldo. Dagssaldot \u00e4r ett v\u00e4rdefullt verktyg &hellip; <a href=\"https:\/\/ekonomibolaget.se\/wprs\/bankkontoutdrag\/\" class=\"more-link\">Forts\u00e4tt l\u00e4sa<span class=\"screen-reader-text\"> &#8221;Bankkontoutdrag&#8221;<\/span><\/a><\/p>\n","protected":false},"author":1,"featured_media":0,"parent":0,"menu_order":0,"comment_status":"closed","ping_status":"closed","template":"","meta":[],"_links":{"self":[{"href":"https:\/\/ekonomibolaget.se\/wprs\/wp-json\/wp\/v2\/pages\/191"}],"collection":[{"href":"https:\/\/ekonomibolaget.se\/wprs\/wp-json\/wp\/v2\/pages"}],"about":[{"href":"https:\/\/ekonomibolaget.se\/wprs\/wp-json\/wp\/v2\/types\/page"}],"author":[{"embeddable":true,"href":"https:\/\/ekonomibolaget.se\/wprs\/wp-json\/wp\/v2\/users\/1"}],"replies":[{"embeddable":true,"href":"https:\/\/ekonomibolaget.se\/wprs\/wp-json\/wp\/v2\/comments?post=191"}],"version-history":[{"count":1,"href":"https:\/\/ekonomibolaget.se\/wprs\/wp-json\/wp\/v2\/pages\/191\/revisions"}],"predecessor-version":[{"id":192,"href":"https:\/\/ekonomibolaget.se\/wprs\/wp-json\/wp\/v2\/pages\/191\/revisions\/192"}],"wp:attachment":[{"href":"https:\/\/ekonomibolaget.se\/wprs\/wp-json\/wp\/v2\/media?parent=191"}],"curies":[{"name":"wp","href":"https:\/\/api.w.org\/{rel}","templated":true}]}}