{"id":194,"date":"2018-05-13T16:46:59","date_gmt":"2018-05-13T14:46:59","guid":{"rendered":"http:\/\/ekonomibolaget.se\/wprs\/?page_id=194"},"modified":"2018-06-14T12:32:41","modified_gmt":"2018-06-14T10:32:41","slug":"skattekonto","status":"publish","type":"page","link":"https:\/\/ekonomibolaget.se\/wprs\/skattekonto\/","title":{"rendered":"Skattekonto"},"content":{"rendered":"<p>Skattekontot kan s\u00e4gas vara ett separat konto garanterat av staten och som skatteverket anv\u00e4nder f\u00f6r skatteavr\u00e4kning.<\/p>\n<p>Om man har en enskild firma \u00e4r den enskilda firmans och privatpersonens skattekonto samma konto. I alla \u00f6vriga fall har bolaget \/ den juridiska personen ett eget skattekonto.<\/p>\n<p>Alla skatter oavsett typ dras fr\u00e5n skattekontot. F\u00f6r att betala en skatt fyller man helt enkelt p\u00e5 skattekontot med n\u00f6dv\u00e4ndigt belopp.<\/p>\n<p>Underlag f\u00f6r skatter (deklarationer) skall redovisas vid best\u00e4mda datum. En av v\u00e5ra uppgifter som redovisningsbyr\u00e5 \u00e4r att h\u00e5lla koll p\u00e5 dessa datum och utf\u00f6ra deklarationerna i r\u00e4tt tid.<\/p>\n<p>Skattekontoutdraget \u00e4r precis som bankkontoutdraget ett viktigt verktyg f\u00f6r att st\u00e4mma av bolagets redovisning.<\/p>\n<p>Om vi \u00e4r <a href=\"http:\/\/ekonomibolaget.se\/wprs\/redovisningsmaterial\/deklarationsombud\/\">deklarationsombud<\/a> kan vi st\u00e4mma av ert skattekonto utan att ni beh\u00f6ver ta fram det \u00e5t oss.<\/p>\n","protected":false},"excerpt":{"rendered":"<p>Skattekontot kan s\u00e4gas vara ett separat konto garanterat av staten och som skatteverket anv\u00e4nder f\u00f6r skatteavr\u00e4kning. Om man har en enskild firma \u00e4r den enskilda firmans och privatpersonens skattekonto samma konto. I alla \u00f6vriga fall har bolaget \/ den juridiska personen ett eget skattekonto. Alla skatter oavsett typ dras fr\u00e5n skattekontot. F\u00f6r att betala en &hellip; <a href=\"https:\/\/ekonomibolaget.se\/wprs\/skattekonto\/\" class=\"more-link\">Forts\u00e4tt l\u00e4sa<span class=\"screen-reader-text\"> &#8221;Skattekonto&#8221;<\/span><\/a><\/p>\n","protected":false},"author":1,"featured_media":0,"parent":0,"menu_order":0,"comment_status":"closed","ping_status":"closed","template":"","meta":[],"_links":{"self":[{"href":"https:\/\/ekonomibolaget.se\/wprs\/wp-json\/wp\/v2\/pages\/194"}],"collection":[{"href":"https:\/\/ekonomibolaget.se\/wprs\/wp-json\/wp\/v2\/pages"}],"about":[{"href":"https:\/\/ekonomibolaget.se\/wprs\/wp-json\/wp\/v2\/types\/page"}],"author":[{"embeddable":true,"href":"https:\/\/ekonomibolaget.se\/wprs\/wp-json\/wp\/v2\/users\/1"}],"replies":[{"embeddable":true,"href":"https:\/\/ekonomibolaget.se\/wprs\/wp-json\/wp\/v2\/comments?post=194"}],"version-history":[{"count":4,"href":"https:\/\/ekonomibolaget.se\/wprs\/wp-json\/wp\/v2\/pages\/194\/revisions"}],"predecessor-version":[{"id":252,"href":"https:\/\/ekonomibolaget.se\/wprs\/wp-json\/wp\/v2\/pages\/194\/revisions\/252"}],"wp:attachment":[{"href":"https:\/\/ekonomibolaget.se\/wprs\/wp-json\/wp\/v2\/media?parent=194"}],"curies":[{"name":"wp","href":"https:\/\/api.w.org\/{rel}","templated":true}]}}