{"id":199,"date":"2018-05-17T21:17:43","date_gmt":"2018-05-17T19:17:43","guid":{"rendered":"http:\/\/ekonomibolaget.se\/wprs\/?page_id=199"},"modified":"2024-04-05T10:07:35","modified_gmt":"2024-04-05T08:07:35","slug":"dataskyddsforordningen-gdpr","status":"publish","type":"page","link":"https:\/\/ekonomibolaget.se\/wprs\/om-oss\/dataskyddsforordningen-gdpr\/","title":{"rendered":"Dataskyddsf\u00f6rordningen (GDPR)"},"content":{"rendered":"\n<p><a href=\"https:\/\/www.imy.se\/verksamhet\/dataskydd\/det-har-galler-enligt-gdpr\/introduktion-till-gdpr\/\">Dataskyddsf\u00f6rordningen<\/a> \u00e4r ett regelverk f\u00f6r hur personuppgifter f\u00e5r behandlas.<\/p>\n\n\n\n<p>Vi hanterar fr\u00e4mst bolagsuppgifter d\u00e5 v\u00e5ra klienter \u00e4r juridiska personer (vilka ej omfattas av dataskyddsf\u00f6rordningen).<\/p>\n\n\n\n<p>I de fall v\u00e5ra klienter \u00e4r fysiska personer behandlar vi personuppgifter med uppdragsavtalet som r\u00e4ttslig grund.<\/p>\n\n\n\n<p>I de fall d\u00e5 vi hanterar personuppgifter f\u00f6r v\u00e5ra klienter (t ex l\u00e4genhetsregister i en bostadsr\u00e4ttsf\u00f6rening) agerar vi <a href=\"https:\/\/www.imy.se\/verksamhet\/dataskydd\/det-har-galler-enligt-gdpr\/personuppgiftsansvariga-och-personuppgiftsbitraden\/\">personuppgiftsbitr\u00e4de<\/a>.<\/p>\n\n\n\n<p>Vi behandlar inga <a href=\"https:\/\/www.imy.se\/verksamhet\/dataskydd\/det-har-galler-enligt-gdpr\/introduktion-till-gdpr\/personuppgifter\/kansliga-personuppgifter\/\" target=\"_blank\" rel=\"noopener\">k\u00e4nsliga personuppgifter<\/a> i n\u00e5got sammanhang.<\/p>\n\n\n\n<p>Vi behandlar l\u00f6neuppgifter vilka definieras som integritetsk\u00e4nsliga personuppgifter.<\/p>\n\n\n\n<p>Vi behandlar <a href=\"https:\/\/www.imy.se\/privatperson\/dataskydd\/introduktion-till-gdpr\/vad-ar-personuppgifter\/personnummer\/\">personnummer<\/a> d\u00e5 det \u00e4r n\u00f6dv\u00e4ndigt f\u00f6r inkomstdeklarationer, fullmakter, aktieb\u00f6cker, <a href=\"https:\/\/en.wikipedia.org\/wiki\/Know_your_customer\">KYC<\/a>-regler och andra liknande r\u00e4ttsliga sammanhang d\u00e5 personnummer anv\u00e4nds.<\/p>\n","protected":false},"excerpt":{"rendered":"<p>Dataskyddsf\u00f6rordningen \u00e4r ett regelverk f\u00f6r hur personuppgifter f\u00e5r behandlas. Vi hanterar fr\u00e4mst bolagsuppgifter d\u00e5 v\u00e5ra klienter \u00e4r juridiska personer (vilka ej omfattas av dataskyddsf\u00f6rordningen). I de fall v\u00e5ra klienter \u00e4r fysiska personer behandlar vi personuppgifter med uppdragsavtalet som r\u00e4ttslig grund. I de fall d\u00e5 vi hanterar personuppgifter f\u00f6r v\u00e5ra klienter (t ex l\u00e4genhetsregister i en &hellip; <a href=\"https:\/\/ekonomibolaget.se\/wprs\/om-oss\/dataskyddsforordningen-gdpr\/\" class=\"more-link\">Forts\u00e4tt l\u00e4sa<span class=\"screen-reader-text\"> &#8221;Dataskyddsf\u00f6rordningen (GDPR)&#8221;<\/span><\/a><\/p>\n","protected":false},"author":1,"featured_media":0,"parent":11,"menu_order":200,"comment_status":"closed","ping_status":"closed","template":"","meta":[],"_links":{"self":[{"href":"https:\/\/ekonomibolaget.se\/wprs\/wp-json\/wp\/v2\/pages\/199"}],"collection":[{"href":"https:\/\/ekonomibolaget.se\/wprs\/wp-json\/wp\/v2\/pages"}],"about":[{"href":"https:\/\/ekonomibolaget.se\/wprs\/wp-json\/wp\/v2\/types\/page"}],"author":[{"embeddable":true,"href":"https:\/\/ekonomibolaget.se\/wprs\/wp-json\/wp\/v2\/users\/1"}],"replies":[{"embeddable":true,"href":"https:\/\/ekonomibolaget.se\/wprs\/wp-json\/wp\/v2\/comments?post=199"}],"version-history":[{"count":9,"href":"https:\/\/ekonomibolaget.se\/wprs\/wp-json\/wp\/v2\/pages\/199\/revisions"}],"predecessor-version":[{"id":834,"href":"https:\/\/ekonomibolaget.se\/wprs\/wp-json\/wp\/v2\/pages\/199\/revisions\/834"}],"up":[{"embeddable":true,"href":"https:\/\/ekonomibolaget.se\/wprs\/wp-json\/wp\/v2\/pages\/11"}],"wp:attachment":[{"href":"https:\/\/ekonomibolaget.se\/wprs\/wp-json\/wp\/v2\/media?parent=199"}],"curies":[{"name":"wp","href":"https:\/\/api.w.org\/{rel}","templated":true}]}}