{"id":2,"date":"2017-12-25T15:19:43","date_gmt":"2017-12-25T14:19:43","guid":{"rendered":"http:\/\/new.notima.se\/wprs\/?page_id=2"},"modified":"2018-01-27T19:15:11","modified_gmt":"2018-01-27T18:15:11","slug":"services","status":"publish","type":"page","link":"https:\/\/ekonomibolaget.se\/wprs\/services\/","title":{"rendered":"V\u00e5ra tj\u00e4nster"},"content":{"rendered":"<p>V\u00e5ra tj\u00e4nster beskrivs mer i detalj i listan nedan.<\/p>\n<ul>\n<li><a href=\"\/wprs\/index.php\/services\/lopande-redovisning\/\">L\u00f6pande redovisning<\/a><\/li>\n<li><a href=\"\/wprs\/index.php\/services\/loner\/\">L\u00f6ner<\/a><\/li>\n<li><a href=\"\/wprs\/index.php\/services\/bokslut\/\">Bokslut<\/a><\/li>\n<li><a href=\"\/wprs\/index.php\/services\/arsredovisning\/\">\u00c5rsredovisningar<\/a><\/li>\n<li><a href=\"\/wprs\/index.php\/services\/deklarationer\/\">Deklarationer<\/a><\/li>\n<li><a href=\"\/wprs\/index.php\/services\/revision\/\">Revision<\/a><\/li>\n<\/ul>\n<p>&nbsp;<\/p>\n","protected":false},"excerpt":{"rendered":"<p>V\u00e5ra tj\u00e4nster beskrivs mer i detalj i listan nedan. L\u00f6pande redovisning L\u00f6ner Bokslut \u00c5rsredovisningar Deklarationer Revision &nbsp;<\/p>\n","protected":false},"author":1,"featured_media":0,"parent":0,"menu_order":0,"comment_status":"closed","ping_status":"open","template":"","meta":[],"_links":{"self":[{"href":"https:\/\/ekonomibolaget.se\/wprs\/wp-json\/wp\/v2\/pages\/2"}],"collection":[{"href":"https:\/\/ekonomibolaget.se\/wprs\/wp-json\/wp\/v2\/pages"}],"about":[{"href":"https:\/\/ekonomibolaget.se\/wprs\/wp-json\/wp\/v2\/types\/page"}],"author":[{"embeddable":true,"href":"https:\/\/ekonomibolaget.se\/wprs\/wp-json\/wp\/v2\/users\/1"}],"replies":[{"embeddable":true,"href":"https:\/\/ekonomibolaget.se\/wprs\/wp-json\/wp\/v2\/comments?post=2"}],"version-history":[{"count":7,"href":"https:\/\/ekonomibolaget.se\/wprs\/wp-json\/wp\/v2\/pages\/2\/revisions"}],"predecessor-version":[{"id":102,"href":"https:\/\/ekonomibolaget.se\/wprs\/wp-json\/wp\/v2\/pages\/2\/revisions\/102"}],"wp:attachment":[{"href":"https:\/\/ekonomibolaget.se\/wprs\/wp-json\/wp\/v2\/media?parent=2"}],"curies":[{"name":"wp","href":"https:\/\/api.w.org\/{rel}","templated":true}]}}