{"id":207,"date":"2018-05-23T13:50:30","date_gmt":"2018-05-23T11:50:30","guid":{"rendered":"http:\/\/ekonomibolaget.se\/wprs\/?page_id=207"},"modified":"2018-05-23T15:30:31","modified_gmt":"2018-05-23T13:30:31","slug":"egna-utlagg-egen-avrakning","status":"publish","type":"page","link":"https:\/\/ekonomibolaget.se\/wprs\/egna-utlagg-egen-avrakning\/","title":{"rendered":"Egna utl\u00e4gg \/ egen avr\u00e4kning"},"content":{"rendered":"<p>Med egna utl\u00e4gg (\u00e4ven kallat egen avr\u00e4kning) menar vi kostnader som betalats med \u00e4garens pengar ist\u00e4llet f\u00f6r bolagets.<\/p>\n<p>Vanliga situationer p\u00e5 detta \u00e4r t ex om bolaget inte har ett kreditkort och \u00e4garen ist\u00e4llet anv\u00e4nder sitt eget kreditkort f\u00f6r att betala en utgift som \u00e4r f\u00f6retagets.<\/p>\n<p>Bokf\u00f6ringsm\u00e4ssigt g\u00e5r det till s\u00e5 att n\u00e4r ett underlag (vanligtvis ett kvitto) p\u00e5 en f\u00f6retagsrelaterad utgift l\u00e4mnas in, bokar vi upp kostnaden p\u00e5 relevant kostnadskonto. Sj\u00e4lva utgiften bokas sedan som en skuld till \u00e4garen.<\/p>\n<p>Eftersom skulden till \u00e4garen bokas in i redovisningen beh\u00f6ver man som \u00e4gare bara g\u00e5 igenom skuldkontot i bokf\u00f6ringen f\u00f6r att se hur mycket bolaget \u00e4r skyldig \u00e4garen. En skuld till \u00e4garen kan regleras n\u00e4rhelst det finns tillr\u00e4ckligt med pengar i bolaget till detta.<\/p>\n<p><a href=\"http:\/\/ekonomibolaget.se\/wprs\/om-oss\/skattefragor\/ranta-egen-inlaning-i-aktiebolag\/\">Skulden till \u00e4garen f\u00e5r enligt skattereglerna vara r\u00e4nteb\u00e4rande<\/a>, dvs man f\u00e5r ta ut r\u00e4nta fr\u00e5n bolaget f\u00f6r inl\u00e5nade medel.<\/p>\n<p>Man f\u00e5r i aktiebolag i princip aldrig <a href=\"http:\/\/ekonomibolaget.se\/wprs\/lan-fran-foretaget\/\">l\u00e5na fr\u00e5n f\u00f6retaget<\/a>, man f\u00e5r bara l\u00e5na ut till bolaget.<\/p>\n<p>Se \u00e4ven <a href=\"http:\/\/ekonomibolaget.se\/wprs\/utlaggsredovisning\/\">utl\u00e4ggsredovisning<\/a>.<\/p>\n","protected":false},"excerpt":{"rendered":"<p>Med egna utl\u00e4gg (\u00e4ven kallat egen avr\u00e4kning) menar vi kostnader som betalats med \u00e4garens pengar ist\u00e4llet f\u00f6r bolagets. Vanliga situationer p\u00e5 detta \u00e4r t ex om bolaget inte har ett kreditkort och \u00e4garen ist\u00e4llet anv\u00e4nder sitt eget kreditkort f\u00f6r att betala en utgift som \u00e4r f\u00f6retagets. Bokf\u00f6ringsm\u00e4ssigt g\u00e5r det till s\u00e5 att n\u00e4r ett underlag &hellip; <a href=\"https:\/\/ekonomibolaget.se\/wprs\/egna-utlagg-egen-avrakning\/\" class=\"more-link\">Forts\u00e4tt l\u00e4sa<span class=\"screen-reader-text\"> &#8221;Egna utl\u00e4gg \/ egen avr\u00e4kning&#8221;<\/span><\/a><\/p>\n","protected":false},"author":1,"featured_media":0,"parent":0,"menu_order":0,"comment_status":"closed","ping_status":"closed","template":"","meta":[],"_links":{"self":[{"href":"https:\/\/ekonomibolaget.se\/wprs\/wp-json\/wp\/v2\/pages\/207"}],"collection":[{"href":"https:\/\/ekonomibolaget.se\/wprs\/wp-json\/wp\/v2\/pages"}],"about":[{"href":"https:\/\/ekonomibolaget.se\/wprs\/wp-json\/wp\/v2\/types\/page"}],"author":[{"embeddable":true,"href":"https:\/\/ekonomibolaget.se\/wprs\/wp-json\/wp\/v2\/users\/1"}],"replies":[{"embeddable":true,"href":"https:\/\/ekonomibolaget.se\/wprs\/wp-json\/wp\/v2\/comments?post=207"}],"version-history":[{"count":4,"href":"https:\/\/ekonomibolaget.se\/wprs\/wp-json\/wp\/v2\/pages\/207\/revisions"}],"predecessor-version":[{"id":233,"href":"https:\/\/ekonomibolaget.se\/wprs\/wp-json\/wp\/v2\/pages\/207\/revisions\/233"}],"wp:attachment":[{"href":"https:\/\/ekonomibolaget.se\/wprs\/wp-json\/wp\/v2\/media?parent=207"}],"curies":[{"name":"wp","href":"https:\/\/api.w.org\/{rel}","templated":true}]}}