{"id":209,"date":"2018-05-23T13:51:42","date_gmt":"2018-05-23T11:51:42","guid":{"rendered":"http:\/\/ekonomibolaget.se\/wprs\/?page_id=209"},"modified":"2018-05-23T15:20:22","modified_gmt":"2018-05-23T13:20:22","slug":"lan-fran-foretaget","status":"publish","type":"page","link":"https:\/\/ekonomibolaget.se\/wprs\/lan-fran-foretaget\/","title":{"rendered":"L\u00e5n fr\u00e5n f\u00f6retaget"},"content":{"rendered":"<p>I ett aktiebolag f\u00e5r man generellt inte vara skyldig bolaget pengar d\u00e5 det \u00e4r ett strikt l\u00e5nef\u00f6rbud till \u00e4garkretsen och n\u00e4rst\u00e5ende. Orsaken till l\u00e5nef\u00f6rbudet \u00e4r att \u00e4gare annars privat kan f\u00f6rfoga \u00f6ver pengar ur bolaget utan att f\u00f6rst beskatta dem.<\/p>\n<p>N\u00e4ringsidkare (enskild firma, HB, KB) f\u00e5r l\u00e5na pengar ur sin verksamhet. Detta har sin grund i att i dessa verksamhetsformer \u00e4r det den fysiska personen som \u00e4r obegr\u00e4nsat ansvarig f\u00f6r att skatten betalas p\u00e5 vinsten samt att bolagets &#8221;pl\u00e5nbok&#8221; i princip kan vara samma som den fysiska personens &#8221;pl\u00e5nbok&#8221;.<\/p>\n","protected":false},"excerpt":{"rendered":"<p>I ett aktiebolag f\u00e5r man generellt inte vara skyldig bolaget pengar d\u00e5 det \u00e4r ett strikt l\u00e5nef\u00f6rbud till \u00e4garkretsen och n\u00e4rst\u00e5ende. Orsaken till l\u00e5nef\u00f6rbudet \u00e4r att \u00e4gare annars privat kan f\u00f6rfoga \u00f6ver pengar ur bolaget utan att f\u00f6rst beskatta dem. N\u00e4ringsidkare (enskild firma, HB, KB) f\u00e5r l\u00e5na pengar ur sin verksamhet. Detta har sin grund &hellip; <a href=\"https:\/\/ekonomibolaget.se\/wprs\/lan-fran-foretaget\/\" class=\"more-link\">Forts\u00e4tt l\u00e4sa<span class=\"screen-reader-text\"> &#8221;L\u00e5n fr\u00e5n f\u00f6retaget&#8221;<\/span><\/a><\/p>\n","protected":false},"author":1,"featured_media":0,"parent":0,"menu_order":0,"comment_status":"closed","ping_status":"closed","template":"","meta":[],"_links":{"self":[{"href":"https:\/\/ekonomibolaget.se\/wprs\/wp-json\/wp\/v2\/pages\/209"}],"collection":[{"href":"https:\/\/ekonomibolaget.se\/wprs\/wp-json\/wp\/v2\/pages"}],"about":[{"href":"https:\/\/ekonomibolaget.se\/wprs\/wp-json\/wp\/v2\/types\/page"}],"author":[{"embeddable":true,"href":"https:\/\/ekonomibolaget.se\/wprs\/wp-json\/wp\/v2\/users\/1"}],"replies":[{"embeddable":true,"href":"https:\/\/ekonomibolaget.se\/wprs\/wp-json\/wp\/v2\/comments?post=209"}],"version-history":[{"count":2,"href":"https:\/\/ekonomibolaget.se\/wprs\/wp-json\/wp\/v2\/pages\/209\/revisions"}],"predecessor-version":[{"id":229,"href":"https:\/\/ekonomibolaget.se\/wprs\/wp-json\/wp\/v2\/pages\/209\/revisions\/229"}],"wp:attachment":[{"href":"https:\/\/ekonomibolaget.se\/wprs\/wp-json\/wp\/v2\/media?parent=209"}],"curies":[{"name":"wp","href":"https:\/\/api.w.org\/{rel}","templated":true}]}}