{"id":213,"date":"2018-05-23T14:33:06","date_gmt":"2018-05-23T12:33:06","guid":{"rendered":"http:\/\/ekonomibolaget.se\/wprs\/?page_id=213"},"modified":"2018-05-23T14:33:06","modified_gmt":"2018-05-23T12:33:06","slug":"kvitto","status":"publish","type":"page","link":"https:\/\/ekonomibolaget.se\/wprs\/kvitto\/","title":{"rendered":"Kvitto"},"content":{"rendered":"<p>Ett kvitto \u00e4r en specifikation p\u00e5 en aff\u00e4rstransaktion som \u00e4r betald.<\/p>\n<p>Kvittot skall minst inneh\u00e5lla f\u00f6ljande uppgifter<\/p>\n<ul>\n<li>En entydig identifikation p\u00e5 s\u00e4ljaren. Vanligtvis \u00e4r detta ett organisationsnummer samt namn och adress.<\/li>\n<li>Datum f\u00f6r h\u00e4ndelsen.<\/li>\n<li>Beloppet p\u00e5 transaktionen<\/li>\n<li>Vad transaktionen avser (dvs vad som k\u00f6pts).<\/li>\n<li>Momsspecifikation om s\u00e4ljaren \u00e4r momspliktig.<\/li>\n<\/ul>\n<p>Andra uppgifter som \u00e4r bra att ha men ej n\u00f6dv\u00e4ndigt \u00e4r t ex<\/p>\n<ul>\n<li>Betals\u00e4tt (kontant, kort etc).<\/li>\n<li>Identifikation p\u00e5 k\u00f6pare.<\/li>\n<\/ul>\n","protected":false},"excerpt":{"rendered":"<p>Ett kvitto \u00e4r en specifikation p\u00e5 en aff\u00e4rstransaktion som \u00e4r betald. Kvittot skall minst inneh\u00e5lla f\u00f6ljande uppgifter En entydig identifikation p\u00e5 s\u00e4ljaren. Vanligtvis \u00e4r detta ett organisationsnummer samt namn och adress. Datum f\u00f6r h\u00e4ndelsen. Beloppet p\u00e5 transaktionen Vad transaktionen avser (dvs vad som k\u00f6pts). Momsspecifikation om s\u00e4ljaren \u00e4r momspliktig. Andra uppgifter som \u00e4r bra att &hellip; <a href=\"https:\/\/ekonomibolaget.se\/wprs\/kvitto\/\" class=\"more-link\">Forts\u00e4tt l\u00e4sa<span class=\"screen-reader-text\"> &#8221;Kvitto&#8221;<\/span><\/a><\/p>\n","protected":false},"author":1,"featured_media":0,"parent":0,"menu_order":0,"comment_status":"closed","ping_status":"closed","template":"","meta":[],"_links":{"self":[{"href":"https:\/\/ekonomibolaget.se\/wprs\/wp-json\/wp\/v2\/pages\/213"}],"collection":[{"href":"https:\/\/ekonomibolaget.se\/wprs\/wp-json\/wp\/v2\/pages"}],"about":[{"href":"https:\/\/ekonomibolaget.se\/wprs\/wp-json\/wp\/v2\/types\/page"}],"author":[{"embeddable":true,"href":"https:\/\/ekonomibolaget.se\/wprs\/wp-json\/wp\/v2\/users\/1"}],"replies":[{"embeddable":true,"href":"https:\/\/ekonomibolaget.se\/wprs\/wp-json\/wp\/v2\/comments?post=213"}],"version-history":[{"count":1,"href":"https:\/\/ekonomibolaget.se\/wprs\/wp-json\/wp\/v2\/pages\/213\/revisions"}],"predecessor-version":[{"id":214,"href":"https:\/\/ekonomibolaget.se\/wprs\/wp-json\/wp\/v2\/pages\/213\/revisions\/214"}],"wp:attachment":[{"href":"https:\/\/ekonomibolaget.se\/wprs\/wp-json\/wp\/v2\/media?parent=213"}],"curies":[{"name":"wp","href":"https:\/\/api.w.org\/{rel}","templated":true}]}}