{"id":216,"date":"2018-05-23T15:09:57","date_gmt":"2018-05-23T13:09:57","guid":{"rendered":"http:\/\/ekonomibolaget.se\/wprs\/?page_id=216"},"modified":"2024-12-13T09:44:45","modified_gmt":"2024-12-13T08:44:45","slug":"lamna-material","status":"publish","type":"page","link":"https:\/\/ekonomibolaget.se\/wprs\/kontakta-oss\/lamna-material\/","title":{"rendered":"L\u00e4mna material"},"content":{"rendered":"<p>Den optimala rutinen \u00e4r att ni skall slippa l\u00e4mna material till oss genom att vi tar emot\/h\u00e4mtar materialet direkt elektroniskt.<\/p>\n<p>L\u00e4s g\u00e4rna v\u00e5r <a href=\"http:\/\/ekonomibolaget.se\/wprs\/checklista-for-effektiv-forvaltning\/\">checklista f\u00f6r effektiv f\u00f6rvaltning<\/a>.<\/p>\n<p>Att ge oss l\u00e4sfullmakt till bolagets konto (<a href=\"http:\/\/ekonomibolaget.se\/wprs\/services\/lopande-redovisning\/bankfullmakt\/\">bankfullmakt<\/a>) samt utse oss till <a href=\"http:\/\/ekonomibolaget.se\/wprs\/redovisningsmaterial\/deklarationsombud\/\">deklarationsombud<\/a> \u00e4r ett bra s\u00e4tt att snabbt komma ig\u00e5ng.<\/p>\n<p><a href=\"http:\/\/ekonomibolaget.se\/wprs\/redovisningsmaterial\/\">En beskrivning av vilket material ni beh\u00f6ver l\u00e4mna finns h\u00e4r.<\/a><\/p>\n<p>Leverant\u00f6rsfakturor i PDF kan med f\u00f6rdel skickas in direkt i v\u00e5rt bokf\u00f6ringssystem <a href=\"https:\/\/www.fortnox.se\" target=\"_blank\" rel=\"noopener noreferrer\">Fortnox<\/a>. Ni f\u00e5r en e-postadress att anv\u00e4nda f\u00f6r detta.<\/p>\n<p>Om ni har stora m\u00e4ngder leverant\u00f6rsfakturor som levereras med post kan vi s\u00e4tta upp en s\u00e4rskild leverant\u00f6rsfakturaadress. Via samarbete med bankgirocentralen kan vi s\u00e4tta upp en leverant\u00f6rsfakturaadress som g\u00e5r direkt till en inskanningscentral.<\/p>\n<p>Utl\u00e4gg i PDF-format g\u00e5r ocks\u00e5 att skicka via e-post till en s\u00e4rskild e-postadress f\u00f6r detta.<\/p>\n<p>Fortnox tillhandah\u00e5ller <a href=\"https:\/\/www.fortnox.se\/program\/fortnox-app\/\" target=\"_blank\" rel=\"noopener noreferrer\">app om ni vill skicka in materialet via telefonen<\/a>.<\/p>\n<p>Om det handlar om st\u00f6rre filer och\/eller mer omfattande material kan ni <a href=\"http:\/\/ekonomibolaget.se\/wprs\/ladda-upp-stora-filer\/\">ladda upp materialet h\u00e4r<\/a>.<\/p>\n<p>Om ni \u00e4nd\u00e5 m\u00e5ste l\u00e4mna material som inte g\u00e5r att skicka elektroniskt kan ni g\u00f6ra det p\u00e5 n\u00e5got av f\u00f6ljande s\u00e4tt<\/p>\n<h3>Bes\u00f6k<\/h3>\n<p>Om ni har v\u00e4garna f\u00f6rbi kan ni l\u00e4mna ert material direkt p\u00e5 v\u00e5rt kontor. Adressen hittar ni <a href=\"http:\/\/ekonomibolaget.se\/wprs\/kontakta-oss\/\">h\u00e4r<\/a>.<\/p>\n<p>Om ni l\u00e4mnar material utanf\u00f6r v\u00e5ra \u00f6ppettider g\u00e5r det bra att l\u00e4mna materialet i v\u00e5r brevl\u00e5da. Tjocka kuvert g\u00e5r ner i brevl\u00e5dan, det g\u00f6r d\u00e4remot inte p\u00e4rmar.<\/p>\n<h3>Posta<\/h3>\n<p>Ni kan posta ert material som brev. V\u00e5r erfarenhet \u00e4r att material som postas kommer fram. Adressen hittar ni <a href=\"http:\/\/ekonomibolaget.se\/wprs\/kontakta-oss\/\">h\u00e4r<\/a>.<\/p>\n<h3>Skicka med paket<\/h3>\n<p>Om ni vill vara absolut s\u00e4ker p\u00e5 att materialet skall komma fram rekommenderar vi att skicka materialet med en speditionsfirma, t ex PostNord, Schenker, DHL eller UPS. Med dessa bolag f\u00e5r ni ett kollinummer som g\u00e5r att sp\u00e5ra.<\/p>\n<p><strong>OBS! N\u00e4r ni skickar paket, var noga med att skicka f\u00f6retagspaket (PostNords Parcel) och inte utl\u00e4mning till servicest\u00e4lle (Collect). Om ni skickar med utl\u00e4mning till servicest\u00e4lle tar vi betalt f\u00f6r tiden det tar att h\u00e4mta ut paketet.<\/strong><\/p>\n","protected":false},"excerpt":{"rendered":"<p>Den optimala rutinen \u00e4r att ni skall slippa l\u00e4mna material till oss genom att vi tar emot\/h\u00e4mtar materialet direkt elektroniskt. L\u00e4s g\u00e4rna v\u00e5r checklista f\u00f6r effektiv f\u00f6rvaltning. Att ge oss l\u00e4sfullmakt till bolagets konto (bankfullmakt) samt utse oss till deklarationsombud \u00e4r ett bra s\u00e4tt att snabbt komma ig\u00e5ng. En beskrivning av vilket material ni beh\u00f6ver &hellip; <a href=\"https:\/\/ekonomibolaget.se\/wprs\/kontakta-oss\/lamna-material\/\" class=\"more-link\">Forts\u00e4tt l\u00e4sa<span class=\"screen-reader-text\"> &#8221;L\u00e4mna material&#8221;<\/span><\/a><\/p>\n","protected":false},"author":1,"featured_media":0,"parent":12,"menu_order":0,"comment_status":"closed","ping_status":"closed","template":"","meta":[],"_links":{"self":[{"href":"https:\/\/ekonomibolaget.se\/wprs\/wp-json\/wp\/v2\/pages\/216"}],"collection":[{"href":"https:\/\/ekonomibolaget.se\/wprs\/wp-json\/wp\/v2\/pages"}],"about":[{"href":"https:\/\/ekonomibolaget.se\/wprs\/wp-json\/wp\/v2\/types\/page"}],"author":[{"embeddable":true,"href":"https:\/\/ekonomibolaget.se\/wprs\/wp-json\/wp\/v2\/users\/1"}],"replies":[{"embeddable":true,"href":"https:\/\/ekonomibolaget.se\/wprs\/wp-json\/wp\/v2\/comments?post=216"}],"version-history":[{"count":17,"href":"https:\/\/ekonomibolaget.se\/wprs\/wp-json\/wp\/v2\/pages\/216\/revisions"}],"predecessor-version":[{"id":885,"href":"https:\/\/ekonomibolaget.se\/wprs\/wp-json\/wp\/v2\/pages\/216\/revisions\/885"}],"up":[{"embeddable":true,"href":"https:\/\/ekonomibolaget.se\/wprs\/wp-json\/wp\/v2\/pages\/12"}],"wp:attachment":[{"href":"https:\/\/ekonomibolaget.se\/wprs\/wp-json\/wp\/v2\/media?parent=216"}],"curies":[{"name":"wp","href":"https:\/\/api.w.org\/{rel}","templated":true}]}}