{"id":230,"date":"2018-05-23T15:29:30","date_gmt":"2018-05-23T13:29:30","guid":{"rendered":"http:\/\/ekonomibolaget.se\/wprs\/?page_id=230"},"modified":"2018-05-23T15:29:56","modified_gmt":"2018-05-23T13:29:56","slug":"utlaggsredovisning","status":"publish","type":"page","link":"https:\/\/ekonomibolaget.se\/wprs\/utlaggsredovisning\/","title":{"rendered":"Utl\u00e4ggsredovisning"},"content":{"rendered":"<p>Utl\u00e4gg inneb\u00e4r att en \u00e4gare eller anst\u00e4lld betalar en utgift f\u00f6r f\u00f6retagets r\u00e4kning med egna pengar.<\/p>\n<p>Om utl\u00e4ggen \u00e4r f\u00e5 och h\u00e4nder s\u00e4llan \u00e4r det on\u00f6digt med en strikt rutin runt utl\u00e4gg. D\u00e5 r\u00e4cker det att den anst\u00e4llda \/ \u00e4garen kan presentera ett underlag (vanligtvis ett <a href=\"http:\/\/ekonomibolaget.se\/wprs\/kvitto\/\">kvitto<\/a>) f\u00f6r utl\u00e4gget och d\u00e4refter kan bolaget ers\u00e4tta personen f\u00f6r utl\u00e4gget.<\/p>\n<p>Om utl\u00e4ggen \u00e4r omfattande b\u00f6r man anv\u00e4nda en rutin f\u00f6r att f\u00f6renkla hanteringen. Om utl\u00e4ggen \u00e4r reseutl\u00e4gg kan man med f\u00f6rdel anv\u00e4nda en Excelmall f\u00f6r utl\u00e4ggen alternativt anv\u00e4nda Vismas App f\u00f6r resor och utl\u00e4gg.<\/p>\n<p>Se \u00e4ven <a href=\"http:\/\/ekonomibolaget.se\/wprs\/egna-utlagg-egen-avrakning\/\">Egna utl\u00e4gg<\/a><\/p>\n","protected":false},"excerpt":{"rendered":"<p>Utl\u00e4gg inneb\u00e4r att en \u00e4gare eller anst\u00e4lld betalar en utgift f\u00f6r f\u00f6retagets r\u00e4kning med egna pengar. Om utl\u00e4ggen \u00e4r f\u00e5 och h\u00e4nder s\u00e4llan \u00e4r det on\u00f6digt med en strikt rutin runt utl\u00e4gg. D\u00e5 r\u00e4cker det att den anst\u00e4llda \/ \u00e4garen kan presentera ett underlag (vanligtvis ett kvitto) f\u00f6r utl\u00e4gget och d\u00e4refter kan bolaget ers\u00e4tta personen &hellip; <a href=\"https:\/\/ekonomibolaget.se\/wprs\/utlaggsredovisning\/\" class=\"more-link\">Forts\u00e4tt l\u00e4sa<span class=\"screen-reader-text\"> &#8221;Utl\u00e4ggsredovisning&#8221;<\/span><\/a><\/p>\n","protected":false},"author":1,"featured_media":0,"parent":0,"menu_order":0,"comment_status":"closed","ping_status":"closed","template":"","meta":[],"_links":{"self":[{"href":"https:\/\/ekonomibolaget.se\/wprs\/wp-json\/wp\/v2\/pages\/230"}],"collection":[{"href":"https:\/\/ekonomibolaget.se\/wprs\/wp-json\/wp\/v2\/pages"}],"about":[{"href":"https:\/\/ekonomibolaget.se\/wprs\/wp-json\/wp\/v2\/types\/page"}],"author":[{"embeddable":true,"href":"https:\/\/ekonomibolaget.se\/wprs\/wp-json\/wp\/v2\/users\/1"}],"replies":[{"embeddable":true,"href":"https:\/\/ekonomibolaget.se\/wprs\/wp-json\/wp\/v2\/comments?post=230"}],"version-history":[{"count":2,"href":"https:\/\/ekonomibolaget.se\/wprs\/wp-json\/wp\/v2\/pages\/230\/revisions"}],"predecessor-version":[{"id":232,"href":"https:\/\/ekonomibolaget.se\/wprs\/wp-json\/wp\/v2\/pages\/230\/revisions\/232"}],"wp:attachment":[{"href":"https:\/\/ekonomibolaget.se\/wprs\/wp-json\/wp\/v2\/media?parent=230"}],"curies":[{"name":"wp","href":"https:\/\/api.w.org\/{rel}","templated":true}]}}