{"id":240,"date":"2018-05-27T13:22:41","date_gmt":"2018-05-27T11:22:41","guid":{"rendered":"http:\/\/ekonomibolaget.se\/wprs\/?page_id=240"},"modified":"2024-09-27T17:04:32","modified_gmt":"2024-09-27T15:04:32","slug":"systemintegration","status":"publish","type":"page","link":"https:\/\/ekonomibolaget.se\/wprs\/services\/systemintegration\/","title":{"rendered":"Systemintegration"},"content":{"rendered":"\n<p>Inom redovisning kan en hel del arbetsuppgifter effektiviseras genom att man f\u00e5r olika system att &#8221;prata&#8221; med varandra direkt utan m\u00e4nsklig inblandning.<\/p>\n\n\n\n<p>De vanligaste formerna av integration inom redovisning \u00e4r hantering av betalningar (in- och utg\u00e5ende).<\/p>\n\n\n\n<p>N\u00e5got som blir mer och mer vanligt \u00e4r integration mellan webshoppar och aff\u00e4rssystem. D\u00e5 kan det handla om t ex order, logistik, fakturering och betalningar.<\/p>\n\n\n\n<p>Vi \u00e4r specialister p\u00e5 att g\u00f6ra integrationer mot Fortnox.<\/p>\n\n\n\n<p>Vi ansvarar f\u00f6r och driftar <a href=\"https:\/\/ekonomibolaget.se\/wprs\/services\/lopande-redovisning\/betalvaxlar\/svea-webpay\/automatisk-avstamning-svea-webpay\/svea-webpay-fortnox\/\" data-type=\"page\" data-id=\"482\">Sveas betalningl\u00f6sningar f\u00f6r e-handel<\/a>.<\/p>\n","protected":false},"excerpt":{"rendered":"<p>Inom redovisning kan en hel del arbetsuppgifter effektiviseras genom att man f\u00e5r olika system att &#8221;prata&#8221; med varandra direkt utan m\u00e4nsklig inblandning. De vanligaste formerna av integration inom redovisning \u00e4r hantering av betalningar (in- och utg\u00e5ende). N\u00e5got som blir mer och mer vanligt \u00e4r integration mellan webshoppar och aff\u00e4rssystem. D\u00e5 kan det handla om t &hellip; <a href=\"https:\/\/ekonomibolaget.se\/wprs\/services\/systemintegration\/\" class=\"more-link\">Forts\u00e4tt l\u00e4sa<span class=\"screen-reader-text\"> &#8221;Systemintegration&#8221;<\/span><\/a><\/p>\n","protected":false},"author":1,"featured_media":0,"parent":2,"menu_order":0,"comment_status":"closed","ping_status":"closed","template":"","meta":[],"_links":{"self":[{"href":"https:\/\/ekonomibolaget.se\/wprs\/wp-json\/wp\/v2\/pages\/240"}],"collection":[{"href":"https:\/\/ekonomibolaget.se\/wprs\/wp-json\/wp\/v2\/pages"}],"about":[{"href":"https:\/\/ekonomibolaget.se\/wprs\/wp-json\/wp\/v2\/types\/page"}],"author":[{"embeddable":true,"href":"https:\/\/ekonomibolaget.se\/wprs\/wp-json\/wp\/v2\/users\/1"}],"replies":[{"embeddable":true,"href":"https:\/\/ekonomibolaget.se\/wprs\/wp-json\/wp\/v2\/comments?post=240"}],"version-history":[{"count":5,"href":"https:\/\/ekonomibolaget.se\/wprs\/wp-json\/wp\/v2\/pages\/240\/revisions"}],"predecessor-version":[{"id":872,"href":"https:\/\/ekonomibolaget.se\/wprs\/wp-json\/wp\/v2\/pages\/240\/revisions\/872"}],"up":[{"embeddable":true,"href":"https:\/\/ekonomibolaget.se\/wprs\/wp-json\/wp\/v2\/pages\/2"}],"wp:attachment":[{"href":"https:\/\/ekonomibolaget.se\/wprs\/wp-json\/wp\/v2\/media?parent=240"}],"curies":[{"name":"wp","href":"https:\/\/api.w.org\/{rel}","templated":true}]}}