{"id":269,"date":"2018-08-23T17:29:22","date_gmt":"2018-08-23T15:29:22","guid":{"rendered":"http:\/\/ekonomibolaget.se\/wprs\/?page_id=269"},"modified":"2018-10-21T10:18:19","modified_gmt":"2018-10-21T08:18:19","slug":"anstallningsavtal","status":"publish","type":"page","link":"https:\/\/ekonomibolaget.se\/wprs\/anstallningsavtal\/","title":{"rendered":"Anst\u00e4llningsavtal"},"content":{"rendered":"<p>Alla anst\u00e4llningar inneb\u00e4r ett anst\u00e4llningsavtal. Vi rekommenderar starkt att ni <strong>alltid <\/strong>uppr\u00e4ttar skriftliga anst\u00e4llningsavtal. Vid en f\u00f6r\u00e4ndring av avtalet skall det ocks\u00e5 g\u00f6ras skriftligen.<\/p>\n<p>Ett avtal b\u00f6r minst inneh\u00e5lla f\u00f6ljande:<\/p>\n<ul>\n<li>Den anst\u00e4lldas personnummer \/ samordningsnummer. Om den anst\u00e4llda inte har ett personnummer kan ni inte anst\u00e4lla personen. Om man har lov att arbeta i Sverige har man eller kan man skaffa ett personnummer.<\/li>\n<li>Namn och kontaktuppgifter till den anst\u00e4llda<\/li>\n<li>Vilket bolag som anst\u00e4ller personen, dvs orgnr, bolagsnamn och kontaktuppgifter.<\/li>\n<li>Anst\u00e4llningstyp, dvs provanst\u00e4llning, allm\u00e4n visstid, tillsvidare etc.<\/li>\n<li>Omfattning, dvs hur m\u00e5nga timmar i veckan den anst\u00e4llde skall arbeta. Om arbetstiden varierar \u00e4r det viktigt att schemal\u00e4gga den anst\u00e4llde s\u00e5 l\u00e5ngt det \u00e4r m\u00f6jligt.<\/li>\n<li>L\u00f6n och eventuella \u00f6vriga ers\u00e4ttningar (t ex friskv\u00e5rd)<\/li>\n<li>Semestervillkor<\/li>\n<li>Anst\u00e4llningens startdatum, eventuellt slutdatum och upps\u00e4gningstid (viktigt om den avviker fr\u00e5n lagstadgad).<\/li>\n<\/ul>\n","protected":false},"excerpt":{"rendered":"<p>Alla anst\u00e4llningar inneb\u00e4r ett anst\u00e4llningsavtal. Vi rekommenderar starkt att ni alltid uppr\u00e4ttar skriftliga anst\u00e4llningsavtal. Vid en f\u00f6r\u00e4ndring av avtalet skall det ocks\u00e5 g\u00f6ras skriftligen. Ett avtal b\u00f6r minst inneh\u00e5lla f\u00f6ljande: Den anst\u00e4lldas personnummer \/ samordningsnummer. Om den anst\u00e4llda inte har ett personnummer kan ni inte anst\u00e4lla personen. Om man har lov att arbeta i Sverige &hellip; <a href=\"https:\/\/ekonomibolaget.se\/wprs\/anstallningsavtal\/\" class=\"more-link\">Forts\u00e4tt l\u00e4sa<span class=\"screen-reader-text\"> &#8221;Anst\u00e4llningsavtal&#8221;<\/span><\/a><\/p>\n","protected":false},"author":1,"featured_media":0,"parent":0,"menu_order":0,"comment_status":"closed","ping_status":"closed","template":"","meta":[],"_links":{"self":[{"href":"https:\/\/ekonomibolaget.se\/wprs\/wp-json\/wp\/v2\/pages\/269"}],"collection":[{"href":"https:\/\/ekonomibolaget.se\/wprs\/wp-json\/wp\/v2\/pages"}],"about":[{"href":"https:\/\/ekonomibolaget.se\/wprs\/wp-json\/wp\/v2\/types\/page"}],"author":[{"embeddable":true,"href":"https:\/\/ekonomibolaget.se\/wprs\/wp-json\/wp\/v2\/users\/1"}],"replies":[{"embeddable":true,"href":"https:\/\/ekonomibolaget.se\/wprs\/wp-json\/wp\/v2\/comments?post=269"}],"version-history":[{"count":2,"href":"https:\/\/ekonomibolaget.se\/wprs\/wp-json\/wp\/v2\/pages\/269\/revisions"}],"predecessor-version":[{"id":293,"href":"https:\/\/ekonomibolaget.se\/wprs\/wp-json\/wp\/v2\/pages\/269\/revisions\/293"}],"wp:attachment":[{"href":"https:\/\/ekonomibolaget.se\/wprs\/wp-json\/wp\/v2\/media?parent=269"}],"curies":[{"name":"wp","href":"https:\/\/api.w.org\/{rel}","templated":true}]}}