{"id":307,"date":"2019-02-27T15:20:16","date_gmt":"2019-02-27T14:20:16","guid":{"rendered":"http:\/\/ekonomibolaget.se\/wprs\/?page_id=307"},"modified":"2020-12-08T09:56:02","modified_gmt":"2020-12-08T08:56:02","slug":"lonekostnadskalkylator","status":"publish","type":"page","link":"https:\/\/ekonomibolaget.se\/wprs\/services\/loner\/lonekostnadskalkylator\/","title":{"rendered":"L\u00f6nekostnadskalkylator"},"content":{"rendered":"<p>Med denna l\u00f6nekostnadskalkylator kan ni enkelt ber\u00e4kna l\u00f6nekostnaden vid olika l\u00f6neniv\u00e5er.<br \/>Semesterber\u00e4kning g\u00e5r att g\u00f6ra p\u00e5 olika s\u00e4tt men i denna ber\u00e4kning har vi valt sammal\u00f6neregeln p\u00e5 lagstadgad niv\u00e5.<br \/>Pensionsavs\u00e4ttning \u00e4r frivillig utan kollektivavtal.<\/p>\n<p><iframe src=\"\/tools\/taxes\/salaryCostCalculator.zul\" width=\"100%\" height=\"1500px\" frameborder=\"0\"><\/iframe><\/p>\n\n\n<p>Se \u00e4ven <a href=\"https:\/\/ekonomibolaget.se\/wprs\/services\/arsredovisning\/utdelningskalkylator\/\" data-type=\"page\" data-id=\"324\" target=\"_blank\" rel=\"noreferrer noopener\">utdelningskalkylatorn<\/a> f\u00f6r att ber\u00e4kna utdelningsutrymme.<\/p>\n","protected":false},"excerpt":{"rendered":"<p>Med denna l\u00f6nekostnadskalkylator kan ni enkelt ber\u00e4kna l\u00f6nekostnaden vid olika l\u00f6neniv\u00e5er.Semesterber\u00e4kning g\u00e5r att g\u00f6ra p\u00e5 olika s\u00e4tt men i denna ber\u00e4kning har vi valt sammal\u00f6neregeln p\u00e5 lagstadgad niv\u00e5.Pensionsavs\u00e4ttning \u00e4r frivillig utan kollektivavtal. Se \u00e4ven utdelningskalkylatorn f\u00f6r att ber\u00e4kna utdelningsutrymme.<\/p>\n","protected":false},"author":1,"featured_media":0,"parent":59,"menu_order":0,"comment_status":"closed","ping_status":"closed","template":"","meta":[],"_links":{"self":[{"href":"https:\/\/ekonomibolaget.se\/wprs\/wp-json\/wp\/v2\/pages\/307"}],"collection":[{"href":"https:\/\/ekonomibolaget.se\/wprs\/wp-json\/wp\/v2\/pages"}],"about":[{"href":"https:\/\/ekonomibolaget.se\/wprs\/wp-json\/wp\/v2\/types\/page"}],"author":[{"embeddable":true,"href":"https:\/\/ekonomibolaget.se\/wprs\/wp-json\/wp\/v2\/users\/1"}],"replies":[{"embeddable":true,"href":"https:\/\/ekonomibolaget.se\/wprs\/wp-json\/wp\/v2\/comments?post=307"}],"version-history":[{"count":6,"href":"https:\/\/ekonomibolaget.se\/wprs\/wp-json\/wp\/v2\/pages\/307\/revisions"}],"predecessor-version":[{"id":540,"href":"https:\/\/ekonomibolaget.se\/wprs\/wp-json\/wp\/v2\/pages\/307\/revisions\/540"}],"up":[{"embeddable":true,"href":"https:\/\/ekonomibolaget.se\/wprs\/wp-json\/wp\/v2\/pages\/59"}],"wp:attachment":[{"href":"https:\/\/ekonomibolaget.se\/wprs\/wp-json\/wp\/v2\/media?parent=307"}],"curies":[{"name":"wp","href":"https:\/\/api.w.org\/{rel}","templated":true}]}}