{"id":315,"date":"2019-03-01T17:28:08","date_gmt":"2019-03-01T16:28:08","guid":{"rendered":"http:\/\/ekonomibolaget.se\/wprs\/?page_id=315"},"modified":"2019-03-01T17:43:50","modified_gmt":"2019-03-01T16:43:50","slug":"vaxa-stod","status":"publish","type":"page","link":"https:\/\/ekonomibolaget.se\/wprs\/services\/loner\/vaxa-stod\/","title":{"rendered":"V\u00e4xa-st\u00f6d"},"content":{"rendered":"<p>V\u00e4xa-st\u00f6d \u00e4r en tillf\u00e4lligt s\u00e4nkt arbetsgivaravgift f\u00f6r ett bolags f\u00f6rsta icke-n\u00e4rst\u00e5ende anst\u00e4llda.<\/p>\n<p>L\u00e4s mer om st\u00f6det p\u00e5 <a href=\"https:\/\/www.skatteverket.se\/foretagochorganisationer\/arbetsgivare\/arbetsgivaravgifterochskatteavdrag\/vaxastodtillfalligtsanktarbetsgivaravgift.4.361dc8c15312eff6fd37447.html\" target=\"_blank\" rel=\"noopener\">Skatteverkets hemsida<\/a>.<\/p>\n<p>I korthet g\u00e4ller det f\u00f6r enskilda firmor, handelsbolag och aktiebolag.<\/p>\n<p>Lagen som reglerar v\u00e4xa-st\u00f6det heter <a href=\"https:\/\/lagen.nu\/2016:1053\" target=\"_blank\" rel=\"noopener\">Lag (2016:1053) om s\u00e4rskild ber\u00e4kning av vissa avgifter f\u00f6r enmansf\u00f6retag under \u00e5ren 2017-2021<\/a><\/p>\n","protected":false},"excerpt":{"rendered":"<p>V\u00e4xa-st\u00f6d \u00e4r en tillf\u00e4lligt s\u00e4nkt arbetsgivaravgift f\u00f6r ett bolags f\u00f6rsta icke-n\u00e4rst\u00e5ende anst\u00e4llda. L\u00e4s mer om st\u00f6det p\u00e5 Skatteverkets hemsida. I korthet g\u00e4ller det f\u00f6r enskilda firmor, handelsbolag och aktiebolag. Lagen som reglerar v\u00e4xa-st\u00f6det heter Lag (2016:1053) om s\u00e4rskild ber\u00e4kning av vissa avgifter f\u00f6r enmansf\u00f6retag under \u00e5ren 2017-2021<\/p>\n","protected":false},"author":1,"featured_media":0,"parent":59,"menu_order":0,"comment_status":"closed","ping_status":"closed","template":"","meta":[],"_links":{"self":[{"href":"https:\/\/ekonomibolaget.se\/wprs\/wp-json\/wp\/v2\/pages\/315"}],"collection":[{"href":"https:\/\/ekonomibolaget.se\/wprs\/wp-json\/wp\/v2\/pages"}],"about":[{"href":"https:\/\/ekonomibolaget.se\/wprs\/wp-json\/wp\/v2\/types\/page"}],"author":[{"embeddable":true,"href":"https:\/\/ekonomibolaget.se\/wprs\/wp-json\/wp\/v2\/users\/1"}],"replies":[{"embeddable":true,"href":"https:\/\/ekonomibolaget.se\/wprs\/wp-json\/wp\/v2\/comments?post=315"}],"version-history":[{"count":1,"href":"https:\/\/ekonomibolaget.se\/wprs\/wp-json\/wp\/v2\/pages\/315\/revisions"}],"predecessor-version":[{"id":316,"href":"https:\/\/ekonomibolaget.se\/wprs\/wp-json\/wp\/v2\/pages\/315\/revisions\/316"}],"up":[{"embeddable":true,"href":"https:\/\/ekonomibolaget.se\/wprs\/wp-json\/wp\/v2\/pages\/59"}],"wp:attachment":[{"href":"https:\/\/ekonomibolaget.se\/wprs\/wp-json\/wp\/v2\/media?parent=315"}],"curies":[{"name":"wp","href":"https:\/\/api.w.org\/{rel}","templated":true}]}}