{"id":324,"date":"2019-05-16T14:20:52","date_gmt":"2019-05-16T12:20:52","guid":{"rendered":"http:\/\/ekonomibolaget.se\/wprs\/?page_id=324"},"modified":"2026-01-23T16:13:09","modified_gmt":"2026-01-23T15:13:09","slug":"utdelningskalkylator","status":"publish","type":"page","link":"https:\/\/ekonomibolaget.se\/wprs\/services\/arsredovisning\/utdelningskalkylator\/","title":{"rendered":"Utdelningskalkylator"},"content":{"rendered":"\n<p>Ber\u00e4kna utdelningsutymme f\u00f6r huvudregeln fram till inkomst\u00e5r 2025. OBS! Anv\u00e4nd p\u00e5 egen risk. Fr\u00e5n inkomst\u00e5r 2026 g\u00e4ller <a href=\"https:\/\/www.skatteverket.se\/foretag\/drivaforetag\/foretagsformer\/famansforetag\/andradereglerinforinkomstdeklarationen2027.4.4a54dc8b19aa6175a152359.html\">nya regler<\/a>.<\/p>\n\n\n\n<p>L\u00f6nens l\u00e4gstabelopp \u00e4r 6 Inkomstbasbelopp + 5% av bolagets l\u00f6nekostnader<br>\nL\u00f6n som alltid \u00e4r OK \u00e4r 9,6 Inkomstbasbelopp<br>\nMan anv\u00e4nder basbeloppet f\u00f6r det \u00e5r l\u00f6nerna utbetalats.\n\n\n\n<figure><iframe src=\"\/tools\/taxes\/index.zul\" width=\"100%\" height=\"700px\" frameborder=\"0\"><\/iframe><\/figure>\n\n\n\n<p>F\u00f6renklingsregeln ger ett utdelningsutrymme p\u00e5 2,75 ggr inkomstprisbasbeloppet som g\u00e4llde \u00e5ret innan beskattnings\u00e5ret, dvs samma inkomstprisbasbelopp som anv\u00e4nds f\u00f6r att ber\u00e4kna huvudregeln.<\/p>\n","protected":false},"excerpt":{"rendered":"<p>Ber\u00e4kna utdelningsutymme f\u00f6r huvudregeln fram till inkomst\u00e5r 2025. OBS! Anv\u00e4nd p\u00e5 egen risk. Fr\u00e5n inkomst\u00e5r 2026 g\u00e4ller nya regler. L\u00f6nens l\u00e4gstabelopp \u00e4r 6 Inkomstbasbelopp + 5% av bolagets l\u00f6nekostnader L\u00f6n som alltid \u00e4r OK \u00e4r 9,6 Inkomstbasbelopp Man anv\u00e4nder basbeloppet f\u00f6r det \u00e5r l\u00f6nerna utbetalats. F\u00f6renklingsregeln ger ett utdelningsutrymme p\u00e5 2,75 ggr inkomstprisbasbeloppet som g\u00e4llde &hellip; <a href=\"https:\/\/ekonomibolaget.se\/wprs\/services\/arsredovisning\/utdelningskalkylator\/\" class=\"more-link\">Forts\u00e4tt l\u00e4sa<span class=\"screen-reader-text\"> &#8221;Utdelningskalkylator&#8221;<\/span><\/a><\/p>\n","protected":false},"author":1,"featured_media":0,"parent":45,"menu_order":0,"comment_status":"closed","ping_status":"closed","template":"","meta":[],"_links":{"self":[{"href":"https:\/\/ekonomibolaget.se\/wprs\/wp-json\/wp\/v2\/pages\/324"}],"collection":[{"href":"https:\/\/ekonomibolaget.se\/wprs\/wp-json\/wp\/v2\/pages"}],"about":[{"href":"https:\/\/ekonomibolaget.se\/wprs\/wp-json\/wp\/v2\/types\/page"}],"author":[{"embeddable":true,"href":"https:\/\/ekonomibolaget.se\/wprs\/wp-json\/wp\/v2\/users\/1"}],"replies":[{"embeddable":true,"href":"https:\/\/ekonomibolaget.se\/wprs\/wp-json\/wp\/v2\/comments?post=324"}],"version-history":[{"count":9,"href":"https:\/\/ekonomibolaget.se\/wprs\/wp-json\/wp\/v2\/pages\/324\/revisions"}],"predecessor-version":[{"id":928,"href":"https:\/\/ekonomibolaget.se\/wprs\/wp-json\/wp\/v2\/pages\/324\/revisions\/928"}],"up":[{"embeddable":true,"href":"https:\/\/ekonomibolaget.se\/wprs\/wp-json\/wp\/v2\/pages\/45"}],"wp:attachment":[{"href":"https:\/\/ekonomibolaget.se\/wprs\/wp-json\/wp\/v2\/media?parent=324"}],"curies":[{"name":"wp","href":"https:\/\/api.w.org\/{rel}","templated":true}]}}