{"id":336,"date":"2019-08-19T09:44:09","date_gmt":"2019-08-19T07:44:09","guid":{"rendered":"http:\/\/ekonomibolaget.se\/wprs\/?page_id=336"},"modified":"2020-10-28T09:33:45","modified_gmt":"2020-10-28T08:33:45","slug":"eget-kapital-i-aktiebolag","status":"publish","type":"page","link":"https:\/\/ekonomibolaget.se\/wprs\/om-oss\/associationsformer\/aktiebolag\/eget-kapital-i-aktiebolag\/","title":{"rendered":"Eget kapital i aktiebolag"},"content":{"rendered":"\n<p>Eget kapital kan enkelt beskrivas som<\/p>\n\n\n\n<pre class=\"wp-block-preformatted\">Eget kapital = Tillg\u00e5ngar - Skulder<\/pre>\n\n\n\n<p>Eget kapital \u00e4r i teorin det som finns kvar om bolaget s\u00e4ljer alla sina tillg\u00e5ngar och betalar alla sina skulder.<\/p>\n\n\n\n<p>Normalt sett s\u00e5 ligger eget kapital p\u00e5 skuldsidan i bolagets balansr\u00e4kning. Man kan d\u00e5 t\u00e4nka p\u00e5 det som en skuld till bolagets \u00e4gare. Om ett bolag g\u00e5r med vinst kommer tillg\u00e5ngarna att hela tiden v\u00e4xa j\u00e4mf\u00f6rt med dess skulder. Det egna kapitalet (skulden till \u00e4garen) \u00f6kar med vinsten.<\/p>\n\n\n\n<p>Om skulderna i bolaget \u00e4r st\u00f6rre \u00e4r bolagets tillg\u00e5ngar, vilket sker ifall ett bolag g\u00e5r med f\u00f6rlust i f\u00f6r stor utstr\u00e4ckning, s\u00e5 finns inget eget kapital. I praktiken betyder det att en del av bolagets skulder inte g\u00e5r att betala eftersom tillg\u00e5ngarna inte r\u00e4cker till.<\/p>\n\n\n\n<p>Ett aktiebolag som har st\u00f6rre skulder \u00e4n tillg\u00e5ngar kan bli f\u00f6rem\u00e5l f\u00f6r en rad lagar och tv\u00e5ngs\u00e5tg\u00e4rder som syftar till att skydda bolagets <a rel=\"noreferrer noopener\" aria-label=\"borgen\u00e4rer (\u00f6ppnas i en ny flik)\" href=\"https:\/\/sv.wikipedia.org\/wiki\/Borgen%C3%A4r\" target=\"_blank\">borgen\u00e4rer<\/a>.<\/p>\n\n\n\n<h2 id=\"shareholder-contrib\">Aktie\u00e4gartillskott<\/h2>\n\n\n\n<p>Ett s\u00e4tt att undvika att bolagets skulder blir st\u00f6rre \u00e4n dess tillg\u00e5ngar \u00e4r att \u00f6ka det egna kapitalet med ett aktie\u00e4gartillskott.<\/p>\n\n\n\n<p>Ett aktie\u00e4gartillskott \u00e4r en &#8221;forml\u00f6s nyemission&#8221;, dvs det kr\u00e4vs ingen formell \u00e4ndring av aktiekapitalet utan det r\u00e4cker med att en aktie\u00e4gare best\u00e4mmer att g\u00f6ra ett aktie\u00e4gartillskott.<\/p>\n\n\n\n<p>Ett aktie\u00e4gartillskott kan vara villkorat (dvs inl\u00e5naren vill ha tillbaka pengarna) eller ovillkorat (den specifika inl\u00e5naren har inga \u00e5terbetalningskrav).<\/p>\n\n\n\n<p>Aktie\u00e4gartillskott g\u00f6rs genom att man s\u00e4tter in pengar i bolaget och s\u00e4ger att det \u00e4r ett aktie\u00e4gartillskott (eget kapital). D\u00e5 \u00f6kar man bolagets tillg\u00e5ngar utan att \u00f6ka dess skulder. Alternativt, om \u00e4garen redan har l\u00e5nat in pengar i bolaget, s\u00e5 omvandlar man inl\u00e5ningen till ett aktie\u00e4gartillskott, dvs man minskar bolagets skulder.<\/p>\n\n\n\n<p>Skillnaden mellan inl\u00e5ning fr\u00e5n aktie\u00e4gare och ett aktie\u00e4gartillskott \u00e4r bl a f\u00f6ljande<\/p>\n\n\n\n<ul><li>Aktie\u00e4gartillskott \u00e4r ej r\u00e4nteb\u00e4rande<\/li><li>Aktie\u00e4gartillskott kan enbart \u00e5terbetalas n\u00e4r det ej l\u00e4ngre beh\u00f6vs i bolaget, dvs det egna kapitalet \u00e4r \u00e5terst\u00e4llt och n\u00e4r en bolagsst\u00e4mma har beslutat att det g\u00e5r att \u00e5terbetala.<\/li><\/ul>\n\n\n\n<p>Det \u00e4r en stor f\u00f6rdel att dokumentera aktie\u00e4gartillskotten skriftligt (f\u00f6rutom i bokf\u00f6ringen) s\u00e5 att det enkelt g\u00e5r att f\u00f6lja vem som gjort tillskotten och n\u00e4r.<\/p>\n\n\n\n<p>Ett aktie\u00e4gartillskott <strong>kan<\/strong> r\u00e4knas som anskaffningsv\u00e4rde n\u00e4r\/om aktierna s\u00e4ljs eller bolaget upph\u00f6r. Det <strong>kan<\/strong> \u00e4ven r\u00e4knas som en fordringsr\u00e4tt (och d\u00e5 ej anskaffningsv\u00e4rde) beroende p\u00e5 hur avtalet om avyttring formuleras.<\/p>\n","protected":false},"excerpt":{"rendered":"<p>Eget kapital kan enkelt beskrivas som Eget kapital = Tillg\u00e5ngar &#8211; Skulder Eget kapital \u00e4r i teorin det som finns kvar om bolaget s\u00e4ljer alla sina tillg\u00e5ngar och betalar alla sina skulder. Normalt sett s\u00e5 ligger eget kapital p\u00e5 skuldsidan i bolagets balansr\u00e4kning. Man kan d\u00e5 t\u00e4nka p\u00e5 det som en skuld till bolagets \u00e4gare. &hellip; <a href=\"https:\/\/ekonomibolaget.se\/wprs\/om-oss\/associationsformer\/aktiebolag\/eget-kapital-i-aktiebolag\/\" class=\"more-link\">Forts\u00e4tt l\u00e4sa<span class=\"screen-reader-text\"> &#8221;Eget kapital i aktiebolag&#8221;<\/span><\/a><\/p>\n","protected":false},"author":1,"featured_media":0,"parent":112,"menu_order":0,"comment_status":"closed","ping_status":"closed","template":"","meta":[],"_links":{"self":[{"href":"https:\/\/ekonomibolaget.se\/wprs\/wp-json\/wp\/v2\/pages\/336"}],"collection":[{"href":"https:\/\/ekonomibolaget.se\/wprs\/wp-json\/wp\/v2\/pages"}],"about":[{"href":"https:\/\/ekonomibolaget.se\/wprs\/wp-json\/wp\/v2\/types\/page"}],"author":[{"embeddable":true,"href":"https:\/\/ekonomibolaget.se\/wprs\/wp-json\/wp\/v2\/users\/1"}],"replies":[{"embeddable":true,"href":"https:\/\/ekonomibolaget.se\/wprs\/wp-json\/wp\/v2\/comments?post=336"}],"version-history":[{"count":12,"href":"https:\/\/ekonomibolaget.se\/wprs\/wp-json\/wp\/v2\/pages\/336\/revisions"}],"predecessor-version":[{"id":523,"href":"https:\/\/ekonomibolaget.se\/wprs\/wp-json\/wp\/v2\/pages\/336\/revisions\/523"}],"up":[{"embeddable":true,"href":"https:\/\/ekonomibolaget.se\/wprs\/wp-json\/wp\/v2\/pages\/112"}],"wp:attachment":[{"href":"https:\/\/ekonomibolaget.se\/wprs\/wp-json\/wp\/v2\/media?parent=336"}],"curies":[{"name":"wp","href":"https:\/\/api.w.org\/{rel}","templated":true}]}}