{"id":352,"date":"2019-08-27T13:48:13","date_gmt":"2019-08-27T11:48:13","guid":{"rendered":"http:\/\/ekonomibolaget.se\/wprs\/?page_id=352"},"modified":"2019-08-27T13:53:21","modified_gmt":"2019-08-27T11:53:21","slug":"overlamning","status":"publish","type":"page","link":"https:\/\/ekonomibolaget.se\/wprs\/kontakta-oss\/overlamning\/","title":{"rendered":"\u00d6verl\u00e4mning"},"content":{"rendered":"\n<p>Med \u00f6verl\u00e4mning menar vi n\u00e4r vi tar \u00f6ver material fr\u00e5n en tidigare byr\u00e5 \/ redovisare eller n\u00e4r vi skall l\u00e4mna \u00f6ver till en annan byr\u00e5.<\/p>\n\n\n\n<p>F\u00f6r att en \u00f6verl\u00e4mning skall g\u00e5 s\u00e5 smidigt som m\u00f6jligt \u00e4r det bra att f\u00f6lja nedan steg.<\/p>\n\n\n\n<ol><li>Best\u00e4m ett brytdatum f\u00f6r n\u00e4r ansvaret f\u00f6r redovisningen skall skifta. Detta b\u00f6r man komma \u00f6verens om mellan \u00f6verl\u00e4mnare och \u00f6vertagare i god tid s\u00e5 att ingenting missas. Brytdatumet kan vara vilket datum som helst, men det underl\u00e4ttar ifall det \u00e4r vid r\u00e4kenskaps\u00e5rsskifte, kvartalsskifte eller m\u00e5nadsskifte. \u00d6nskv\u00e4rt \u00e4r att man inte delar p\u00e5 en momsperiod om m\u00f6jligt.<\/li><li>Ta reda p\u00e5 vilket system avl\u00e4mnande byr\u00e5 anv\u00e4nder. Om vi anv\u00e4nder samma system (Fortnox) blir steg 4 och 6 on\u00f6diga. D\u00e5 skall ist\u00e4llet nya byr\u00e5n ges tillg\u00e5ng till bolaget i Fortnox.<\/li><li>N\u00e4r brytdatumet passerat, st\u00e4mmer avl\u00e4mnande byr\u00e5 av balansr\u00e4kningen s\u00e5 mycket det \u00e4r m\u00f6jligt och skickar sedan \u00f6ver en Balansr\u00e4kning och Resultatr\u00e4kning per brytdatum till \u00f6vertagande byr\u00e5.<\/li><li>Balansposterna skall specificeras upp s\u00e5 noggrant det g\u00e5r med bl a<ol><li>Anl\u00e4ggningsregister<\/li><li>Kundreskontralista<\/li><li>Leverant\u00f6rsreskontralista<\/li><li>Semesterskuldlista<\/li><\/ol><\/li><li>De senast gjorda bokslutet med \u00e5rsredovisning och bokslutsbilagor b\u00f6r tillhandah\u00e5llas \u00f6vertagande byr\u00e5.<\/li><li>En SIE4-fil p\u00e5 tillg\u00e4nglig redovisning b\u00f6r \u00e4ven skickas \u00f6ver.<\/li><li>P\u00e4rmar och annat pappersmaterial kan bolaget vars redovisning det g\u00e4ller h\u00e4mta \/ erh\u00e5lla fr\u00e5n avl\u00e4mnande byr\u00e5<\/li><\/ol>\n\n\n\n<p><\/p>\n","protected":false},"excerpt":{"rendered":"<p>Med \u00f6verl\u00e4mning menar vi n\u00e4r vi tar \u00f6ver material fr\u00e5n en tidigare byr\u00e5 \/ redovisare eller n\u00e4r vi skall l\u00e4mna \u00f6ver till en annan byr\u00e5. F\u00f6r att en \u00f6verl\u00e4mning skall g\u00e5 s\u00e5 smidigt som m\u00f6jligt \u00e4r det bra att f\u00f6lja nedan steg. Best\u00e4m ett brytdatum f\u00f6r n\u00e4r ansvaret f\u00f6r redovisningen skall skifta. Detta b\u00f6r man &hellip; <a href=\"https:\/\/ekonomibolaget.se\/wprs\/kontakta-oss\/overlamning\/\" class=\"more-link\">Forts\u00e4tt l\u00e4sa<span class=\"screen-reader-text\"> &#8221;\u00d6verl\u00e4mning&#8221;<\/span><\/a><\/p>\n","protected":false},"author":1,"featured_media":0,"parent":12,"menu_order":0,"comment_status":"closed","ping_status":"closed","template":"","meta":[],"_links":{"self":[{"href":"https:\/\/ekonomibolaget.se\/wprs\/wp-json\/wp\/v2\/pages\/352"}],"collection":[{"href":"https:\/\/ekonomibolaget.se\/wprs\/wp-json\/wp\/v2\/pages"}],"about":[{"href":"https:\/\/ekonomibolaget.se\/wprs\/wp-json\/wp\/v2\/types\/page"}],"author":[{"embeddable":true,"href":"https:\/\/ekonomibolaget.se\/wprs\/wp-json\/wp\/v2\/users\/1"}],"replies":[{"embeddable":true,"href":"https:\/\/ekonomibolaget.se\/wprs\/wp-json\/wp\/v2\/comments?post=352"}],"version-history":[{"count":3,"href":"https:\/\/ekonomibolaget.se\/wprs\/wp-json\/wp\/v2\/pages\/352\/revisions"}],"predecessor-version":[{"id":356,"href":"https:\/\/ekonomibolaget.se\/wprs\/wp-json\/wp\/v2\/pages\/352\/revisions\/356"}],"up":[{"embeddable":true,"href":"https:\/\/ekonomibolaget.se\/wprs\/wp-json\/wp\/v2\/pages\/12"}],"wp:attachment":[{"href":"https:\/\/ekonomibolaget.se\/wprs\/wp-json\/wp\/v2\/media?parent=352"}],"curies":[{"name":"wp","href":"https:\/\/api.w.org\/{rel}","templated":true}]}}