{"id":376,"date":"2020-07-17T14:17:47","date_gmt":"2020-07-17T12:17:47","guid":{"rendered":"http:\/\/ekonomibolaget.se\/wprs\/?page_id=376"},"modified":"2020-07-17T14:24:12","modified_gmt":"2020-07-17T12:24:12","slug":"utlandshandel","status":"publish","type":"page","link":"https:\/\/ekonomibolaget.se\/wprs\/utlandshandel\/","title":{"rendered":"Utlandshandel"},"content":{"rendered":"\n<p>Handel med utlandet \u00e4r i skattesammanhang handel med l\u00e4nder utanf\u00f6r EU.<\/p>\n\n\n\n<p>Handel med tj\u00e4nster \u00e4r relativt okomplicerat. Handel med varor kr\u00e4ver mer detaljerad dokumentation.<\/p>\n\n\n\n<p>I redovisningssammanhang \u00e4r det viktigt att h\u00e5lla koll p\u00e5 inf\u00f6rseldatum f\u00f6r varor. Detta eftersom tullverket och skatteverket samk\u00f6r sina uppgifter n\u00e4r det g\u00e4ller inf\u00f6rselmoms.<\/p>\n\n\n\n<p>Inf\u00f6rselmoms \u00e4r i praktiken en fiktiv moms eftersom in- och utg\u00e5ende moms tar ut varandra. Den m\u00e5ste dock redovisas i momsdeklarationen.<\/p>\n\n\n\n<p>De flesta fel i bokf\u00f6ring av utlandshandel uppst\u00e5r n\u00e4r inf\u00f6rseldatum inte sammanfaller med fakturadatum. Utlandshandel inneb\u00e4r ofta att varor betalas i f\u00f6rskott samt att s.k. pro-forma fakturor utf\u00e4rdas till tulldeklarationen. <\/p>\n\n\n\n<p>F\u00f6r att underl\u00e4tta hanteringen och i m\u00f6jligaste m\u00e5n f\u00e5 redovisningen korrekt fr\u00e5n b\u00f6rjan rekommenderar vi f\u00f6ljande rutiner:<\/p>\n\n\n\n<ul><li>Beg\u00e4ran om f\u00f6rskottsbetalningar skall inte utformas som en faktura. Om leverant\u00f6ren skickar en s\u00e5dan faktura, be dem makulera den och be ist\u00e4llet att f\u00e5 betala mot en orderbekr\u00e4ftelse d\u00e4r det framg\u00e5r vad som best\u00e4llts, n\u00e4r det skall levereras och betalningsvillkor.<br>Anv\u00e4nd en kopia av orderbekr\u00e4ftelsen som underlag f\u00f6r bokf\u00f6ringen av f\u00f6rskottet.<\/li><li>Pro-forma fakturor skall inte in i bokf\u00f6ringen. Pro-forma fakturor \u00e4r fr\u00e4mst f\u00f6r tullklarering. I m\u00f6jligaste m\u00e5n, anv\u00e4nd orderbekr\u00e4ftelser framf\u00f6r pro-forma fakturor.<br>Acceptera inte en pro-forma faktura som enda fakturaunderlag.<\/li><li>Be att leverant\u00f6ren st\u00e4ller ut fakturan i anslutning till leveransdatumet.<\/li><li>Be att leverant\u00f6ren fakturerar varje leverans f\u00f6r sig om m\u00f6jligt.<\/li><\/ul>\n","protected":false},"excerpt":{"rendered":"<p>Handel med utlandet \u00e4r i skattesammanhang handel med l\u00e4nder utanf\u00f6r EU. Handel med tj\u00e4nster \u00e4r relativt okomplicerat. Handel med varor kr\u00e4ver mer detaljerad dokumentation. I redovisningssammanhang \u00e4r det viktigt att h\u00e5lla koll p\u00e5 inf\u00f6rseldatum f\u00f6r varor. Detta eftersom tullverket och skatteverket samk\u00f6r sina uppgifter n\u00e4r det g\u00e4ller inf\u00f6rselmoms. Inf\u00f6rselmoms \u00e4r i praktiken en fiktiv moms &hellip; <a href=\"https:\/\/ekonomibolaget.se\/wprs\/utlandshandel\/\" class=\"more-link\">Forts\u00e4tt l\u00e4sa<span class=\"screen-reader-text\"> &#8221;Utlandshandel&#8221;<\/span><\/a><\/p>\n","protected":false},"author":1,"featured_media":0,"parent":0,"menu_order":0,"comment_status":"closed","ping_status":"closed","template":"","meta":[],"_links":{"self":[{"href":"https:\/\/ekonomibolaget.se\/wprs\/wp-json\/wp\/v2\/pages\/376"}],"collection":[{"href":"https:\/\/ekonomibolaget.se\/wprs\/wp-json\/wp\/v2\/pages"}],"about":[{"href":"https:\/\/ekonomibolaget.se\/wprs\/wp-json\/wp\/v2\/types\/page"}],"author":[{"embeddable":true,"href":"https:\/\/ekonomibolaget.se\/wprs\/wp-json\/wp\/v2\/users\/1"}],"replies":[{"embeddable":true,"href":"https:\/\/ekonomibolaget.se\/wprs\/wp-json\/wp\/v2\/comments?post=376"}],"version-history":[{"count":3,"href":"https:\/\/ekonomibolaget.se\/wprs\/wp-json\/wp\/v2\/pages\/376\/revisions"}],"predecessor-version":[{"id":379,"href":"https:\/\/ekonomibolaget.se\/wprs\/wp-json\/wp\/v2\/pages\/376\/revisions\/379"}],"wp:attachment":[{"href":"https:\/\/ekonomibolaget.se\/wprs\/wp-json\/wp\/v2\/media?parent=376"}],"curies":[{"name":"wp","href":"https:\/\/api.w.org\/{rel}","templated":true}]}}