{"id":395,"date":"2020-09-15T16:04:39","date_gmt":"2020-09-15T14:04:39","guid":{"rendered":"http:\/\/ekonomibolaget.se\/wprs\/?page_id=395"},"modified":"2025-06-22T13:37:40","modified_gmt":"2025-06-22T11:37:40","slug":"svea-bank","status":"publish","type":"page","link":"https:\/\/ekonomibolaget.se\/wprs\/services\/redovisning\/betalvaxlar\/svea-bank\/","title":{"rendered":"Svea Webpay"},"content":{"rendered":"\n<p>Svea Webpay \u00e4r en betall\u00f6sning som tillhandah\u00e5lls av Svea Bank. Den \u00e4r fr\u00e4mst avsedd f\u00f6r internethandel d\u00e5 det finns en tillh\u00f6rande checkout och ett flertal f\u00e4rdiga integrationer till olika e-handelsplattformar.<\/p>\n\n\n\n<p>L\u00e4s mer h\u00e4r om m\u00f6jligheterna till <a href=\"http:\/\/ekonomibolaget.se\/wprs\/automatisk-avstamning-svea-webpay\/\">automatisk avst\u00e4mning av f\u00f6rs\u00e4ljning med Svea Webpay<\/a>.<\/p>\n\n\n\n<h3 id=\"manuell\">Manuell avst\u00e4mning<\/h3>\n\n\n\n<p>Om man inte har n\u00e5gon integration mellan aff\u00e4rsystemet och Webpay beh\u00f6ver man st\u00e4mma av utbetalningarna fr\u00e5n Webpay manuellt. Nedan avst\u00e4mningsfl\u00f6de \u00e4r ett f\u00f6rslag p\u00e5 hur man kan st\u00e4mma av utbetalningarna fr\u00e5n Webpay. Den automatiska avst\u00e4mningen f\u00f6ljer samma princip som avst\u00e4mningsfl\u00f6det i denna beskrivning.<\/p>\n\n\n\n<h3>Visuell beskrivning av fl\u00f6det<\/h3>\n\n\n\n<figure class=\"wp-block-image size-large\"><img loading=\"lazy\" width=\"1116\" height=\"825\" src=\"https:\/\/ekonomibolaget.se\/wprs\/wp-content\/uploads\/2020\/10\/bild.png\" alt=\"\" class=\"wp-image-494\"\/><\/figure>\n\n\n\n<h3>Avst\u00e4mningsinformation<\/h3>\n\n\n\n<p>Avst\u00e4mningsinformation f\u00f6r manuell avst\u00e4mning h\u00e4mtas genom att man loggar in p\u00e5 <a rel=\"noreferrer noopener\" href=\"https:\/\/paymentadmin.svea.com\" target=\"_blank\">Svea Payment Admin<\/a>.<\/p>\n\n\n\n<p>N\u00e4r man \u00e4r inloggad g\u00e5r man till huvudmenyn &#8221;Rapporter&#8221; och till v\u00e4nster kan man ta fram dagliga rapporter.<\/p>\n\n\n\n<figure class=\"wp-block-image size-large\"><img loading=\"lazy\" width=\"900\" height=\"572\" src=\"https:\/\/ekonomibolaget.se\/wprs\/wp-content\/uploads\/2020\/09\/RapporterSvea1.png\" alt=\"\" class=\"wp-image-412\"\/><\/figure>\n\n\n\n<p>Principen f\u00f6r att bokf\u00f6ra utbetalningarna fr\u00e5n Webpay g\u00e5r ut p\u00e5 att vi prickar av fakturabetalningarna mot ett konto som vi bara anv\u00e4nder f\u00f6r avprickning av Webpay-fakturor.<\/p>\n\n\n\n<p>Vi brukar anv\u00e4nda konto 158x. <\/p>\n\n\n\n<p>F\u00f6r att g\u00f6ra detta smidigt i t ex Fortnox l\u00e4gger man upp en betaltyp enligt nedan exempel<\/p>\n\n\n\n<figure class=\"wp-block-image size-large\"><img loading=\"lazy\" width=\"526\" height=\"435\" src=\"https:\/\/ekonomibolaget.se\/wprs\/wp-content\/uploads\/2020\/09\/BetalsattWEBPAY.png\" alt=\"\" class=\"wp-image-417\"\/><figcaption>S\u00e4rskilt betals\u00e4tt som styrs mot avst\u00e4mningskontot.<\/figcaption><\/figure>\n\n\n\n<p>Vid manuell avprickning v\u00e4ljer man d\u00e5 de fakturor som har betalats angivet datum och betalar dem mot betals\u00e4ttet som g\u00e5r mot konto 158x, i detta exempel kallat WEBPAY. Dagens inbetalningar mot det kontot \u00e4r det <em><strong>nominella beloppet<\/strong><\/em> p\u00e5 Svea Webpays sammanst\u00e4llning.<\/p>\n\n\n\n<h4 id=\"avgifter\">Bokning av avgifter<\/h4>\n\n\n\n<p>Mellanskillnaden mellan nominellt belopp och utbetalt belopp utg\u00f6rs i normalfallet av<\/p>\n\n\n\n<ul><li>Avs\u00e4ttning till sp\u00e4rrkonto<\/li><li>Avgifter<\/li><li>Ing\u00e5ende moms<\/li><li>Eventuell avr\u00e4kning mot tidigare skuld och\/eller regress.<\/li><\/ul>\n\n\n\n<p>Det nominella beloppet krediteras fr\u00e5n 158x<br>Ev avs\u00e4ttning debiteras konto 138x<br>Utbetalt belopp debiteras konto 199x<br>Avgifter debiteras konto 606x<br>Ing\u00e5ende moms debiteras konto 264x<br>Eventuellt skuldsaldo justeras mot 24xx.<\/p>\n\n\n\n<h4>Avst\u00e4mning av bankkontot<\/h4>\n\n\n\n<p>De pengar som utbetalats och \u00e5terredovisats av Svea Webpay landar p\u00e5 ert bankkonto ca 1-3 dagar senare \u00e4n \u00e5terredovisningsdatum. Se <a href=\"https:\/\/ekonomibolaget.se\/wprs\/avstamning-mot-banken-svea-fortnox\/\" data-type=\"page\" data-id=\"718\">avst\u00e4mning av bankkonto<\/a> f\u00f6r mer information.<\/p>\n","protected":false},"excerpt":{"rendered":"<p>Svea Webpay \u00e4r en betall\u00f6sning som tillhandah\u00e5lls av Svea Bank. Den \u00e4r fr\u00e4mst avsedd f\u00f6r internethandel d\u00e5 det finns en tillh\u00f6rande checkout och ett flertal f\u00e4rdiga integrationer till olika e-handelsplattformar. L\u00e4s mer h\u00e4r om m\u00f6jligheterna till automatisk avst\u00e4mning av f\u00f6rs\u00e4ljning med Svea Webpay. Manuell avst\u00e4mning Om man inte har n\u00e5gon integration mellan aff\u00e4rsystemet och Webpay &hellip; <a href=\"https:\/\/ekonomibolaget.se\/wprs\/services\/redovisning\/betalvaxlar\/svea-bank\/\" class=\"more-link\">Forts\u00e4tt l\u00e4sa<span class=\"screen-reader-text\"> &#8221;Svea Webpay&#8221;<\/span><\/a><\/p>\n","protected":false},"author":1,"featured_media":0,"parent":401,"menu_order":0,"comment_status":"closed","ping_status":"closed","template":"","meta":[],"_links":{"self":[{"href":"https:\/\/ekonomibolaget.se\/wprs\/wp-json\/wp\/v2\/pages\/395"}],"collection":[{"href":"https:\/\/ekonomibolaget.se\/wprs\/wp-json\/wp\/v2\/pages"}],"about":[{"href":"https:\/\/ekonomibolaget.se\/wprs\/wp-json\/wp\/v2\/types\/page"}],"author":[{"embeddable":true,"href":"https:\/\/ekonomibolaget.se\/wprs\/wp-json\/wp\/v2\/users\/1"}],"replies":[{"embeddable":true,"href":"https:\/\/ekonomibolaget.se\/wprs\/wp-json\/wp\/v2\/comments?post=395"}],"version-history":[{"count":17,"href":"https:\/\/ekonomibolaget.se\/wprs\/wp-json\/wp\/v2\/pages\/395\/revisions"}],"predecessor-version":[{"id":751,"href":"https:\/\/ekonomibolaget.se\/wprs\/wp-json\/wp\/v2\/pages\/395\/revisions\/751"}],"up":[{"embeddable":true,"href":"https:\/\/ekonomibolaget.se\/wprs\/wp-json\/wp\/v2\/pages\/401"}],"wp:attachment":[{"href":"https:\/\/ekonomibolaget.se\/wprs\/wp-json\/wp\/v2\/media?parent=395"}],"curies":[{"name":"wp","href":"https:\/\/api.w.org\/{rel}","templated":true}]}}