{"id":407,"date":"2020-09-17T13:49:34","date_gmt":"2020-09-17T11:49:34","guid":{"rendered":"http:\/\/ekonomibolaget.se\/wprs\/?page_id=407"},"modified":"2020-10-05T12:05:52","modified_gmt":"2020-10-05T10:05:52","slug":"terminologi-svea-webpay","status":"publish","type":"page","link":"https:\/\/ekonomibolaget.se\/wprs\/services\/redovisning\/betalvaxlar\/svea-bank\/terminologi-svea-webpay\/","title":{"rendered":"Terminologi &#8211; Svea Webpay"},"content":{"rendered":"\n<h3>Butiks-ID \/ Betals\u00e4tt \/ UG-nummer<\/h3>\n\n\n\n<p>Grundl\u00e4ggande vid avst\u00e4mningen \u00e4r att Svea Ekonomi har ett referensnummer f\u00f6r varje typ av betals\u00e4tt. Detta \u00e4r normalt ett 5-siffrigt nummer. Numret g\u00e5r under flera ben\u00e4mningar, t ex uppdragsgivarnummer (f\u00f6rkortat UG-nummer), klientnummer eller butiks-ID. Den senast g\u00e4llande termen \u00e4r Butiks-ID och d\u00e5 anv\u00e4nder vi oss av den.<\/p>\n\n\n\n<p>Man b\u00f6r komma ih\u00e5g att en butik kan ha flera Butiks-ID:n, s\u00e5 det \u00e4r inte en unik identifierare p\u00e5 en webshop \/ butik.<\/p>\n\n\n\n<p>Ett butiks-ID har ett tillh\u00f6rande betals\u00e4tt, slutkundstyp och land\/valuta. Slutkundstyper och betals\u00e4tt listas i nedan tabeller.<\/p>\n\n\n\n<figure class=\"wp-block-table\"><table class=\"\"><tbody><tr><td><strong>Slutkundstyper<\/strong><\/td><\/tr><tr><td>B2B (f\u00f6retag till f\u00f6retag)<\/td><\/tr><tr><td>B2C (f\u00f6retag till konsument)<\/td><\/tr><\/tbody><\/table><\/figure>\n\n\n\n<figure class=\"wp-block-table\"><table class=\"\"><tbody><tr><td><strong>Betals\u00e4tt<\/strong><\/td><td><strong>Beskrivning<\/strong><\/td><\/tr><tr><td>Faktura<\/td><td>Betalning sker mot faktura. Fakturan st\u00e4lls ut vid leverans av order.<\/td><\/tr><tr><td>Kortbetalning<\/td><td>Betalning sker med kort. Betalning kan antingen reserveras och sedan dras vid leverans, alternativt dras direkt vid orderl\u00e4ggning.<\/td><\/tr><tr><td>Direktbanksbetalning<\/td><td>Betalning sker via direkt dragning fr\u00e5n bank. Beloppet dras vid orderl\u00e4ggning. <\/td><\/tr><tr><td>Avbetalning<\/td><td>Slutkunden v\u00e4ljer ett avbetalningsalternativ som verkst\u00e4lls vid leverans av order.<\/td><\/tr><tr><td>Kontokredit<\/td><td>Skiljer sig mot avbetalning p\u00e5 s\u00e5 s\u00e4tt att slutkunden har ett kreditutrymme d\u00e4r eventuella avbetalningsplaner avser hela utrymmet, inte enskilda k\u00f6p.<\/td><\/tr><\/tbody><\/table><\/figure>\n\n\n\n<h3 id=\"merchantId\">merchantId<\/h3>\n\n\n\n<p>MerchantId \u00e4r en identifierare som samlar ett antal butiks-ID:n. Ett butiks-ID har t ex bara ett betals\u00e4tt knutet till sig. Om man d\u00e5 har en webshop med flera betals\u00e4tt inneb\u00e4r det att man har flera butiks-ID:n i samma webshop. MerchantId:et \u00e4r ett s\u00e4tt att knyta ihop dessa butiks-ID:n.<\/p>\n\n\n\n<p>Man har en checkout per merchantId men man kan ha flera betals\u00e4tt (butiks-ID:n) per checkout.<\/p>\n","protected":false},"excerpt":{"rendered":"<p>Butiks-ID \/ Betals\u00e4tt \/ UG-nummer Grundl\u00e4ggande vid avst\u00e4mningen \u00e4r att Svea Ekonomi har ett referensnummer f\u00f6r varje typ av betals\u00e4tt. Detta \u00e4r normalt ett 5-siffrigt nummer. Numret g\u00e5r under flera ben\u00e4mningar, t ex uppdragsgivarnummer (f\u00f6rkortat UG-nummer), klientnummer eller butiks-ID. Den senast g\u00e4llande termen \u00e4r Butiks-ID och d\u00e5 anv\u00e4nder vi oss av den. Man b\u00f6r komma &hellip; <a href=\"https:\/\/ekonomibolaget.se\/wprs\/services\/redovisning\/betalvaxlar\/svea-bank\/terminologi-svea-webpay\/\" class=\"more-link\">Forts\u00e4tt l\u00e4sa<span class=\"screen-reader-text\"> &#8221;Terminologi &#8211; Svea Webpay&#8221;<\/span><\/a><\/p>\n","protected":false},"author":1,"featured_media":0,"parent":395,"menu_order":0,"comment_status":"closed","ping_status":"closed","template":"","meta":[],"_links":{"self":[{"href":"https:\/\/ekonomibolaget.se\/wprs\/wp-json\/wp\/v2\/pages\/407"}],"collection":[{"href":"https:\/\/ekonomibolaget.se\/wprs\/wp-json\/wp\/v2\/pages"}],"about":[{"href":"https:\/\/ekonomibolaget.se\/wprs\/wp-json\/wp\/v2\/types\/page"}],"author":[{"embeddable":true,"href":"https:\/\/ekonomibolaget.se\/wprs\/wp-json\/wp\/v2\/users\/1"}],"replies":[{"embeddable":true,"href":"https:\/\/ekonomibolaget.se\/wprs\/wp-json\/wp\/v2\/comments?post=407"}],"version-history":[{"count":3,"href":"https:\/\/ekonomibolaget.se\/wprs\/wp-json\/wp\/v2\/pages\/407\/revisions"}],"predecessor-version":[{"id":435,"href":"https:\/\/ekonomibolaget.se\/wprs\/wp-json\/wp\/v2\/pages\/407\/revisions\/435"}],"up":[{"embeddable":true,"href":"https:\/\/ekonomibolaget.se\/wprs\/wp-json\/wp\/v2\/pages\/395"}],"wp:attachment":[{"href":"https:\/\/ekonomibolaget.se\/wprs\/wp-json\/wp\/v2\/media?parent=407"}],"curies":[{"name":"wp","href":"https:\/\/api.w.org\/{rel}","templated":true}]}}