{"id":421,"date":"2020-10-05T11:15:43","date_gmt":"2020-10-05T09:15:43","guid":{"rendered":"http:\/\/ekonomibolaget.se\/wprs\/?page_id=421"},"modified":"2025-06-22T13:40:46","modified_gmt":"2025-06-22T11:40:46","slug":"avstamning","status":"publish","type":"page","link":"https:\/\/ekonomibolaget.se\/wprs\/services\/redovisning\/betalvaxlar\/svea-bank\/avstamning\/","title":{"rendered":"Automatisk avst\u00e4mning Svea Webpay"},"content":{"rendered":"\n<p>F\u00f6r att \u00e5stadkomma automatisk avst\u00e4mning m\u00e5ste man ha tillg\u00e5ng till avst\u00e4mningsuppgifter. Man kan f\u00e5 tag p\u00e5 sina avst\u00e4mningsuppgifter p\u00e5 tv\u00e5 olika s\u00e4tt (f\u00f6rutom <a href=\"https:\/\/ekonomibolaget.se\/wprs\/services\/lopande-redovisning\/betalvaxlar\/svea-webpay\/#manuell\">manuell avst\u00e4mning<\/a>).<\/p>\n\n\n\n<figure class=\"wp-block-table is-style-regular\"><table><tbody><tr><td>Du har ett merchantId<\/td><td><a href=\"http:\/\/ekonomibolaget.se\/wprs\/blog\/2020\/10\/05\/aterrapportering-med-merchantid\/\">\u00c5terrapportering med merchantId<\/a><\/td><\/tr><tr><td>Du har anv\u00e4ndarnamn och l\u00f6senord<\/td><td>\u00c5terrapportering med anv\u00e4ndarnamn och l\u00f6sen.<\/td><\/tr><\/tbody><\/table><\/figure>\n\n\n\n<h2>System med f\u00e4rdigt st\u00f6d f\u00f6r automatisk avst\u00e4mning<\/h2>\n\n\n\n<p>Det finns ett antal akt\u00f6rer som arbetar med att integrera olika system. Nedan listas enbart de integrationer som tillhandah\u00e5lls direkt av Svea Bank.<\/p>\n\n\n\n<p><a href=\"https:\/\/ekonomibolaget.se\/wprs\/services\/lopande-redovisning\/betalvaxlar\/svea-webpay\/automatisk-avstamning-svea-webpay\/svea-webpay-fortnox\/\" data-type=\"page\" data-id=\"482\">Fortnox<\/a><br><\/p>\n","protected":false},"excerpt":{"rendered":"<p>F\u00f6r att \u00e5stadkomma automatisk avst\u00e4mning m\u00e5ste man ha tillg\u00e5ng till avst\u00e4mningsuppgifter. Man kan f\u00e5 tag p\u00e5 sina avst\u00e4mningsuppgifter p\u00e5 tv\u00e5 olika s\u00e4tt (f\u00f6rutom manuell avst\u00e4mning). Du har ett merchantId \u00c5terrapportering med merchantId Du har anv\u00e4ndarnamn och l\u00f6senord \u00c5terrapportering med anv\u00e4ndarnamn och l\u00f6sen. System med f\u00e4rdigt st\u00f6d f\u00f6r automatisk avst\u00e4mning Det finns ett antal akt\u00f6rer som &hellip; <a href=\"https:\/\/ekonomibolaget.se\/wprs\/services\/redovisning\/betalvaxlar\/svea-bank\/avstamning\/\" class=\"more-link\">Forts\u00e4tt l\u00e4sa<span class=\"screen-reader-text\"> &#8221;Automatisk avst\u00e4mning Svea Webpay&#8221;<\/span><\/a><\/p>\n","protected":false},"author":1,"featured_media":0,"parent":395,"menu_order":0,"comment_status":"closed","ping_status":"closed","template":"","meta":[],"_links":{"self":[{"href":"https:\/\/ekonomibolaget.se\/wprs\/wp-json\/wp\/v2\/pages\/421"}],"collection":[{"href":"https:\/\/ekonomibolaget.se\/wprs\/wp-json\/wp\/v2\/pages"}],"about":[{"href":"https:\/\/ekonomibolaget.se\/wprs\/wp-json\/wp\/v2\/types\/page"}],"author":[{"embeddable":true,"href":"https:\/\/ekonomibolaget.se\/wprs\/wp-json\/wp\/v2\/users\/1"}],"replies":[{"embeddable":true,"href":"https:\/\/ekonomibolaget.se\/wprs\/wp-json\/wp\/v2\/comments?post=421"}],"version-history":[{"count":13,"href":"https:\/\/ekonomibolaget.se\/wprs\/wp-json\/wp\/v2\/pages\/421\/revisions"}],"predecessor-version":[{"id":737,"href":"https:\/\/ekonomibolaget.se\/wprs\/wp-json\/wp\/v2\/pages\/421\/revisions\/737"}],"up":[{"embeddable":true,"href":"https:\/\/ekonomibolaget.se\/wprs\/wp-json\/wp\/v2\/pages\/395"}],"wp:attachment":[{"href":"https:\/\/ekonomibolaget.se\/wprs\/wp-json\/wp\/v2\/media?parent=421"}],"curies":[{"name":"wp","href":"https:\/\/api.w.org\/{rel}","templated":true}]}}