{"id":43,"date":"2017-12-25T18:08:19","date_gmt":"2017-12-25T17:08:19","guid":{"rendered":"http:\/\/new.notima.se\/wprs\/?page_id=43"},"modified":"2025-06-22T13:38:36","modified_gmt":"2025-06-22T11:38:36","slug":"redovisning","status":"publish","type":"page","link":"https:\/\/ekonomibolaget.se\/wprs\/services\/redovisning\/","title":{"rendered":"L\u00f6pande redovisning"},"content":{"rendered":"<p>Tj\u00e4nsten l\u00f6pande redovisning innefattar att era transaktioner bokf\u00f6rs l\u00f6pande efter ett \u00f6verenskommet intervall. Vi bed\u00f6mer var och hur transaktionerna skall bokf\u00f6ras. Transaktioner som medf\u00f6r s\u00e4rskilda skattekonsekvenser kommer att behandlas i samr\u00e5d med er.<\/p>\n<h2>Rutiner<\/h2>\n<p>N\u00e5got av det absolut viktigaste f\u00f6r att f\u00e5 en effektiv redovisningstj\u00e4nst \u00e4r att ha bra utformade rutiner f\u00f6r <a href=\"http:\/\/ekonomibolaget.se\/wprs\/kontakta-oss\/lamna-material\/\">\u00f6verl\u00e4mning \/ hantering<\/a> av <a href=\"http:\/\/ekonomibolaget.se\/wprs\/redovisningsmaterial\/\">redovisningsinformation<\/a>.<\/p>\n<p>V\u00e5rt m\u00e5l \u00e4r att minimera eventuellt dubbelarbete och l\u00e5ta er koncentrera er p\u00e5 det ni g\u00f6r f\u00f6r att tj\u00e4na pengar.<\/p>\n<p>Om det \u00e4r n\u00e5got vi kan g\u00f6ra effektivare g\u00f6r vi g\u00e4rna det. V\u00e5r erfarenhet \u00e4r att det fungerar smidigast ifall ni som klient sk\u00f6ter fakturering och vi sk\u00f6ter resten. Se g\u00e4rna v\u00e5r <a href=\"http:\/\/ekonomibolaget.se\/wprs\/checklista-for-effektiv-forvaltning\/\">checklista f\u00f6r effektiv f\u00f6rvaltning<\/a>.<\/p>\n<h3>Serviceniv\u00e5er<\/h3>\n<h4>Grundl\u00e4ggande<\/h4>\n<p>Den grundl\u00e4ggande serviceniv\u00e5n \u00e4r att ni sk\u00f6ter allt sj\u00e4lv (f\u00f6rutom bokf\u00f6ringen) och <a href=\"http:\/\/ekonomibolaget.se\/wprs\/kontakta-oss\/lamna-material\/\">l\u00e4mnar av ert material<\/a> vid ett givet intervall. Vanligtvis blir det intervallet samma som ert momsredovisningsintervall. T ex kvartalsvis.<\/p>\n<p><a href=\"http:\/\/ekonomibolaget.se\/wprs\/redovisningsmaterial\/\">En lista p\u00e5 det material vi beh\u00f6ver finns h\u00e4r<\/a>.<\/p>\n<h4>Ut\u00f6kad serviceniv\u00e5<\/h4>\n<p>Den ut\u00f6kade serviceniv\u00e5n inneb\u00e4r att vi sk\u00f6ter allt utom kundfakturering.<\/p>\n<p>Ut\u00f6kad serviceniv\u00e5 inneb\u00e4r att vi \u00e4r f\u00f6rsta anhalten f\u00f6r era leverant\u00f6rsfakturor (f\u00f6r vidare attest av er) samt att vi sk\u00f6ter leverant\u00f6rsbetalningar, \u00f6vriga betalningar och avprickning av in- och utbetalningar l\u00f6pande.<\/p>\n<p>Vid ut\u00f6kad serviceniv\u00e5 v\u00e4ljer ni sj\u00e4lv vilken kontroll ni anser er beh\u00f6va vad g\u00e4ller attester och beh\u00f6righeter.<\/p>\n<h4>Kombinerad serviceniv\u00e5<\/h4>\n<p>I princip kan vi komma \u00f6verens om ett uppl\u00e4gg som inneb\u00e4r en blandning mellan grundl\u00e4ggande och ut\u00f6kad serviceniv\u00e5. Detta \u00e4r inget vi rekommenderar d\u00e5 ansvaret l\u00e4tt kan bli otydligt. Vi \u00e4r dock flexibla och kan i de flesta fall tillm\u00f6tesg\u00e5 era \u00f6nskem\u00e5l.<\/p>\n<h4>Period f\u00f6r serviceniv\u00e5<\/h4>\n<p>F\u00f6r b\u00e5de grundl\u00e4ggande och ut\u00f6kad serviceniv\u00e5 kan ni v\u00e4lja period. Perioden anger hur ofta redovisningen skall uppdateras. F\u00f6r ut\u00f6kad serviceniv\u00e5 \u00e4r periodintervallerna t\u00e4tare, t ex dagligen, veckovis etc. F\u00f6r grundl\u00e4ggande serviceniv\u00e5 r\u00e4knas perioderna vanligtvis i m\u00e5nader.<\/p>\n<h5>Urval av tj\u00e4nster som ing\u00e5r i ut\u00f6kad serviceniv\u00e5<\/h5>\n<ul>\n<li>Bankavst\u00e4mning\/hantering via <a href=\"http:\/\/ekonomibolaget.se\/wprs\/services\/lopande-redovisning\/bankfullmakt\/\">bankfullmakt<\/a><\/li>\n<li>Leverant\u00f6rsfakturaadress<\/li>\n<li>Leverant\u00f6rsfakturaattest<\/li>\n<li>Leverant\u00f6rsbetalningar<\/li>\n<li>Aviseringar (t ex hyresavier)<\/li>\n<li>Autogirohantering<\/li>\n<li>Momsredovisning<\/li>\n<li>Periodisk sammanst\u00e4llning<\/li>\n<li>Utl\u00e4ggshantering<\/li>\n<li>Rapportering<\/li>\n<li>Skatteinbetalningar<\/li>\n<\/ul>\n","protected":false},"excerpt":{"rendered":"<p>Tj\u00e4nsten l\u00f6pande redovisning innefattar att era transaktioner bokf\u00f6rs l\u00f6pande efter ett \u00f6verenskommet intervall. Vi bed\u00f6mer var och hur transaktionerna skall bokf\u00f6ras. Transaktioner som medf\u00f6r s\u00e4rskilda skattekonsekvenser kommer att behandlas i samr\u00e5d med er. Rutiner N\u00e5got av det absolut viktigaste f\u00f6r att f\u00e5 en effektiv redovisningstj\u00e4nst \u00e4r att ha bra utformade rutiner f\u00f6r \u00f6verl\u00e4mning \/ hantering &hellip; <a href=\"https:\/\/ekonomibolaget.se\/wprs\/services\/redovisning\/\" class=\"more-link\">Forts\u00e4tt l\u00e4sa<span class=\"screen-reader-text\"> &#8221;L\u00f6pande redovisning&#8221;<\/span><\/a><\/p>\n","protected":false},"author":1,"featured_media":0,"parent":2,"menu_order":0,"comment_status":"closed","ping_status":"closed","template":"","meta":[],"_links":{"self":[{"href":"https:\/\/ekonomibolaget.se\/wprs\/wp-json\/wp\/v2\/pages\/43"}],"collection":[{"href":"https:\/\/ekonomibolaget.se\/wprs\/wp-json\/wp\/v2\/pages"}],"about":[{"href":"https:\/\/ekonomibolaget.se\/wprs\/wp-json\/wp\/v2\/types\/page"}],"author":[{"embeddable":true,"href":"https:\/\/ekonomibolaget.se\/wprs\/wp-json\/wp\/v2\/users\/1"}],"replies":[{"embeddable":true,"href":"https:\/\/ekonomibolaget.se\/wprs\/wp-json\/wp\/v2\/comments?post=43"}],"version-history":[{"count":12,"href":"https:\/\/ekonomibolaget.se\/wprs\/wp-json\/wp\/v2\/pages\/43\/revisions"}],"predecessor-version":[{"id":855,"href":"https:\/\/ekonomibolaget.se\/wprs\/wp-json\/wp\/v2\/pages\/43\/revisions\/855"}],"up":[{"embeddable":true,"href":"https:\/\/ekonomibolaget.se\/wprs\/wp-json\/wp\/v2\/pages\/2"}],"wp:attachment":[{"href":"https:\/\/ekonomibolaget.se\/wprs\/wp-json\/wp\/v2\/media?parent=43"}],"curies":[{"name":"wp","href":"https:\/\/api.w.org\/{rel}","templated":true}]}}