{"id":45,"date":"2017-12-25T18:09:39","date_gmt":"2017-12-25T17:09:39","guid":{"rendered":"http:\/\/new.notima.se\/wprs\/?page_id=45"},"modified":"2021-04-04T15:29:02","modified_gmt":"2021-04-04T13:29:02","slug":"arsredovisning","status":"publish","type":"page","link":"https:\/\/ekonomibolaget.se\/wprs\/services\/arsredovisning\/","title":{"rendered":"\u00c5rsredovisning"},"content":{"rendered":"<p>Tj\u00e4nsten \u00e5rsredovisning inneb\u00e4r att vi uppr\u00e4ttar en \u00e5rsredovisning utifr\u00e5n ert bokslut.<\/p>\n<p>\u00c5rsredovisningen \u00e4r ett standardiserat s\u00e4tt att presentera ekonomisk information g\u00e4llande en organisation.<\/p>\n<p>\u00c5rsredovisningar f\u00f6r aktiebolag m\u00e5ste registreras hos bolagsverket senast 7 m\u00e5nader efter r\u00e4kenskaps\u00e5rets utg\u00e5ng. \u00c5rsredovisningar m\u00e5ste i regel presenteras p\u00e5 en formell \u00e5rsst\u00e4mma inom 6 m\u00e5nader. Detaljerna runt detta styrs i respektive organisations stadgar.<\/p>\n<p>Vid ett kalenders\u00e5rsskifte har vi v\u00e4ldigt m\u00e5nga \u00e5rsredovisningar som skall bli klara samtidigt. F\u00f6r att hinna med allt i tid och kunna m\u00f6ta de deadlines som finns f\u00f6r respektive associationstyp har vi en prioriteringsordning som vi f\u00f6ljer.<\/p>\n<h3>Prioritetsordning f\u00f6r \u00c5R med kalender\u00e5r<\/h3>\n<ul>\n<li>Bostadsr\u00e4ttsf\u00f6reningar, samf\u00e4lligheter och liknande (februari-mars)<\/li>\n<li>Enskilda Firmor och Handelsbolag (mars &#8211; april)<\/li>\n<li>Aktiebolag med revisor (mars &#8211; april)<\/li>\n<li>Aktiebolag utan revisor (mars &#8211; juni)<\/li>\n<\/ul>\n<p>Tidsspannet d\u00e5 \u00e5rsredovisningen ber\u00e4knas vara klar \u00e4r inom parentes.<\/p>\n\n\n<p>L\u00e4s g\u00e4rna v\u00e5r <a href=\"https:\/\/ekonomibolaget.se\/wprs\/services\/arsredovisning\/att-tanka-pa-infor-er-arsredovisning\/\" data-type=\"page\" data-id=\"609\">artikel<\/a> om vad du som bolags\u00e4gare beh\u00f6ver t\u00e4nka p\u00e5 inf\u00f6r \u00e5rsredovisningen.<\/p>\n","protected":false},"excerpt":{"rendered":"<p>Tj\u00e4nsten \u00e5rsredovisning inneb\u00e4r att vi uppr\u00e4ttar en \u00e5rsredovisning utifr\u00e5n ert bokslut. \u00c5rsredovisningen \u00e4r ett standardiserat s\u00e4tt att presentera ekonomisk information g\u00e4llande en organisation. \u00c5rsredovisningar f\u00f6r aktiebolag m\u00e5ste registreras hos bolagsverket senast 7 m\u00e5nader efter r\u00e4kenskaps\u00e5rets utg\u00e5ng. \u00c5rsredovisningar m\u00e5ste i regel presenteras p\u00e5 en formell \u00e5rsst\u00e4mma inom 6 m\u00e5nader. Detaljerna runt detta styrs i respektive organisations &hellip; <a href=\"https:\/\/ekonomibolaget.se\/wprs\/services\/arsredovisning\/\" class=\"more-link\">Forts\u00e4tt l\u00e4sa<span class=\"screen-reader-text\"> &#8221;\u00c5rsredovisning&#8221;<\/span><\/a><\/p>\n","protected":false},"author":1,"featured_media":0,"parent":2,"menu_order":100,"comment_status":"closed","ping_status":"closed","template":"","meta":[],"_links":{"self":[{"href":"https:\/\/ekonomibolaget.se\/wprs\/wp-json\/wp\/v2\/pages\/45"}],"collection":[{"href":"https:\/\/ekonomibolaget.se\/wprs\/wp-json\/wp\/v2\/pages"}],"about":[{"href":"https:\/\/ekonomibolaget.se\/wprs\/wp-json\/wp\/v2\/types\/page"}],"author":[{"embeddable":true,"href":"https:\/\/ekonomibolaget.se\/wprs\/wp-json\/wp\/v2\/users\/1"}],"replies":[{"embeddable":true,"href":"https:\/\/ekonomibolaget.se\/wprs\/wp-json\/wp\/v2\/comments?post=45"}],"version-history":[{"count":10,"href":"https:\/\/ekonomibolaget.se\/wprs\/wp-json\/wp\/v2\/pages\/45\/revisions"}],"predecessor-version":[{"id":612,"href":"https:\/\/ekonomibolaget.se\/wprs\/wp-json\/wp\/v2\/pages\/45\/revisions\/612"}],"up":[{"embeddable":true,"href":"https:\/\/ekonomibolaget.se\/wprs\/wp-json\/wp\/v2\/pages\/2"}],"wp:attachment":[{"href":"https:\/\/ekonomibolaget.se\/wprs\/wp-json\/wp\/v2\/media?parent=45"}],"curies":[{"name":"wp","href":"https:\/\/api.w.org\/{rel}","templated":true}]}}