{"id":456,"date":"2020-10-13T12:28:31","date_gmt":"2020-10-13T10:28:31","guid":{"rendered":"http:\/\/ekonomibolaget.se\/wprs\/?page_id=456"},"modified":"2020-10-15T15:08:50","modified_gmt":"2020-10-15T13:08:50","slug":"feltrosklar","status":"publish","type":"page","link":"https:\/\/ekonomibolaget.se\/wprs\/services\/redovisning\/betalvaxlar\/svea-bank\/avstamning\/feltrosklar\/","title":{"rendered":"Feltr\u00f6sklar"},"content":{"rendered":"\n<p>Vid inl\u00e4sning av \u00e5terrapportering fr\u00e5n Webpay kan det h\u00e4nda att transaktioner inte g\u00e5r att matcha till n\u00e5gon faktura i Fortnox.<\/p>\n\n\n\n<p>Ibland \u00e4r detta helt i sin ordning men i de flesta fall \u00e4r det n\u00e5got som beh\u00f6ver \u00e5tg\u00e4rdas. N\u00e5gra vanliga fel \u00e4r:<\/p>\n\n\n\n<ul><li>Kunden har f\u00e5tt en \u00e5terbetalning men att ingen motsvarande faktura skapats i Fortnox. <\/li><li>Referensen som anv\u00e4nds f\u00f6r matchning inte \u00e4r sparad i korrekt faktura och\/eller att en faktura ersatt en annan faktura utan att referensen f\u00f6ljt med.<\/li><li>Samma referens finns i flera \u00f6ppna fakturor.<\/li><li>Referens saknas.<\/li><\/ul>\n\n\n\n<p>Fel som ovanst\u00e5ende g\u00f6r att \u00e5terbetalningen inte kan matchas mot n\u00e5gonting i Fortnox. Vi f\u00e5r ett matchningsfel och d\u00e5 bokas transaktionen ist\u00e4llet mot ett s.k. OBS-konto. <\/p>\n\n\n\n<p>Om vi inte vill att hela inl\u00e4sningen f\u00f6r dagen skall stoppas f\u00f6r enstaka matchningsfel kan vi st\u00e4lla in tr\u00f6skelv\u00e4rden f\u00f6r n\u00e4r filen skall stoppas respektive passera.<\/p>\n\n\n\n<p>Matchningskontrollen genomf\u00f6rs innan sj\u00e4lva avprickningen f\u00f6r att undvika massbokningar mot felkontot d\u00e4r matchningen av n\u00e5gon anledning slutat fungera.<\/p>\n\n\n\n<h5>Procentuell feltr\u00f6skel<\/h5>\n\n\n\n<p>Den procentuella feltr\u00f6skeln utv\u00e4rderas f\u00f6rst. Regeln g\u00e5r ut p\u00e5 att max X % av antalet transaktioner f\u00e5r vara matchningsfel. Denna \u00e4r framf\u00f6rallt bra ifall man har m\u00e5nga transaktioner per dag.<\/p>\n\n\n\n<p>En feltr\u00f6skel p\u00e5 t ex 2% skulle ge att max 2 transaktioner av 100 f\u00e5r vara matchningsfel f\u00f6r att inl\u00e4sningen skall passera.<\/p>\n\n\n\n<p>En lagom procentuell feltr\u00f6skel kan vara 2-3 %.<\/p>\n\n\n\n<h5>Antalsfeltr\u00f6skel<\/h5>\n\n\n\n<p>Om den procentuella feltr\u00f6skeln inte blir godk\u00e4nd, t ex 2 av 5 transaktioner har matchningsfel, utv\u00e4rderas antalsfeltr\u00f6skeln.<\/p>\n\n\n\n<p>Antalsfeltr\u00f6skeln finns d\u00e5 den procentuella feltr\u00f6skeln blir f\u00f6r trubbig. Man kan hantera ett n\u00e5gra felmatchningar om det totala antalet transaktioner \u00e4r f\u00e5.<\/p>\n\n\n\n<p>En lagom antalsfeltr\u00f6skel kan vara 1-5 transaktioner.<\/p>\n\n\n\n<p><\/p>\n","protected":false},"excerpt":{"rendered":"<p>Vid inl\u00e4sning av \u00e5terrapportering fr\u00e5n Webpay kan det h\u00e4nda att transaktioner inte g\u00e5r att matcha till n\u00e5gon faktura i Fortnox. Ibland \u00e4r detta helt i sin ordning men i de flesta fall \u00e4r det n\u00e5got som beh\u00f6ver \u00e5tg\u00e4rdas. N\u00e5gra vanliga fel \u00e4r: Kunden har f\u00e5tt en \u00e5terbetalning men att ingen motsvarande faktura skapats i Fortnox. &hellip; <a href=\"https:\/\/ekonomibolaget.se\/wprs\/services\/redovisning\/betalvaxlar\/svea-bank\/avstamning\/feltrosklar\/\" class=\"more-link\">Forts\u00e4tt l\u00e4sa<span class=\"screen-reader-text\"> &#8221;Feltr\u00f6sklar&#8221;<\/span><\/a><\/p>\n","protected":false},"author":1,"featured_media":0,"parent":421,"menu_order":0,"comment_status":"closed","ping_status":"closed","template":"","meta":[],"_links":{"self":[{"href":"https:\/\/ekonomibolaget.se\/wprs\/wp-json\/wp\/v2\/pages\/456"}],"collection":[{"href":"https:\/\/ekonomibolaget.se\/wprs\/wp-json\/wp\/v2\/pages"}],"about":[{"href":"https:\/\/ekonomibolaget.se\/wprs\/wp-json\/wp\/v2\/types\/page"}],"author":[{"embeddable":true,"href":"https:\/\/ekonomibolaget.se\/wprs\/wp-json\/wp\/v2\/users\/1"}],"replies":[{"embeddable":true,"href":"https:\/\/ekonomibolaget.se\/wprs\/wp-json\/wp\/v2\/comments?post=456"}],"version-history":[{"count":2,"href":"https:\/\/ekonomibolaget.se\/wprs\/wp-json\/wp\/v2\/pages\/456\/revisions"}],"predecessor-version":[{"id":499,"href":"https:\/\/ekonomibolaget.se\/wprs\/wp-json\/wp\/v2\/pages\/456\/revisions\/499"}],"up":[{"embeddable":true,"href":"https:\/\/ekonomibolaget.se\/wprs\/wp-json\/wp\/v2\/pages\/421"}],"wp:attachment":[{"href":"https:\/\/ekonomibolaget.se\/wprs\/wp-json\/wp\/v2\/media?parent=456"}],"curies":[{"name":"wp","href":"https:\/\/api.w.org\/{rel}","templated":true}]}}