{"id":458,"date":"2020-10-15T15:56:17","date_gmt":"2020-10-15T13:56:17","guid":{"rendered":"http:\/\/ekonomibolaget.se\/wprs\/?page_id=458"},"modified":"2020-10-15T15:56:17","modified_gmt":"2020-10-15T13:56:17","slug":"obs-konto","status":"publish","type":"page","link":"https:\/\/ekonomibolaget.se\/wprs\/services\/redovisning\/obs-konto\/","title":{"rendered":"OBS-konto"},"content":{"rendered":"\n<p>OBS-konto \u00e4r en f\u00f6rkortning av &#8221;Observationskonto&#8221;. Anv\u00e4ndandet av ett OBS-konto \u00e4r en teknik som bygger p\u00e5 att man bokar transaktioner man inte kan placera p\u00e5 annat s\u00e4tt mot ett s\u00e4rskilt konto avsett f\u00f6r detta.<\/p>\n\n\n\n<p>Vanliga kontonummer f\u00f6r ett OBS-konto \u00e4r 1799 och 2999 men man kan egentligen anv\u00e4nda vilket balanskonto som helst inom en relevant kontoklass.<\/p>\n\n\n\n<p>F\u00f6rdelen med att anv\u00e4nda ett OBS-konto \u00e4r att man kan st\u00e4mma av andra konton (vanligtvis bank eller liknande) utan att man beh\u00f6ver fastna p\u00e5 en ok\u00e4nd transaktion. OBS-kontot kan s\u00e4gas vara en teknik d\u00e4r man bokf\u00f6ringsm\u00e4ssigt &#8221;l\u00e4gger n\u00e5got \u00e5t sidan&#8221; f\u00f6r att kunna ta tag i det senare. <\/p>\n\n\n\n<p>I fallet med bankavst\u00e4mning s\u00e5 \u00e4r det k\u00e4nt att det varit en transaktion med ett visst belopp ett visst datum vilket g\u00f6r att man vill boka det mot banken. Om transaktionen som s\u00e5dan i \u00f6vrigt \u00e4r ok\u00e4nd motkonterar man transaktionen mot OBS-kontot, dvs man l\u00e4gger transaktionen under observation.<\/p>\n\n\n\n<p><\/p>\n","protected":false},"excerpt":{"rendered":"<p>OBS-konto \u00e4r en f\u00f6rkortning av &#8221;Observationskonto&#8221;. Anv\u00e4ndandet av ett OBS-konto \u00e4r en teknik som bygger p\u00e5 att man bokar transaktioner man inte kan placera p\u00e5 annat s\u00e4tt mot ett s\u00e4rskilt konto avsett f\u00f6r detta. Vanliga kontonummer f\u00f6r ett OBS-konto \u00e4r 1799 och 2999 men man kan egentligen anv\u00e4nda vilket balanskonto som helst inom en relevant &hellip; <a href=\"https:\/\/ekonomibolaget.se\/wprs\/services\/redovisning\/obs-konto\/\" class=\"more-link\">Forts\u00e4tt l\u00e4sa<span class=\"screen-reader-text\"> &#8221;OBS-konto&#8221;<\/span><\/a><\/p>\n","protected":false},"author":1,"featured_media":0,"parent":43,"menu_order":0,"comment_status":"closed","ping_status":"closed","template":"","meta":[],"_links":{"self":[{"href":"https:\/\/ekonomibolaget.se\/wprs\/wp-json\/wp\/v2\/pages\/458"}],"collection":[{"href":"https:\/\/ekonomibolaget.se\/wprs\/wp-json\/wp\/v2\/pages"}],"about":[{"href":"https:\/\/ekonomibolaget.se\/wprs\/wp-json\/wp\/v2\/types\/page"}],"author":[{"embeddable":true,"href":"https:\/\/ekonomibolaget.se\/wprs\/wp-json\/wp\/v2\/users\/1"}],"replies":[{"embeddable":true,"href":"https:\/\/ekonomibolaget.se\/wprs\/wp-json\/wp\/v2\/comments?post=458"}],"version-history":[{"count":2,"href":"https:\/\/ekonomibolaget.se\/wprs\/wp-json\/wp\/v2\/pages\/458\/revisions"}],"predecessor-version":[{"id":506,"href":"https:\/\/ekonomibolaget.se\/wprs\/wp-json\/wp\/v2\/pages\/458\/revisions\/506"}],"up":[{"embeddable":true,"href":"https:\/\/ekonomibolaget.se\/wprs\/wp-json\/wp\/v2\/pages\/43"}],"wp:attachment":[{"href":"https:\/\/ekonomibolaget.se\/wprs\/wp-json\/wp\/v2\/media?parent=458"}],"curies":[{"name":"wp","href":"https:\/\/api.w.org\/{rel}","templated":true}]}}