{"id":47,"date":"2017-12-25T18:13:25","date_gmt":"2017-12-25T17:13:25","guid":{"rendered":"http:\/\/new.notima.se\/wprs\/?page_id=47"},"modified":"2018-04-27T15:13:50","modified_gmt":"2018-04-27T13:13:50","slug":"bokslut","status":"publish","type":"page","link":"https:\/\/ekonomibolaget.se\/wprs\/services\/bokslut\/","title":{"rendered":"Bokslut"},"content":{"rendered":"<p><img loading=\"lazy\" class=\"alignright wp-image-161 size-medium\" src=\"http:\/\/new.notima.se\/wprs\/wp-content\/uploads\/2018\/04\/Bokslut_800px-300x169.jpg\" alt=\"\" width=\"300\" height=\"169\" srcset=\"https:\/\/ekonomibolaget.se\/wprs\/wp-content\/uploads\/2018\/04\/Bokslut_800px-300x169.jpg 300w, https:\/\/ekonomibolaget.se\/wprs\/wp-content\/uploads\/2018\/04\/Bokslut_800px-768x433.jpg 768w, https:\/\/ekonomibolaget.se\/wprs\/wp-content\/uploads\/2018\/04\/Bokslut_800px.jpg 800w\" sizes=\"(max-width: 300px) 85vw, 300px\" \/><\/p>\n<p>Ett bokslut inneb\u00e4r att den l\u00f6pande redovisningen f\u00f6r en period (vanligtvis ett r\u00e4kenskaps\u00e5r) avslutas och st\u00e4ms av vid ett visst datum. Vid detta datum &#8221;bryter&#8221; man r\u00e4kenskaperna och r\u00e4knar ut ett resultat som skall vara s\u00e5 noggrant ber\u00e4knat som m\u00f6jligt.<\/p>\n<p>Om man k\u00f6per och s\u00e4ljer varor med ett varulager inneb\u00e4r bokslutet att man inventerar och v\u00e4rderar lagret utifr\u00e5n bokslutsdatumets f\u00f6ruts\u00e4ttningar.<\/p>\n<p>Om man utf\u00f6r ett projekt som str\u00e4cker sig \u00f6ver bokslutsdatumet ber\u00e4knar man hur stor del av projektet som \u00e4r genomf\u00f6rt samt ber\u00e4knad vinst p\u00e5 detta.<\/p>\n<p>Varje tillg\u00e5ng och skuld v\u00e4rderas f\u00f6r sig och utifr\u00e5n detta kan vi ber\u00e4kna ett resultat.<\/p>\n","protected":false},"excerpt":{"rendered":"<p>Ett bokslut inneb\u00e4r att den l\u00f6pande redovisningen f\u00f6r en period (vanligtvis ett r\u00e4kenskaps\u00e5r) avslutas och st\u00e4ms av vid ett visst datum. Vid detta datum &#8221;bryter&#8221; man r\u00e4kenskaperna och r\u00e4knar ut ett resultat som skall vara s\u00e5 noggrant ber\u00e4knat som m\u00f6jligt. Om man k\u00f6per och s\u00e4ljer varor med ett varulager inneb\u00e4r bokslutet att man inventerar och &hellip; <a href=\"https:\/\/ekonomibolaget.se\/wprs\/services\/bokslut\/\" class=\"more-link\">Forts\u00e4tt l\u00e4sa<span class=\"screen-reader-text\"> &#8221;Bokslut&#8221;<\/span><\/a><\/p>\n","protected":false},"author":1,"featured_media":0,"parent":2,"menu_order":90,"comment_status":"closed","ping_status":"closed","template":"","meta":[],"_links":{"self":[{"href":"https:\/\/ekonomibolaget.se\/wprs\/wp-json\/wp\/v2\/pages\/47"}],"collection":[{"href":"https:\/\/ekonomibolaget.se\/wprs\/wp-json\/wp\/v2\/pages"}],"about":[{"href":"https:\/\/ekonomibolaget.se\/wprs\/wp-json\/wp\/v2\/types\/page"}],"author":[{"embeddable":true,"href":"https:\/\/ekonomibolaget.se\/wprs\/wp-json\/wp\/v2\/users\/1"}],"replies":[{"embeddable":true,"href":"https:\/\/ekonomibolaget.se\/wprs\/wp-json\/wp\/v2\/comments?post=47"}],"version-history":[{"count":4,"href":"https:\/\/ekonomibolaget.se\/wprs\/wp-json\/wp\/v2\/pages\/47\/revisions"}],"predecessor-version":[{"id":162,"href":"https:\/\/ekonomibolaget.se\/wprs\/wp-json\/wp\/v2\/pages\/47\/revisions\/162"}],"up":[{"embeddable":true,"href":"https:\/\/ekonomibolaget.se\/wprs\/wp-json\/wp\/v2\/pages\/2"}],"wp:attachment":[{"href":"https:\/\/ekonomibolaget.se\/wprs\/wp-json\/wp\/v2\/media?parent=47"}],"curies":[{"name":"wp","href":"https:\/\/api.w.org\/{rel}","templated":true}]}}