{"id":482,"date":"2020-10-13T15:28:47","date_gmt":"2020-10-13T13:28:47","guid":{"rendered":"http:\/\/ekonomibolaget.se\/wprs\/?page_id=482"},"modified":"2025-06-22T13:45:09","modified_gmt":"2025-06-22T11:45:09","slug":"svea-fortnox","status":"publish","type":"page","link":"https:\/\/ekonomibolaget.se\/wprs\/services\/redovisning\/betalvaxlar\/svea-bank\/avstamning\/svea-fortnox\/","title":{"rendered":"Svea Bank \/ Fortnox"},"content":{"rendered":"\n<h2>Typer av integrationer<\/h2>\n\n\n\n<p>F\u00f6r automatisk avst\u00e4mning av utbetalningar fr\u00e5n <a href=\"https:\/\/ekonomibolaget.se\/wprs\/services\/redovisning\/betalvaxlar\/svea-bank\/\" data-type=\"page\">Svea Bank<\/a> mot Fortnox s\u00e5 finns det tre olika huvudtyper. Dessa \u00e4r:<\/p>\n\n\n\n<figure class=\"wp-block-table\"><table><tbody><tr><td>* <a href=\"https:\/\/ekonomibolaget.se\/wprs\/services\/redovisning\/betalvaxlar\/svea-bank\/avstamning\/svea-fortnox\/avprickning-svea\/\" data-type=\"page\" data-id=\"575\">Automatisk avprickning av betalningar<\/a><br>* <a href=\"https:\/\/ekonomibolaget.se\/wprs\/services\/redovisning\/betalvaxlar\/svea-bank\/avstamning\/svea-fortnox\/fakturor-skapas-fran-utbetalningsinformation-svea\/\" data-type=\"page\" data-id=\"573\">Fakturor skapas fr\u00e5n utbetalningsinformation<\/a><br>* <a href=\"https:\/\/ekonomibolaget.se\/wprs\/services\/redovisning\/betalvaxlar\/svea-bank\/avstamning\/svea-fortnox\/dagliga-forsaljnings-och-betalverifikat-samlingsverifikat-svea\/\" data-type=\"page\" data-id=\"577\">Dagliga f\u00f6rs\u00e4ljnings- och betalverifikat (samlingsverifikat)<\/a><\/td><\/tr><\/tbody><\/table><\/figure>\n\n\n\n<p>L\u00e4s g\u00e4rna v\u00e5r information om <a href=\"https:\/\/ekonomibolaget.se\/wprs\/avstamning-mot-banken-svea-fortnox\/\" data-type=\"page\" data-id=\"718\">avst\u00e4mning mot bank<\/a>.<\/p>\n","protected":false},"excerpt":{"rendered":"<p>Typer av integrationer F\u00f6r automatisk avst\u00e4mning av utbetalningar fr\u00e5n Svea Bank mot Fortnox s\u00e5 finns det tre olika huvudtyper. Dessa \u00e4r: * Automatisk avprickning av betalningar* Fakturor skapas fr\u00e5n utbetalningsinformation* Dagliga f\u00f6rs\u00e4ljnings- och betalverifikat (samlingsverifikat) L\u00e4s g\u00e4rna v\u00e5r information om avst\u00e4mning mot bank.<\/p>\n","protected":false},"author":1,"featured_media":0,"parent":421,"menu_order":0,"comment_status":"closed","ping_status":"closed","template":"","meta":[],"_links":{"self":[{"href":"https:\/\/ekonomibolaget.se\/wprs\/wp-json\/wp\/v2\/pages\/482"}],"collection":[{"href":"https:\/\/ekonomibolaget.se\/wprs\/wp-json\/wp\/v2\/pages"}],"about":[{"href":"https:\/\/ekonomibolaget.se\/wprs\/wp-json\/wp\/v2\/types\/page"}],"author":[{"embeddable":true,"href":"https:\/\/ekonomibolaget.se\/wprs\/wp-json\/wp\/v2\/users\/1"}],"replies":[{"embeddable":true,"href":"https:\/\/ekonomibolaget.se\/wprs\/wp-json\/wp\/v2\/comments?post=482"}],"version-history":[{"count":17,"href":"https:\/\/ekonomibolaget.se\/wprs\/wp-json\/wp\/v2\/pages\/482\/revisions"}],"predecessor-version":[{"id":918,"href":"https:\/\/ekonomibolaget.se\/wprs\/wp-json\/wp\/v2\/pages\/482\/revisions\/918"}],"up":[{"embeddable":true,"href":"https:\/\/ekonomibolaget.se\/wprs\/wp-json\/wp\/v2\/pages\/421"}],"wp:attachment":[{"href":"https:\/\/ekonomibolaget.se\/wprs\/wp-json\/wp\/v2\/media?parent=482"}],"curies":[{"name":"wp","href":"https:\/\/api.w.org\/{rel}","templated":true}]}}