{"id":500,"date":"2020-10-15T15:45:00","date_gmt":"2020-10-15T13:45:00","guid":{"rendered":"http:\/\/ekonomibolaget.se\/wprs\/?page_id=500"},"modified":"2025-06-25T09:58:23","modified_gmt":"2025-06-25T07:58:23","slug":"ej-matchningsbara-transaktioner","status":"publish","type":"page","link":"https:\/\/ekonomibolaget.se\/wprs\/services\/redovisning\/betalvaxlar\/svea-bank\/avstamning\/ej-matchningsbara-transaktioner\/","title":{"rendered":"Ej matchningsbara transaktioner"},"content":{"rendered":"\n<p>En transaktion \u00e4r ej matchningbar om det <strong>vid matchningstillf\u00e4llet<\/strong> inte finns tillr\u00e4ckligt med information f\u00f6r att koppla ihop den med en kund och\/eller faktura.<\/p>\n\n\n\n<p>En ej matchningsbar transaktion bokas som standard mot det f\u00f6rinst\u00e4llda <a href=\"https:\/\/ekonomibolaget.se\/wprs\/services\/lopande-redovisning\/obs-konto\/\" data-type=\"page\" data-id=\"458\">OBS-kontot<\/a>. N\u00e4r detta sker best\u00e4ms utifr\u00e5n f\u00f6rinst\u00e4llda <a href=\"https:\/\/ekonomibolaget.se\/wprs\/services\/lopande-redovisning\/betalvaxlar\/svea-webpay\/automatisk-avstamning-svea-webpay\/feltrosklar\/\" data-type=\"page\" data-id=\"456\">feltr\u00f6sklar<\/a>.<\/p>\n\n\n\n<p>Se \u00e4ven <a href=\"https:\/\/ekonomibolaget.se\/wprs\/services\/redovisning\/betalvaxlar\/svea-bank\/avstamning\/svea-fortnox\/avprickning-svea\/\" data-type=\"page\" data-id=\"575\">Automatisk avprickning av betalningar<\/a>.<\/p>\n\n\n\n<h3>Korrigering av ej matchningsbar transaktion<\/h3>\n\n\n\n<p>N\u00e4r man har identifierat vilken kund och\/eller faktura som transaktionen h\u00f6r till, vill man boka bort den fr\u00e5n OBS-kontot.<\/p>\n\n\n\n<p>Det finns olika s\u00e4tt att g\u00f6ra det p\u00e5 och vad som \u00e4r r\u00e4tt eller fel kan s\u00e4gas vara en smaksak. Vi har genom erfarenhet kommit fram till att det enklaste s\u00e4ttet att underh\u00e5lla ett OBS-konto \u00e4r att stryka transaktioner fr\u00e5n OBS-kontot n\u00e4r de \u00e4r l\u00f6sta. Om man stryker transaktionerna kommer enbart de ol\u00f6sta transaktionerna att ligga kvar p\u00e5 OBS-kontot, vilket ger en bra \u00f6verblick.<\/p>\n\n\n\n<p>Alternativet till att stryka \u00e4r att boka bort transaktionen med en motkontering. Detta inneb\u00e4r dock att det bli \u00e4nnu en transaktion p\u00e5 OBS-kontot och de l\u00f6sta transaktionerna blandas med de ol\u00f6sta n\u00e4r man g\u00f6r ett kontoutdrag. Med m\u00e5nga transaktioner blir det snabbt o\u00f6verblickbart.<\/p>\n\n\n\n<h5>Betalboka en faktura fr\u00e5n OBS-kontot<\/h5>\n\n\n\n<p><em>Om ni skall betalboka m\u00e5nga p\u00e5 samma dag kan det vara enklare att skapa ett betals\u00e4tt mot OBS-kontot och betalboka mot OBS-kontot s\u00e5 att OBS-kontot nollar ut f\u00f6r den dagen.<\/em><\/p>\n\n\n\n<p>Om ni skall betalboka enstaka ej matchningsbara transaktioner kan ni anv\u00e4nda nedan beskrivning.<\/p>\n\n\n\n<p>Det f\u00f6rsta steget \u00e4r att stryka hela verfikatet som g\u00e5r mot OBS-kontot.<\/p>\n\n\n\n<p>Leta fram aktuellt verfikat och tryck p\u00e5 &#8221;\u00c4ndra&#8221;-knappen<\/p>\n\n\n\n<figure class=\"wp-block-image size-large\"><img loading=\"lazy\" width=\"983\" height=\"556\" src=\"https:\/\/ekonomibolaget.se\/wprs\/wp-content\/uploads\/2020\/10\/bild-1.png\" alt=\"\" class=\"wp-image-501\"\/><\/figure>\n\n\n\n<p>Tryck p\u00e5 de \u00f6verstrukna S:en l\u00e4ngst ut till h\u00f6ger p\u00e5 varje rad<\/p>\n\n\n\n<figure class=\"wp-block-image size-large\"><img loading=\"lazy\" width=\"1005\" height=\"627\" src=\"https:\/\/ekonomibolaget.se\/wprs\/wp-content\/uploads\/2020\/10\/bild-2.png\" alt=\"\" class=\"wp-image-502\"\/><\/figure>\n\n\n\n<p>och klicka sedan p\u00e5 bokf\u00f6r.<\/p>\n\n\n\n<p>I och med ovanst\u00e5ende \u00e4r hela verifikatet struket. Historiken runt verifikatet finns fortfarande kvar i Fortnox och det uppfyller d\u00e4rf\u00f6r bokf\u00f6ringslagens krav p\u00e5 sp\u00e5rbarhet.<\/p>\n\n\n\n<p>G\u00f6r nu en vanlig betalning mot samma konto som var motkonto till OBS-transaktionen. I ovan exempel \u00e4r det konto 1580. Fakturan som skall betalas \u00e4r  den faktura som inte gick att matcha tidigare.<\/p>\n\n\n\n<figure class=\"wp-block-image size-large\"><img loading=\"lazy\" width=\"990\" height=\"539\" src=\"https:\/\/ekonomibolaget.se\/wprs\/wp-content\/uploads\/2020\/10\/bild-3.png\" alt=\"\" class=\"wp-image-503\"\/><\/figure>\n\n\n\n<p class=\"has-bright-red-color has-text-color\">Notera! Var noga med att det \u00e4r samma <strong>belopp<\/strong> och samma <strong>datum<\/strong> som det var p\u00e5 OBS-verifikatet vi str\u00f6k i det tidigare steget.<\/p>\n","protected":false},"excerpt":{"rendered":"<p>En transaktion \u00e4r ej matchningbar om det vid matchningstillf\u00e4llet inte finns tillr\u00e4ckligt med information f\u00f6r att koppla ihop den med en kund och\/eller faktura. En ej matchningsbar transaktion bokas som standard mot det f\u00f6rinst\u00e4llda OBS-kontot. N\u00e4r detta sker best\u00e4ms utifr\u00e5n f\u00f6rinst\u00e4llda feltr\u00f6sklar. Se \u00e4ven Automatisk avprickning av betalningar. Korrigering av ej matchningsbar transaktion N\u00e4r man &hellip; <a href=\"https:\/\/ekonomibolaget.se\/wprs\/services\/redovisning\/betalvaxlar\/svea-bank\/avstamning\/ej-matchningsbara-transaktioner\/\" class=\"more-link\">Forts\u00e4tt l\u00e4sa<span class=\"screen-reader-text\"> &#8221;Ej matchningsbara transaktioner&#8221;<\/span><\/a><\/p>\n","protected":false},"author":1,"featured_media":0,"parent":421,"menu_order":0,"comment_status":"closed","ping_status":"closed","template":"","meta":[],"_links":{"self":[{"href":"https:\/\/ekonomibolaget.se\/wprs\/wp-json\/wp\/v2\/pages\/500"}],"collection":[{"href":"https:\/\/ekonomibolaget.se\/wprs\/wp-json\/wp\/v2\/pages"}],"about":[{"href":"https:\/\/ekonomibolaget.se\/wprs\/wp-json\/wp\/v2\/types\/page"}],"author":[{"embeddable":true,"href":"https:\/\/ekonomibolaget.se\/wprs\/wp-json\/wp\/v2\/users\/1"}],"replies":[{"embeddable":true,"href":"https:\/\/ekonomibolaget.se\/wprs\/wp-json\/wp\/v2\/comments?post=500"}],"version-history":[{"count":9,"href":"https:\/\/ekonomibolaget.se\/wprs\/wp-json\/wp\/v2\/pages\/500\/revisions"}],"predecessor-version":[{"id":922,"href":"https:\/\/ekonomibolaget.se\/wprs\/wp-json\/wp\/v2\/pages\/500\/revisions\/922"}],"up":[{"embeddable":true,"href":"https:\/\/ekonomibolaget.se\/wprs\/wp-json\/wp\/v2\/pages\/421"}],"wp:attachment":[{"href":"https:\/\/ekonomibolaget.se\/wprs\/wp-json\/wp\/v2\/media?parent=500"}],"curies":[{"name":"wp","href":"https:\/\/api.w.org\/{rel}","templated":true}]}}