{"id":508,"date":"2020-10-16T13:59:57","date_gmt":"2020-10-16T11:59:57","guid":{"rendered":"http:\/\/ekonomibolaget.se\/wprs\/?page_id=508"},"modified":"2020-10-16T14:12:00","modified_gmt":"2020-10-16T12:12:00","slug":"dubbelsammankoppling-i-fortnox-for-revisor","status":"publish","type":"page","link":"https:\/\/ekonomibolaget.se\/wprs\/services\/revision\/dubbelsammankoppling-i-fortnox-for-revisor\/","title":{"rendered":"Dubbelsammankoppling i Fortnox f\u00f6r revisor"},"content":{"rendered":"\n<p>Med webbaserade redovisningsl\u00f6sningar minskar vi behovet att att skicka material p\u00e5 papper. Om man anv\u00e4nder funktionerna i Fortnox fullt ut finns det mesta av materialet som en revisor beh\u00f6ver digitalt i Fortnox. Pga detta kan det vara en f\u00f6rdel att revisorn kan komma \u00e5t det reviderade bolaget direkt i Fortnox.<\/p>\n\n\n\n<p>D\u00e5 inloggningsuppgifter till Fortnox \u00e4r personliga \u00e4r det inte ett alternativ att &#8221;l\u00e5na ut&#8221; inloggningar f\u00f6r tillf\u00e4llig access. En m\u00f6jlighet \u00e4r att tillf\u00e4lligt l\u00e4gga upp en anv\u00e4ndare i Fortnox f\u00f6r revisors\u00e5tkomst, men det inneb\u00e4r dels ett extra abonnemang f\u00f6r klienten och det kan inneb\u00e4ra att en revisor med m\u00e5nga bolag i Fortnox f\u00e5r en inloggning per bolag vilket blir opraktiskt.<\/p>\n\n\n\n<p>D\u00e5 en revisors \u00e5tagande normalt sett sp\u00e4nner \u00f6ver flera \u00e5r anser vi att b\u00e4sta s\u00e4ttet att \u00e5stadkomma en revisorsinloggning \u00e4r f\u00f6ljande:<\/p>\n\n\n\n<ul><li>Revisorsbolaget har ett byr\u00e5abonnemang hos Fortnox f\u00f6r den utsedda revisorn.<\/li><li>Revisorsbolaget g\u00f6r en s.k. dubbelsammankoppling s\u00e5 att de f\u00e5r \u00e5tkomst till bolaget i Fortnox p\u00e5 samma s\u00e4tt som den bokf\u00f6rande byr\u00e5n.<\/li><\/ul>\n\n\n\n<p>Om den bokf\u00f6rande byr\u00e5n har s.k. sysadmin-beh\u00f6righet p\u00e5 bolaget r\u00e4cker det med att den bokf\u00f6rande byr\u00e5n godk\u00e4nner tillkopplingen. Detta beh\u00f6ver g\u00f6ras med <a href=\"http:\/\/ekonomibolaget.se\/wprs\/wp-content\/uploads\/2020\/10\/Dubbelsammankoppling.pdf\">detta formul\u00e4r<\/a>.<\/p>\n\n\n\n<h2>Uppgifter om tillkopplad byr\u00e5<\/h2>\n\n\n\n<p>F\u00f6ljande uppgifter beh\u00f6ver tillkopplande byr\u00e5 f\u00f6r att kunna tillkoppla en revisorsbyr\u00e5<\/p>\n\n\n\n<ul><li>Namn p\u00e5 revisionsbyr\u00e5n.<\/li><li>Abonnemangs- eller kundnummer f\u00f6r byr\u00e5ns Fortnox-abonnemang.<\/li><li>E-postadress f\u00f6r kontakt fr\u00e5n Fortnox n\u00e4r sammankopplingen \u00e4r klar.<\/li><\/ul>\n\n\n\n<p><\/p>\n","protected":false},"excerpt":{"rendered":"<p>Med webbaserade redovisningsl\u00f6sningar minskar vi behovet att att skicka material p\u00e5 papper. Om man anv\u00e4nder funktionerna i Fortnox fullt ut finns det mesta av materialet som en revisor beh\u00f6ver digitalt i Fortnox. Pga detta kan det vara en f\u00f6rdel att revisorn kan komma \u00e5t det reviderade bolaget direkt i Fortnox. D\u00e5 inloggningsuppgifter till Fortnox \u00e4r &hellip; <a href=\"https:\/\/ekonomibolaget.se\/wprs\/services\/revision\/dubbelsammankoppling-i-fortnox-for-revisor\/\" class=\"more-link\">Forts\u00e4tt l\u00e4sa<span class=\"screen-reader-text\"> &#8221;Dubbelsammankoppling i Fortnox f\u00f6r revisor&#8221;<\/span><\/a><\/p>\n","protected":false},"author":1,"featured_media":0,"parent":56,"menu_order":0,"comment_status":"closed","ping_status":"closed","template":"","meta":[],"_links":{"self":[{"href":"https:\/\/ekonomibolaget.se\/wprs\/wp-json\/wp\/v2\/pages\/508"}],"collection":[{"href":"https:\/\/ekonomibolaget.se\/wprs\/wp-json\/wp\/v2\/pages"}],"about":[{"href":"https:\/\/ekonomibolaget.se\/wprs\/wp-json\/wp\/v2\/types\/page"}],"author":[{"embeddable":true,"href":"https:\/\/ekonomibolaget.se\/wprs\/wp-json\/wp\/v2\/users\/1"}],"replies":[{"embeddable":true,"href":"https:\/\/ekonomibolaget.se\/wprs\/wp-json\/wp\/v2\/comments?post=508"}],"version-history":[{"count":5,"href":"https:\/\/ekonomibolaget.se\/wprs\/wp-json\/wp\/v2\/pages\/508\/revisions"}],"predecessor-version":[{"id":515,"href":"https:\/\/ekonomibolaget.se\/wprs\/wp-json\/wp\/v2\/pages\/508\/revisions\/515"}],"up":[{"embeddable":true,"href":"https:\/\/ekonomibolaget.se\/wprs\/wp-json\/wp\/v2\/pages\/56"}],"wp:attachment":[{"href":"https:\/\/ekonomibolaget.se\/wprs\/wp-json\/wp\/v2\/media?parent=508"}],"curies":[{"name":"wp","href":"https:\/\/api.w.org\/{rel}","templated":true}]}}