{"id":518,"date":"2020-10-20T11:58:27","date_gmt":"2020-10-20T09:58:27","guid":{"rendered":"http:\/\/ekonomibolaget.se\/wprs\/?page_id=518"},"modified":"2023-02-24T13:57:09","modified_gmt":"2023-02-24T12:57:09","slug":"automatisk-leveransmarkering-av-webpay-ordrar","status":"publish","type":"page","link":"https:\/\/ekonomibolaget.se\/wprs\/automatisk-leveransmarkering-av-webpay-ordrar\/","title":{"rendered":"Automatisk leveransmarkering av webpay ordrar"},"content":{"rendered":"\n<p>Automatisk leveransmarkering av webpay-ordrar inneb\u00e4r att integrationen regelbundet kontrollerar Fortnox efter nya fakturor som har en h\u00e4nvisning till en Svea webpay-order.<\/p>\n\n\n\n<p>Om det kommer en ny obokad faktura i Fortnox, den har ett f\u00f6rdefinierat betals\u00e4tt och en h\u00e4nvisning till en webpay-order (ett checkoutOrderId) s\u00e5 kan integrationen automatiskt leveransmarkera den i Webpay, dvs man beh\u00f6ver inte manuellt leveransmarkera den i Payment Admin. Integrationen markerar att fakturan \u00e4r leveransmarkerad genom att bokf\u00f6ra den i Fortnox.<\/p>\n\n\n\n<p>Leveranskontrollen sker en g\u00e5ng per dag p\u00e5 kv\u00e4llstid.<\/p>\n\n\n\n<p>OBS! Leveransmarkeringen p\u00e5verkar hela ordern, dvs den tar inte h\u00e4nsyn till delleveranser. Om ni hanterar delleveranser och bara vill fakturera den del som \u00e4r levererad passar denna funktion inte f\u00f6r det syftet.<\/p>\n","protected":false},"excerpt":{"rendered":"<p>Automatisk leveransmarkering av webpay-ordrar inneb\u00e4r att integrationen regelbundet kontrollerar Fortnox efter nya fakturor som har en h\u00e4nvisning till en Svea webpay-order. Om det kommer en ny obokad faktura i Fortnox, den har ett f\u00f6rdefinierat betals\u00e4tt och en h\u00e4nvisning till en webpay-order (ett checkoutOrderId) s\u00e5 kan integrationen automatiskt leveransmarkera den i Webpay, dvs man beh\u00f6ver inte &hellip; <a href=\"https:\/\/ekonomibolaget.se\/wprs\/automatisk-leveransmarkering-av-webpay-ordrar\/\" class=\"more-link\">Forts\u00e4tt l\u00e4sa<span class=\"screen-reader-text\"> &#8221;Automatisk leveransmarkering av webpay ordrar&#8221;<\/span><\/a><\/p>\n","protected":false},"author":1,"featured_media":0,"parent":0,"menu_order":0,"comment_status":"closed","ping_status":"closed","template":"","meta":[],"_links":{"self":[{"href":"https:\/\/ekonomibolaget.se\/wprs\/wp-json\/wp\/v2\/pages\/518"}],"collection":[{"href":"https:\/\/ekonomibolaget.se\/wprs\/wp-json\/wp\/v2\/pages"}],"about":[{"href":"https:\/\/ekonomibolaget.se\/wprs\/wp-json\/wp\/v2\/types\/page"}],"author":[{"embeddable":true,"href":"https:\/\/ekonomibolaget.se\/wprs\/wp-json\/wp\/v2\/users\/1"}],"replies":[{"embeddable":true,"href":"https:\/\/ekonomibolaget.se\/wprs\/wp-json\/wp\/v2\/comments?post=518"}],"version-history":[{"count":4,"href":"https:\/\/ekonomibolaget.se\/wprs\/wp-json\/wp\/v2\/pages\/518\/revisions"}],"predecessor-version":[{"id":676,"href":"https:\/\/ekonomibolaget.se\/wprs\/wp-json\/wp\/v2\/pages\/518\/revisions\/676"}],"wp:attachment":[{"href":"https:\/\/ekonomibolaget.se\/wprs\/wp-json\/wp\/v2\/media?parent=518"}],"curies":[{"name":"wp","href":"https:\/\/api.w.org\/{rel}","templated":true}]}}