{"id":56,"date":"2017-12-25T19:20:20","date_gmt":"2017-12-25T18:20:20","guid":{"rendered":"http:\/\/new.notima.se\/wprs\/?page_id=56"},"modified":"2023-11-21T16:14:04","modified_gmt":"2023-11-21T15:14:04","slug":"revision","status":"publish","type":"page","link":"https:\/\/ekonomibolaget.se\/wprs\/services\/revision\/","title":{"rendered":"Revision"},"content":{"rendered":"\n<p>Vi kan revidera \u00e5rsredovisningar d\u00e4r det saknas krav p\u00e5 auktoriserad \/ godk\u00e4nd revisor. <a href=\"https:\/\/www.bolagsverket.se\/forening\/bostadsrattsforening\/startabostadsrattsforening\/revisoribostadsrattsforening.1431.html\">De flesta bostadsr\u00e4ttsf\u00f6reningar beh\u00f6ver t ex ingen auktoriserad revisor<\/a>. Det inneb\u00e4r att vi t ex kan revidera \u00e5rsredovisningar i bl a:<\/p>\n\n\n\n<ul><li>Bostadsr\u00e4ttsf\u00f6reningar (mindre)<\/li><li>Samf\u00e4llighetsf\u00f6reningar<\/li><li>Ideella f\u00f6reningar<\/li><\/ul>\n\n\n\n<p>Vi har gedigen erfarenhet av bostadsr\u00e4ttsf\u00f6reningar och vi har m\u00f6jlighet att ta nya uppdrag.<\/p>\n\n\n\n<p><a href=\"http:\/\/ekonomibolaget.se\/wprs\/services\/revision\/revision-tjansteproduktblad\/\">Tj\u00e4nsteproduktblad &#8211; Revision<\/a><\/p>\n\n\n\n<h3>Kontakter mot revisor i samband med revision<\/h3>\n\n\n\n<p>N\u00e4r vi uppr\u00e4ttar \u00e5rsredovisningar har vi vanligtvis \u00e4ven kontakt med den som reviderar \u00e5rsredovisningen. V\u00e5rt m\u00e5l \u00e4r att ta fram ett s\u00e5 bra och l\u00e4ttreviderat material som m\u00f6jligt.<\/p>\n\n\n\n<p>Se \u00e4ven: <a href=\"https:\/\/ekonomibolaget.se\/wprs\/services\/revision\/dubbelsammankoppling-i-fortnox-for-revisor\/\" data-type=\"page\" data-id=\"508\">Dubbelsammankoppling i Fortnox f\u00f6r revisor<\/a>.<\/p>\n","protected":false},"excerpt":{"rendered":"<p>Vi kan revidera \u00e5rsredovisningar d\u00e4r det saknas krav p\u00e5 auktoriserad \/ godk\u00e4nd revisor. De flesta bostadsr\u00e4ttsf\u00f6reningar beh\u00f6ver t ex ingen auktoriserad revisor. Det inneb\u00e4r att vi t ex kan revidera \u00e5rsredovisningar i bl a: Bostadsr\u00e4ttsf\u00f6reningar (mindre) Samf\u00e4llighetsf\u00f6reningar Ideella f\u00f6reningar Vi har gedigen erfarenhet av bostadsr\u00e4ttsf\u00f6reningar och vi har m\u00f6jlighet att ta nya uppdrag. Tj\u00e4nsteproduktblad &#8211; &hellip; <a href=\"https:\/\/ekonomibolaget.se\/wprs\/services\/revision\/\" class=\"more-link\">Forts\u00e4tt l\u00e4sa<span class=\"screen-reader-text\"> &#8221;Revision&#8221;<\/span><\/a><\/p>\n","protected":false},"author":1,"featured_media":0,"parent":2,"menu_order":200,"comment_status":"closed","ping_status":"closed","template":"","meta":[],"_links":{"self":[{"href":"https:\/\/ekonomibolaget.se\/wprs\/wp-json\/wp\/v2\/pages\/56"}],"collection":[{"href":"https:\/\/ekonomibolaget.se\/wprs\/wp-json\/wp\/v2\/pages"}],"about":[{"href":"https:\/\/ekonomibolaget.se\/wprs\/wp-json\/wp\/v2\/types\/page"}],"author":[{"embeddable":true,"href":"https:\/\/ekonomibolaget.se\/wprs\/wp-json\/wp\/v2\/users\/1"}],"replies":[{"embeddable":true,"href":"https:\/\/ekonomibolaget.se\/wprs\/wp-json\/wp\/v2\/comments?post=56"}],"version-history":[{"count":6,"href":"https:\/\/ekonomibolaget.se\/wprs\/wp-json\/wp\/v2\/pages\/56\/revisions"}],"predecessor-version":[{"id":795,"href":"https:\/\/ekonomibolaget.se\/wprs\/wp-json\/wp\/v2\/pages\/56\/revisions\/795"}],"up":[{"embeddable":true,"href":"https:\/\/ekonomibolaget.se\/wprs\/wp-json\/wp\/v2\/pages\/2"}],"wp:attachment":[{"href":"https:\/\/ekonomibolaget.se\/wprs\/wp-json\/wp\/v2\/media?parent=56"}],"curies":[{"name":"wp","href":"https:\/\/api.w.org\/{rel}","templated":true}]}}