{"id":573,"date":"2021-03-03T13:16:46","date_gmt":"2021-03-03T12:16:46","guid":{"rendered":"http:\/\/ekonomibolaget.se\/wprs\/?page_id=573"},"modified":"2023-08-18T10:45:20","modified_gmt":"2023-08-18T08:45:20","slug":"fakturor-skapas-fran-utbetalningsinformation-svea","status":"publish","type":"page","link":"https:\/\/ekonomibolaget.se\/wprs\/services\/redovisning\/betalvaxlar\/svea-bank\/avstamning\/svea-fortnox\/fakturor-skapas-fran-utbetalningsinformation-svea\/","title":{"rendered":"Fakturor skapas fr\u00e5n utbetalningsinformation (Svea)"},"content":{"rendered":"\n<p>Denna integration skapar fakturor i Fortnox utifr\u00e5n den information som tidigare lagts in i Webpay. Denna integration g\u00f6r att man inte beh\u00f6ver ha en koppling mellan webshop och Fortnox utan informationen till Fortnox h\u00e4mtas fr\u00e5n Webpay. Webpay har i sin tur f\u00e5tt sin information fr\u00e5n en integration mellan webshop och Webpay.<\/p>\n\n\n\n<p>Denna integration hanterar i dagsl\u00e4get svensk f\u00f6rs\u00e4ljning och delar upp f\u00f6rs\u00e4ljningen mellan olika momssatser ifall flera momssatser f\u00f6rekommer.<\/p>\n\n\n\n<p>Oms\u00e4ttningskontona v\u00e4ljs genom att integrationen tar det f\u00f6rsta kontot i kontoplanen (numerisk ordning) med korrekt momskod.<\/p>\n\n\n\n<p>T ex det f\u00f6rsta kontot i Fortnox-standardkontoplan 2021 med 6% moms heter 3003.  Om man vill \u00e4ndra detta f\u00e5r man justera s\u00e5 att det konto man vill anv\u00e4nda blir det f\u00f6rsta kontot med ber\u00f6rd momskod.<\/p>\n\n\n\n<p>OBS! Momsen anges av webbshoppen och kommuniceras till Webpay d\u00e4r integrationen i sin tur h\u00e4mtar informationen. Om det blir fel moms (t ex ingen moms) beh\u00f6ver man se \u00f6ver hur informationen skickas till Webpay. Ett vanligt fel \u00e4r att man g\u00f6r krediteringar utan att ange moms.<\/p>\n\n\n\n<p>Denna integrationstyp \u00e4r k\u00e4nslig f\u00f6r inkorrekta momssatser. Om momssatserna i procent avviker fr\u00e5n aktuella momssatser, dvs 25, 12, 6 och 0% kan fakturor ej skapas.<\/p>\n\n\n\n<p>Kunder importeras fr\u00e5n Webpay och l\u00e4ggs upp i Fortnox. Fakturor kopplas i sin tur till kunderna.<\/p>\n\n\n\n<p>Detta g\u00f6r att f\u00f6rs\u00e4ljningen l\u00e4tt kan f\u00f6ljas i Fortnox.<\/p>\n\n\n\n<p>Integrationen har i dagsl\u00e4get ingen artikelintegration utan f\u00f6rs\u00e4ljningen f\u00f6rs \u00f6ver p\u00e5 kund och momsniv\u00e5.<\/p>\n\n\n\n<p>Integrationen har i dagsl\u00e4get ej st\u00f6d f\u00f6r ROT\/RUT f\u00f6r privatpersoner eller EU-f\u00f6rs\u00e4ljning \/ export till f\u00f6retag.<\/p>\n\n\n\n<p>Klienter som har denna integration och som har EU-f\u00f6rs\u00e4ljning, export ROT\/RUT l\u00f6ser det genom att manuellt g\u00f6ra om ber\u00f6rda fakturor. Detta \u00e4r g\u00f6rbart vid mindre kvantiteter. F\u00f6r st\u00f6rre kvantiteter avr\u00e5der vi fr\u00e5n anv\u00e4ndning av denna integrationstyp. Se ist\u00e4llet integrationstypen <a href=\"https:\/\/ekonomibolaget.se\/wprs\/services\/lopande-redovisning\/betalvaxlar\/svea-webpay\/automatisk-avstamning-svea-webpay\/svea-webpay-fortnox\/automatisk-avprickning-av-betalningar-svea\/\" data-type=\"page\" data-id=\"575\">Avprickning<\/a>.<\/p>\n","protected":false},"excerpt":{"rendered":"<p>Denna integration skapar fakturor i Fortnox utifr\u00e5n den information som tidigare lagts in i Webpay. Denna integration g\u00f6r att man inte beh\u00f6ver ha en koppling mellan webshop och Fortnox utan informationen till Fortnox h\u00e4mtas fr\u00e5n Webpay. Webpay har i sin tur f\u00e5tt sin information fr\u00e5n en integration mellan webshop och Webpay. Denna integration hanterar i &hellip; <a href=\"https:\/\/ekonomibolaget.se\/wprs\/services\/redovisning\/betalvaxlar\/svea-bank\/avstamning\/svea-fortnox\/fakturor-skapas-fran-utbetalningsinformation-svea\/\" class=\"more-link\">Forts\u00e4tt l\u00e4sa<span class=\"screen-reader-text\"> &#8221;Fakturor skapas fr\u00e5n utbetalningsinformation (Svea)&#8221;<\/span><\/a><\/p>\n","protected":false},"author":1,"featured_media":0,"parent":482,"menu_order":0,"comment_status":"closed","ping_status":"closed","template":"","meta":[],"_links":{"self":[{"href":"https:\/\/ekonomibolaget.se\/wprs\/wp-json\/wp\/v2\/pages\/573"}],"collection":[{"href":"https:\/\/ekonomibolaget.se\/wprs\/wp-json\/wp\/v2\/pages"}],"about":[{"href":"https:\/\/ekonomibolaget.se\/wprs\/wp-json\/wp\/v2\/types\/page"}],"author":[{"embeddable":true,"href":"https:\/\/ekonomibolaget.se\/wprs\/wp-json\/wp\/v2\/users\/1"}],"replies":[{"embeddable":true,"href":"https:\/\/ekonomibolaget.se\/wprs\/wp-json\/wp\/v2\/comments?post=573"}],"version-history":[{"count":7,"href":"https:\/\/ekonomibolaget.se\/wprs\/wp-json\/wp\/v2\/pages\/573\/revisions"}],"predecessor-version":[{"id":732,"href":"https:\/\/ekonomibolaget.se\/wprs\/wp-json\/wp\/v2\/pages\/573\/revisions\/732"}],"up":[{"embeddable":true,"href":"https:\/\/ekonomibolaget.se\/wprs\/wp-json\/wp\/v2\/pages\/482"}],"wp:attachment":[{"href":"https:\/\/ekonomibolaget.se\/wprs\/wp-json\/wp\/v2\/media?parent=573"}],"curies":[{"name":"wp","href":"https:\/\/api.w.org\/{rel}","templated":true}]}}