{"id":577,"date":"2021-03-03T13:18:26","date_gmt":"2021-03-03T12:18:26","guid":{"rendered":"http:\/\/ekonomibolaget.se\/wprs\/?page_id=577"},"modified":"2025-03-04T13:51:18","modified_gmt":"2025-03-04T12:51:18","slug":"dagliga-forsaljnings-och-betalverifikat-samlingsverifikat-svea","status":"publish","type":"page","link":"https:\/\/ekonomibolaget.se\/wprs\/services\/redovisning\/betalvaxlar\/svea-bank\/avstamning\/svea-fortnox\/dagliga-forsaljnings-och-betalverifikat-samlingsverifikat-svea\/","title":{"rendered":"Dagliga f\u00f6rs\u00e4ljnings- och betalverifikat (Svea)"},"content":{"rendered":"\n<p>Med dagliga f\u00f6rs\u00e4ljnings- och betalverifikat s\u00e5 bokf\u00f6rs f\u00f6rs\u00e4ljningen fr\u00e5n Webpay i s.k. samlingsverifikat. Samlingsverifikatet inneh\u00e5ller dagens oms\u00e4ttning uppdelat p\u00e5 momstyper, in- och utg\u00e5ende moms, avgifter och utbetalningen fr\u00e5n Webpay.<\/p>\n\n\n\n<p>Till f\u00f6rs\u00e4ljningsverifikatet kopplas en PDF som listar ordrar och kunder vars f\u00f6rs\u00e4ljning ing\u00e5r i verifikatet.<\/p>\n\n\n\n<p>N\u00e4r man har en l\u00f6sning som ovan brukar man s\u00e4ga att ordersystemet \/ Webpay \u00e4r ett s.k. f\u00f6rsystem till Fortnox. Detaljerna runt alla transaktioner sparas d\u00e5 inte i Fortnox utan i f\u00f6rsystemet. F\u00f6r att man skall f\u00f6lja bokf\u00f6ringslagens krav p\u00e5 sp\u00e5rbarhet skall man kunna h\u00e4rleda samlingsbeloppen till de enskilda transaktionerna. Det \u00e4r allts\u00e5 inget krav p\u00e5 att alla detaljer skall finnas i bokf\u00f6ringen i Fortnox utan kravet \u00e4r att siffrorna skall g\u00e5 att h\u00e4rleda.<\/p>\n\n\n\n<p>Se \u00e4ven <a href=\"https:\/\/lagen.nu\/1999:1078#K5P6S3\" target=\"_blank\" rel=\"noreferrer noopener\">Bokf\u00f6ringslagen 5 kap 6 \u00a7<\/a>.<\/p>\n\n\n\n<p>Man kan via <a rel=\"noreferrer noopener\" href=\"https:\/\/paymentadmin.svea.com\/\" target=\"_blank\">Payment Admin<\/a> h\u00e4rleda exakt vilka transaktioner som ing\u00e5r i verifikatet.<\/p>\n\n\n\n<p>Detta alternativ kan vara bra d\u00e5 man inte anv\u00e4nder Fortnox f\u00f6r att hantera kundordrar \/ kunder.<\/p>\n\n\n\n<h3>Int\u00e4ktsredovisning<\/h3>\n\n\n\n<p>Samlingsverifikaten bokf\u00f6r int\u00e4kten p\u00e5 den dag d\u00e5 Svea Ekonomi g\u00f6r utbetalningen.<\/p>\n\n\n\n<p>Order som betalas via faktura utbetalas normalt n\u00e4r man har markerat ordern som levererad. Detta g\u00f6r att int\u00e4kten bokf\u00f6rs samtidigt som utleveransen vilket \u00e4r enligt god redovisningssed. En f\u00f6rs\u00e4ljning skall generellt ej bokf\u00f6ras innan den \u00e4r uppfylld, dvs man tar inte int\u00e4kten innan man tagit motsvarande f\u00f6rs\u00e4ljningskostnad (undantag finns givetvis). Att boka f\u00f6rs\u00e4ljningen p\u00e5 orderdatum d\u00e4rf\u00f6r normalt sett inte r\u00e4ttvisande s\u00e5 l\u00e4nge den inte \u00e4r levererad samma dag.<\/p>\n\n\n\n<p>Om man ser till att kortbetalningar reserveras vid orderl\u00e4ggning och slutf\u00f6rs vid leverans blir int\u00e4ktsredovisningen korrekt \u00e4ven vid kortbetalning.<\/p>\n\n\n\n<h3 id=\"kontering\">Kontering<\/h3>\n\n\n\n<p>Oms\u00e4ttningskontona v\u00e4ljs utifr\u00e5n momssatsen p\u00e5 orderraderna. Om det \u00e4r avvikande momssatser (dvs ej svenska) kommer inl\u00e4sningen inte att fungera. <\/p>\n\n\n\n<p>Har ni momsf\u00f6ruts\u00e4ttningar som inneb\u00e4r annat \u00e4n enbart svensk moms kan denna integration inte skapa upp s\u00e5dan oms\u00e4ttning p\u00e5 ett tillf\u00f6rlitligt s\u00e4tt d\u00e5 det beh\u00f6vs fler parametrar \u00e4n vad som \u00e4r tillg\u00e4ngligt f\u00f6r integrationen.<\/p>\n\n\n\n<p>Mappningen fr\u00e5n momssats till bokf\u00f6ringskonto g\u00f6rs utifr\u00e5n inst\u00e4llningarna i Fortnox (Inst\u00e4llningar -&gt; Bokf\u00f6ring)<\/p>\n\n\n\n<figure class=\"wp-block-image size-large\"><img loading=\"lazy\" width=\"762\" height=\"596\" src=\"https:\/\/ekonomibolaget.se\/wprs\/wp-content\/uploads\/2023\/04\/image.png\" alt=\"\" class=\"wp-image-686\" srcset=\"https:\/\/ekonomibolaget.se\/wprs\/wp-content\/uploads\/2023\/04\/image.png 762w, https:\/\/ekonomibolaget.se\/wprs\/wp-content\/uploads\/2023\/04\/image-300x235.png 300w\" sizes=\"(max-width: 762px) 85vw, 762px\" \/><\/figure>\n\n\n\n<p><\/p>\n\n\n\n<p>Dessa inst\u00e4llningar \u00e4r konton som v\u00e4ljs om man inte anv\u00e4nder sig av artiklar eller det finns n\u00e5got annat som styr vilket konto som skall anv\u00e4ndas.<\/p>\n\n\n\n<p>Om ni inte ser n\u00e5got val f\u00f6r 12%, 6% och 0% s\u00e5 har ni en \u00e4ldre momshantering i Fortnox. D\u00e5 v\u00e4ljs det f\u00f6rsta kontot i kontoplanen med passande momssats.<\/p>\n\n\n\n<p>Det finns \u00e4ven m\u00f6jlighet att s\u00e4tta resultatenhet p\u00e5 de verifikat som skapas. Kontakta d\u00e5 Svea Bank f\u00f6r att st\u00e4lla in resultatenhet.<\/p>\n","protected":false},"excerpt":{"rendered":"<p>Med dagliga f\u00f6rs\u00e4ljnings- och betalverifikat s\u00e5 bokf\u00f6rs f\u00f6rs\u00e4ljningen fr\u00e5n Webpay i s.k. samlingsverifikat. Samlingsverifikatet inneh\u00e5ller dagens oms\u00e4ttning uppdelat p\u00e5 momstyper, in- och utg\u00e5ende moms, avgifter och utbetalningen fr\u00e5n Webpay. Till f\u00f6rs\u00e4ljningsverifikatet kopplas en PDF som listar ordrar och kunder vars f\u00f6rs\u00e4ljning ing\u00e5r i verifikatet. N\u00e4r man har en l\u00f6sning som ovan brukar man s\u00e4ga att &hellip; <a href=\"https:\/\/ekonomibolaget.se\/wprs\/services\/redovisning\/betalvaxlar\/svea-bank\/avstamning\/svea-fortnox\/dagliga-forsaljnings-och-betalverifikat-samlingsverifikat-svea\/\" class=\"more-link\">Forts\u00e4tt l\u00e4sa<span class=\"screen-reader-text\"> &#8221;Dagliga f\u00f6rs\u00e4ljnings- och betalverifikat (Svea)&#8221;<\/span><\/a><\/p>\n","protected":false},"author":1,"featured_media":0,"parent":482,"menu_order":0,"comment_status":"closed","ping_status":"closed","template":"","meta":[],"_links":{"self":[{"href":"https:\/\/ekonomibolaget.se\/wprs\/wp-json\/wp\/v2\/pages\/577"}],"collection":[{"href":"https:\/\/ekonomibolaget.se\/wprs\/wp-json\/wp\/v2\/pages"}],"about":[{"href":"https:\/\/ekonomibolaget.se\/wprs\/wp-json\/wp\/v2\/types\/page"}],"author":[{"embeddable":true,"href":"https:\/\/ekonomibolaget.se\/wprs\/wp-json\/wp\/v2\/users\/1"}],"replies":[{"embeddable":true,"href":"https:\/\/ekonomibolaget.se\/wprs\/wp-json\/wp\/v2\/comments?post=577"}],"version-history":[{"count":11,"href":"https:\/\/ekonomibolaget.se\/wprs\/wp-json\/wp\/v2\/pages\/577\/revisions"}],"predecessor-version":[{"id":900,"href":"https:\/\/ekonomibolaget.se\/wprs\/wp-json\/wp\/v2\/pages\/577\/revisions\/900"}],"up":[{"embeddable":true,"href":"https:\/\/ekonomibolaget.se\/wprs\/wp-json\/wp\/v2\/pages\/482"}],"wp:attachment":[{"href":"https:\/\/ekonomibolaget.se\/wprs\/wp-json\/wp\/v2\/media?parent=577"}],"curies":[{"name":"wp","href":"https:\/\/api.w.org\/{rel}","templated":true}]}}